{"id":5181,"date":"2025-08-07T20:07:36","date_gmt":"2025-08-08T00:07:36","guid":{"rendered":"https:\/\/www.noxgaming.ca\/product\/moza-active-shifter-knobs\/"},"modified":"2026-04-17T13:42:13","modified_gmt":"2026-04-17T17:42:13","slug":"moza-active-shifter-knobs","status":"publish","type":"product","link":"https:\/\/www.noxgaming.ca\/fr\/product\/moza-active-shifter-knobs\/","title":{"rendered":"Pommeaux pour bras de vitesse actif MOZA"},"content":{"rendered":"<p>Fais l'exp\u00e9rience du prochain niveau de changement de vitesse r\u00e9aliste avec le MOZA Active Shifter - le premier shifter \u00e0 retour de force de l'industrie aliment\u00e9 par deux servomoteurs. Avec un couple de pointe de 12 Nm, il offre des clics d'enclenchement, une r\u00e9sistance et des vibrations r\u00e9alistes pour une immersion maximale. Plusieurs modes de changement de vitesse (en H, s\u00e9quentiel et avec frein \u00e0 main) peuvent \u00eatre chang\u00e9s instantan\u00e9ment, tandis que le logiciel MOZA Pit House permet une personnalisation compl\u00e8te de la r\u00e9sistance et de la sensation du changement de vitesse. Fabriqu\u00e9 en alliage d'aluminium de qualit\u00e9 a\u00e9rospatiale, ce shifter est con\u00e7u pour la performance et la durabilit\u00e9. Compatible avec les PC, aucun plugin suppl\u00e9mentaire n'est n\u00e9cessaire.<\/p>","protected":false},"excerpt":{"rendered":"<p>Experience the next level of realistic gear shifting with the MOZA Active Shifter \u2013 the industry\u2019s first force feedback shifter powered by dual servo motors. With 12Nm peak torque, it delivers lifelike engagement clicks, resistance, and vibration feedback for maximum immersion. Multiple gear modes (H-pattern, sequential, and handbrake) can be switched instantly, while MOZA Pit [&hellip;]<\/p>\n","protected":false},"featured_media":5182,"template":"","meta":{"_acf_changed":false},"product_brand":[516],"product_cat":[489,481],"product_tag":[345,412,413,335,341],"class_list":{"0":"post-5181","1":"product","2":"type-product","3":"status-publish","4":"has-post-thumbnail","6":"product_brand-moza-racing","7":"product_cat-gear-and-brake-levers","8":"product_cat-sim-racing-accessories","9":"product_tag-gear-and-brake-levers","10":"product_tag-moza","11":"product_tag-moza-racing","12":"product_tag-sim-racing","13":"product_tag-sim-racing-accessories","15":"first","16":"instock","17":"taxable","18":"shipping-taxable","19":"purchasable","20":"product-type-simple"},"acf":[],"_links":{"self":[{"href":"https:\/\/www.noxgaming.ca\/fr\/wp-json\/wp\/v2\/product\/5181","targetHints":{"allow":["GET"]}}],"collection":[{"href":"https:\/\/www.noxgaming.ca\/fr\/wp-json\/wp\/v2\/product"}],"about":[{"href":"https:\/\/www.noxgaming.ca\/fr\/wp-json\/wp\/v2\/types\/product"}],"wp:featuredmedia":[{"embeddable":true,"href":"https:\/\/www.noxgaming.ca\/fr\/wp-json\/wp\/v2\/media\/5182"}],"wp:attachment":[{"href":"https:\/\/www.noxgaming.ca\/fr\/wp-json\/wp\/v2\/media?parent=5181"}],"wp:term":[{"taxonomy":"product_brand","embeddable":true,"href":"https:\/\/www.noxgaming.ca\/fr\/wp-json\/wp\/v2\/product_brand?post=5181"},{"taxonomy":"product_cat","embeddable":true,"href":"https:\/\/www.noxgaming.ca\/fr\/wp-json\/wp\/v2\/product_cat?post=5181"},{"taxonomy":"product_tag","embeddable":true,"href":"https:\/\/www.noxgaming.ca\/fr\/wp-json\/wp\/v2\/product_tag?post=5181"}],"curies":[{"name":"wp","href":"https:\/\/api.w.org\/{rel}","templated":true}]}}