{"id":5127,"date":"2025-07-23T16:25:09","date_gmt":"2025-07-23T20:25:09","guid":{"rendered":"https:\/\/www.noxgaming.ca\/product\/quasar-gaming-pc\/"},"modified":"2026-04-17T13:43:49","modified_gmt":"2026-04-17T17:43:49","slug":"quasar-gaming-pc","status":"publish","type":"product","link":"https:\/\/www.noxgaming.ca\/fr\/product\/quasar-gaming-pc\/","title":{"rendered":"NOX Gaming QUASAR (AMD RYZEN 7 7800X3D - NVIDIA GeForce RTX 5070 12 Go - 32 Go DDR5 - 1 To NVMe SSD)"},"content":{"rendered":"<p data-start=\"190\" data-end=\"696\"><strong data-start=\"190\" data-end=\"345\">Plonge dans une nouvelle \u00e8re de performances avec le PC QUASAR de NOX Gaming, con\u00e7u pour les amateurs de puissance, de fluidit\u00e9 et d'esth\u00e9tique.<\/strong> Con\u00e7u pour offrir une exp\u00e9rience de jeu haut de gamme, le QUASAR est l'outil id\u00e9al pour ceux qui veulent jouer aux derniers jeux AAA en 1440p ou 4K, streamer sans latence ou cr\u00e9er du contenu sans ralentissement. Il combine une puissance de calcul impressionnante avec une stabilit\u00e9 \u00e0 toute \u00e9preuve, le tout dans un ch\u00e2ssis au design \u00e9l\u00e9gant et moderne<\/p>\n<p data-start=\"1409\" data-end=\"1732\">Garantie 3 ans par NOX Gaming pour les pi\u00e8ces et la main d'\u0153uvre.<\/p>\n<p>&nbsp;<\/p>","protected":false},"excerpt":{"rendered":"<p data-start=\"271\" data-end=\"369\"><strong data-start=\"348\" data-end=\"369\">PC de jeu GARANTI 3 ANS - Pi\u00e8ces et main d'oeuvre.<\/strong><\/p>\n<p data-start=\"371\" data-end=\"684\">Entre dans une nouvelle dimension avec le <strong data-start=\"413\" data-end=\"434\">NOX Gaming Quasar<\/strong> : une machine construite pour la performance, con\u00e7ue pour dominer sans compromis. Propuls\u00e9e par son processeur Ryzen 7 7800X3D et sa carte graphique RTX 5070 de 12 Go.<\/p>\n<p data-start=\"686\" data-end=\"768\">Pr\u00e9pare-toi \u00e0 faire tourner ta configuration \u00e0 plein r\u00e9gime d\u00e8s que tu ouvriras ton nouveau PC de jeu :<\/p>\n<p data-start=\"770\" data-end=\"970\">- Windows correctement install\u00e9, activ\u00e9 et \u00e0 jour<br data-start=\"817\" data-end=\"820\" \/>- Pilotes enti\u00e8rement configur\u00e9s<br data-start=\"852\" data-end=\"855\" \/>- Antivirus en place<br data-start=\"875\" data-end=\"878\" \/>- Test\u00e9 et mis \u00e0 l'\u00e9preuve par nos techniciens<br data-start=\"921\" data-end=\"924\" \/>- Pr\u00eat \u00e0 jouer, avec une assistance \u00e0 distance gratuite<\/p>\n<p data-start=\"972\" data-end=\"1068\">Le Quasar est plus qu'un PC. C'est ton arme ultime pour briser les limites du jeu et t'\u00e9lever vers une toute nouvelle dimension.<\/p>\n<p data-start=\"972\" data-end=\"1068\"><a href=\"https:\/\/noxgaming.ca\/en\/gaming-pc\/#prebuilt\">Tous les PC de jeu pr\u00e9fabriqu\u00e9s<\/a><\/p>\n<p>&nbsp;<\/p>","protected":false},"featured_media":5128,"template":"","meta":{"_acf_changed":false},"product_brand":[313],"product_cat":[455],"product_tag":[315,316,317,318,541,319],"class_list":{"0":"post-5127","1":"product","2":"type-product","3":"status-publish","4":"has-post-thumbnail","6":"product_brand-nox-gaming","7":"product_cat-gaming-pc","8":"product_tag-gaming-pc","9":"product_tag-nbf25","10":"product_tag-nox-gaming","11":"product_tag-pcs","12":"product_tag-preconfigured","13":"product_tag-tagbf25","15":"first","16":"instock","17":"sale","18":"taxable","19":"shipping-taxable","20":"purchasable","21":"product-type-composite"},"acf":[],"_links":{"self":[{"href":"https:\/\/www.noxgaming.ca\/fr\/wp-json\/wp\/v2\/product\/5127","targetHints":{"allow":["GET"]}}],"collection":[{"href":"https:\/\/www.noxgaming.ca\/fr\/wp-json\/wp\/v2\/product"}],"about":[{"href":"https:\/\/www.noxgaming.ca\/fr\/wp-json\/wp\/v2\/types\/product"}],"wp:featuredmedia":[{"embeddable":true,"href":"https:\/\/www.noxgaming.ca\/fr\/wp-json\/wp\/v2\/media\/5128"}],"wp:attachment":[{"href":"https:\/\/www.noxgaming.ca\/fr\/wp-json\/wp\/v2\/media?parent=5127"}],"wp:term":[{"taxonomy":"product_brand","embeddable":true,"href":"https:\/\/www.noxgaming.ca\/fr\/wp-json\/wp\/v2\/product_brand?post=5127"},{"taxonomy":"product_cat","embeddable":true,"href":"https:\/\/www.noxgaming.ca\/fr\/wp-json\/wp\/v2\/product_cat?post=5127"},{"taxonomy":"product_tag","embeddable":true,"href":"https:\/\/www.noxgaming.ca\/fr\/wp-json\/wp\/v2\/product_tag?post=5127"}],"curies":[{"name":"wp","href":"https:\/\/api.w.org\/{rel}","templated":true}]}}