{"id":5062,"date":"2025-06-20T18:07:47","date_gmt":"2025-06-20T22:07:47","guid":{"rendered":"https:\/\/www.noxgaming.ca\/product\/simnet-hpm-r\/"},"modified":"2026-04-17T13:44:11","modified_gmt":"2026-04-17T17:44:11","slug":"simnet-hpm-r","status":"publish","type":"product","link":"https:\/\/www.noxgaming.ca\/fr\/product\/simnet-hpm-r\/","title":{"rendered":"SimNet Haptic Rumble Motor - HPM-R avec support"},"content":{"rendered":"<h2>Moteur Haptique SimNet - HPM-R<\/h2>\n<h4>HPM-R Moteur de vibration haptique avec support<\/h4>\n<p><strong>SimNet<\/strong> \u2018s <strong>HPM-R (Haptic Rumble Motor)<\/strong> est con\u00e7u pour offrir des vibrations r\u00e9alistes qui imitent les textures de la route, les bandes rugueuses, les r\u00e9actions du moteur et d'autres irr\u00e9gularit\u00e9s de la surface de la piste. Ce moteur haptique dynamique reproduit les sensations ressenties par un conducteur interagissant avec la piste, ajoutant ainsi une nouvelle dimension immersive \u00e0 ton. <strong>simracing<\/strong> l'exp\u00e9rience. <\/p>\n<h3>Caract\u00e9ristiques principales :<\/h3>\n<ul>\n<li><strong>Objectif<\/strong>: Le <strong>Moteur de vibration haptique<\/strong> transmet des vibrations qui reproduisent les textures de la route, les bandes rugueuses, les r\u00e9actions du moteur et les irr\u00e9gularit\u00e9s de la piste.<\/li>\n<li><strong>Meilleur pour<\/strong>: Les conducteurs qui cherchent \u00e0 ressentir les r\u00e9actions dynamiques de la piste, comme les textures de la chauss\u00e9e, les bords et les forces d'acc\u00e9l\u00e9ration\/d\u00e9c\u00e9l\u00e9ration.<\/li>\n<li><strong>Exp\u00e9rience de conduite<\/strong>: Avec ce moteur, tu peux sentir toutes les surfaces que tu croises, des routes lisses aux bords de piste rugueux. Le moteur \u00e0 vibrations simule les r\u00e9actions du moteur et les bruits de la piste directement \u00e0 travers tes p\u00e9dales, ce qui rend l'exp\u00e9rience de la course plus immersive et plus engageante. <\/li>\n<\/ul>\n<p>Le <strong>HPM-R<\/strong> est un excellent choix pour les simracers qui souhaitent renforcer l'immersion de leurs sessions en ressentant pleinement les d\u00e9tails de la piste, am\u00e9liorant ainsi la pr\u00e9cision de leur conduite.<\/p>\n<p>&nbsp;<\/p>\n<h2>Support de montage du moteur haptique SimNet<\/h2>\n<p>Le <strong>Support de montage du moteur haptique SimNet<\/strong> est une solution de montage de haute pr\u00e9cision, sp\u00e9cialement con\u00e7ue pour fixer solidement les moteurs haptiques SimNet \u00e0 ton installation de p\u00e9dales, permettant une int\u00e9gration transparente des composants haptiques afin d'am\u00e9liorer la qualit\u00e9 de ton travail. <strong>simracing<\/strong> avec un retour d'information pr\u00e9cis et immersif.<\/p>\n<h3>Caract\u00e9ristiques principales :<\/h3>\n<p>Con\u00e7u sp\u00e9cifiquement pour <strong>SimNet<\/strong> p\u00e9dales, ce qui garantit un ajustement parfait et un emplacement optimal pour tes moteurs haptiques.<\/p>\n<ul>\n<li><strong>Construction robuste et fiable<\/strong>: Fabriqu\u00e9 \u00e0 partir de mat\u00e9riaux de haute qualit\u00e9, ce support est con\u00e7u pour offrir un ajustement solide et durable \u00e0 tes moteurs haptiques, m\u00eame dans des conditions de course intenses.<\/li>\n<li><strong>Con\u00e7u pour les moteurs haptiques SimNet<\/strong>: Ce support est compatible avec tous les moteurs haptiques SimNet, y compris le <strong>HPM-R<\/strong> (Moteur \u00e0 bourdonnement), <strong>HPM-L<\/strong> (Moteur lin\u00e9aire) et <strong>PTT<\/strong> (Pedal Tactile Transducer), ce qui garantit une int\u00e9gration parfaite et des performances optimales.<\/li>\n<li><strong>Installation facile<\/strong>: Gr\u00e2ce \u00e0 sa conception simple et intuitive, le support peut \u00eatre install\u00e9 rapidement et facilement sur ton syst\u00e8me de p\u00e9dales, ce qui te permet d'\u00e9conomiser du temps et des efforts.<\/li>\n<li><strong>Conception compacte et efficace<\/strong>: Le design discret du support permet de ne pas prendre de place inutilement, tout en conservant l'aspect propre et professionnel de ton... <strong>simracing<\/strong> configuration.<\/li>\n<\/ul>\n<p>Ce support est essentiel pour les simracers qui souhaitent int\u00e9grer un retour haptique pr\u00e9cis et r\u00e9actif \u00e0 leur syst\u00e8me de p\u00e9dales, am\u00e9liorant ainsi le r\u00e9alisme et la performance de leur exp\u00e9rience de course.<\/p>","protected":false},"excerpt":{"rendered":"<p>SimNet Haptic Rumble Motor &#8211; HPM-R HPM-R Haptic Rumble Motor with mount SimNet &#8216;s HPM-R (Haptic Rumble Motor) is designed to deliver realistic vibrations that mimic road textures, rumble strips, engine feedback and other irregularities in the track surface. This dynamic haptic engine reproduces the sensations felt by a driver interacting with the track, adding [&hellip;]<\/p>\n","protected":false},"featured_media":5063,"template":"","meta":{"_acf_changed":false},"product_brand":[409],"product_cat":[503],"product_tag":[346,340,342,335,341,410],"class_list":{"0":"post-5062","1":"product","2":"type-product","3":"status-publish","4":"has-post-thumbnail","6":"product_brand-simnet","7":"product_cat-haptic-motors","8":"product_tag-haptics","9":"product_tag-pedal-accessories","10":"product_tag-pedals","11":"product_tag-sim-racing","12":"product_tag-sim-racing-accessories","13":"product_tag-simnet","15":"first","16":"instock","17":"taxable","18":"shipping-taxable","19":"purchasable","20":"product-type-simple"},"acf":[],"_links":{"self":[{"href":"https:\/\/www.noxgaming.ca\/fr\/wp-json\/wp\/v2\/product\/5062","targetHints":{"allow":["GET"]}}],"collection":[{"href":"https:\/\/www.noxgaming.ca\/fr\/wp-json\/wp\/v2\/product"}],"about":[{"href":"https:\/\/www.noxgaming.ca\/fr\/wp-json\/wp\/v2\/types\/product"}],"wp:featuredmedia":[{"embeddable":true,"href":"https:\/\/www.noxgaming.ca\/fr\/wp-json\/wp\/v2\/media\/5063"}],"wp:attachment":[{"href":"https:\/\/www.noxgaming.ca\/fr\/wp-json\/wp\/v2\/media?parent=5062"}],"wp:term":[{"taxonomy":"product_brand","embeddable":true,"href":"https:\/\/www.noxgaming.ca\/fr\/wp-json\/wp\/v2\/product_brand?post=5062"},{"taxonomy":"product_cat","embeddable":true,"href":"https:\/\/www.noxgaming.ca\/fr\/wp-json\/wp\/v2\/product_cat?post=5062"},{"taxonomy":"product_tag","embeddable":true,"href":"https:\/\/www.noxgaming.ca\/fr\/wp-json\/wp\/v2\/product_tag?post=5062"}],"curies":[{"name":"wp","href":"https:\/\/api.w.org\/{rel}","templated":true}]}}