{"id":5059,"date":"2025-06-20T18:07:54","date_gmt":"2025-06-20T22:07:54","guid":{"rendered":"https:\/\/www.noxgaming.ca\/product\/simnet-sp-pro-loadcell-2-pedals\/"},"modified":"2026-04-17T13:44:07","modified_gmt":"2026-04-17T17:44:07","slug":"simnet-sp-pro-loadcell-2-pedals","status":"publish","type":"product","link":"https:\/\/www.noxgaming.ca\/fr\/product\/simnet-sp-pro-loadcell-2-pedals\/","title":{"rendered":"SimNet SP Pro Loadcell 2 P\u00e9dales"},"content":{"rendered":"<h2>SimNet SP Pro Loadcell 2 P\u00e9dales<\/h2>\n<p>Am\u00e9liore ton <strong>simracing<\/strong> exp\u00e9rience avec <strong>SimNet SP Pro Loadcell 2 P\u00e9dales<\/strong>, Le programme est con\u00e7u pour fournir \u00e0 la fois des services d'information et des services de conseil. <strong>pr\u00e9cision<\/strong> et <strong>performance<\/strong>. Fabriqu\u00e9es pour reproduire un r\u00e9alisme ultime, ces p\u00e9dales offrent un niveau de r\u00e9glage et de personnalisation in\u00e9gal\u00e9 pour s'adapter \u00e0 tous les styles de conduite.<\/p>\n<p><em><strong>Inclut le bo\u00eetier de contr\u00f4le.<\/strong><\/em><\/p>\n<h3>Caract\u00e9ristiques principales :<\/h3>\n<ul>\n<li><strong>Une conception et une durabilit\u00e9 in\u00e9gal\u00e9es<\/strong>: Fabriqu\u00e9es \u00e0 partir de mat\u00e9riaux haut de gamme, ces p\u00e9dales assurent une installation solide et durable pour de nombreuses heures de course immersive.<\/li>\n<li><strong>Freins et acc\u00e9l\u00e9rateur enti\u00e8rement r\u00e9glables<\/strong>: Personnalise la r\u00e9sistance et la course de la p\u00e9dale pour simuler les sensations de conduite r\u00e9elles. Ajuste la pression des freins pour une modulation parfaite et configure la r\u00e9ponse de l'acc\u00e9l\u00e9rateur selon tes pr\u00e9f\u00e9rences.<\/li>\n<li><strong>Param\u00e8tres de l'acc\u00e9l\u00e9rateur personnalisables<\/strong>: Avec de multiples points de r\u00e9glage, y compris l'angle et la r\u00e9sistance de la p\u00e9dale, tu auras un contr\u00f4le total sur la sensation de tes p\u00e9dales, ce qui te permettra d'obtenir les entr\u00e9es les plus pr\u00e9cises.<\/li>\n<li><strong>Frein r\u00e9glable avec cellule de charge de haute pr\u00e9cision<\/strong>: Profite de performances de freinage r\u00e9alistes gr\u00e2ce \u00e0 la possibilit\u00e9 de calibrer le capteur de charge selon tes pr\u00e9f\u00e9rences. Ajuste la r\u00e9sistance pour qu'elle corresponde aux diff\u00e9rentes conditions de la piste et de la voiture.<\/li>\n<li><strong>Conception robuste de la p\u00e9dale<\/strong>: La conception de haute qualit\u00e9 garantit \u00e0 la fois le confort et la performance, permettant aux coureurs de repousser leurs limites tout en gardant le confort et le contr\u00f4le pendant les longues courses.<\/li>\n<\/ul>\n<h3>Caract\u00e9ristiques innovantes :<\/h3>\n<ul>\n<li><strong>Ressorts amortisseurs rempla\u00e7ables<\/strong>: Remplace les ressorts d'amortissement pour affiner la pression de la p\u00e9dale en fonction de tes besoins sp\u00e9cifiques, ce qui garantit une exp\u00e9rience r\u00e9aliste et r\u00e9active.<\/li>\n<li><strong>Retour de force et r\u00e9sistance configurables<\/strong>: Profite d'un retour de force r\u00e9glable sur la p\u00e9dale de frein, offrant une exp\u00e9rience de freinage tactile et r\u00e9active dans toutes les conditions de course.<\/li>\n<li><strong>Apparence personnalisable<\/strong>: Les plaques de p\u00e9dales interchangeables te permettent de personnaliser ta configuration, la rendant aussi impressionnante visuellement que fonctionnellement.<\/li>\n<\/ul>\n<h3>Sp\u00e9cifications :<\/h3>\n<ul>\n<li><strong>Frein<\/strong>: <strong>Cellule de charge<\/strong> (force personnalisable jusqu'\u00e0 100 kg)<\/li>\n<li><strong>P\u00e9dale d'acc\u00e9l\u00e9rateur<\/strong>: Hautement r\u00e9glable pour l'angle, la r\u00e9sistance et la r\u00e9ponse.<\/li>\n<li><strong>Poids sans plaque de base<\/strong>: 2 p\u00e9dales : 3,3 kg<\/li>\n<\/ul>\n<h3>Contenu de la bo\u00eete :<\/h3>\n<ul>\n<li>Ensemble de p\u00e9dales (p\u00e9dale d'acc\u00e9l\u00e9rateur, p\u00e9dale de frein)<\/li>\n<li>Bo\u00eete de contr\u00f4le<\/li>\n<li>Ressorts d'amortissement pour la personnalisation<\/li>\n<li>Outils et manuel de montage<\/li>\n<\/ul>\n<h3>Options de personnalisation des freins :<\/h3>\n<ul>\n<li><strong>Elastom\u00e8res<\/strong>:\n<ul>\n<li>60a \u00d7 3 (flexible)<\/li>\n<li>80a \u00d7 3 (moyen)<\/li>\n<li>90a \u00d7 3 (dur)<\/li>\n<\/ul>\n<\/li>\n<li><strong>Ressorts<\/strong>:\n<ul>\n<li>58 kg \u00d7 2 (r\u00e9sistance l\u00e9g\u00e8re)<\/li>\n<li>97kg \u00d7 2 (r\u00e9sistance mod\u00e9r\u00e9e)<\/li>\n<li>144kg \u00d7 2 (haute r\u00e9sistance)<\/li>\n<li>216 kg \u00d7 2 (r\u00e9sistance extr\u00eame)<\/li>\n<\/ul>\n<\/li>\n<\/ul>\n<h3>T\u00e9l\u00e9charger les mises \u00e0 jour du micrologiciel et du logiciel :<\/h3>\n<p><a href=\"https:\/\/simnetracing.com\/downloads\/\" target=\"_new\">https:\/\/simnetracing.com\/downloads\/<\/a><\/p>\n<p>Que tu fasses de la comp\u00e9tition ou que tu sois simplement \u00e0 la recherche de la plus authentique... <strong>simracing<\/strong> l'exp\u00e9rience, <strong>SimNet SP Pro Loadcell 2 P\u00e9dales<\/strong> sont con\u00e7ues pour te donner la pr\u00e9cision, le confort et le contr\u00f4le dont tu as besoin pour exceller sur la piste. Fais passer ton exp\u00e9rience de simracing au niveau sup\u00e9rieur avec ces p\u00e9dales personnalisables, con\u00e7ues pour \u00eatre performantes.<\/p>","protected":false},"excerpt":{"rendered":"<p>SimNet SP Pro Loadcell 2 Pedals Enhance your simracing experience with SimNet SP Pro Loadcell 2 Pedals, designed to deliver both precision and performance. Manufactured to reproduce ultimate realism, these pedals offer an unrivalled level of adjustment and customization to suit any riding style. Includes Control Box. Key features : Unrivalled design and durability: Made [&hellip;]<\/p>\n","protected":false},"featured_media":5060,"template":"","meta":{"_acf_changed":false},"product_brand":[409],"product_cat":[477],"product_tag":[342,335,410],"class_list":{"0":"post-5059","1":"product","2":"type-product","3":"status-publish","4":"has-post-thumbnail","6":"product_brand-simnet","7":"product_cat-pedals-en","8":"product_tag-pedals","9":"product_tag-sim-racing","10":"product_tag-simnet","12":"first","13":"onbackorder","14":"taxable","15":"shipping-taxable","16":"purchasable","17":"product-type-simple"},"acf":[],"_links":{"self":[{"href":"https:\/\/www.noxgaming.ca\/fr\/wp-json\/wp\/v2\/product\/5059","targetHints":{"allow":["GET"]}}],"collection":[{"href":"https:\/\/www.noxgaming.ca\/fr\/wp-json\/wp\/v2\/product"}],"about":[{"href":"https:\/\/www.noxgaming.ca\/fr\/wp-json\/wp\/v2\/types\/product"}],"wp:featuredmedia":[{"embeddable":true,"href":"https:\/\/www.noxgaming.ca\/fr\/wp-json\/wp\/v2\/media\/5060"}],"wp:attachment":[{"href":"https:\/\/www.noxgaming.ca\/fr\/wp-json\/wp\/v2\/media?parent=5059"}],"wp:term":[{"taxonomy":"product_brand","embeddable":true,"href":"https:\/\/www.noxgaming.ca\/fr\/wp-json\/wp\/v2\/product_brand?post=5059"},{"taxonomy":"product_cat","embeddable":true,"href":"https:\/\/www.noxgaming.ca\/fr\/wp-json\/wp\/v2\/product_cat?post=5059"},{"taxonomy":"product_tag","embeddable":true,"href":"https:\/\/www.noxgaming.ca\/fr\/wp-json\/wp\/v2\/product_tag?post=5059"}],"curies":[{"name":"wp","href":"https:\/\/api.w.org\/{rel}","templated":true}]}}