{"id":5050,"date":"2025-06-20T18:08:05","date_gmt":"2025-06-20T22:08:05","guid":{"rendered":"https:\/\/www.noxgaming.ca\/product\/simnet-haptic-and-rgb-power-supply\/"},"modified":"2026-04-17T13:43:58","modified_gmt":"2026-04-17T17:43:58","slug":"simnet-haptic-and-rgb-power-supply","status":"publish","type":"product","link":"https:\/\/www.noxgaming.ca\/fr\/product\/simnet-haptic-and-rgb-power-supply\/","title":{"rendered":"SimNet SP Pro Bloc d'alimentation pour haptique"},"content":{"rendered":"<h3>Alimentation SimNet pour l'haptique<\/h3>\n<p>Le <strong>Alimentation SimNet pour l'haptique<\/strong> est le compagnon indispensable pour conduire ton<strong> SimNet<\/strong> Le syst\u00e8me de retour haptique SimNet, con\u00e7u sp\u00e9cialement pour fonctionner de fa\u00e7on transparente avec les moteurs haptiques SimNet et le bo\u00eetier de commande SimNet. Con\u00e7ue pour \u00eatre fiable et performante, cette alimentation garantit que tes haptiques fonctionnent de mani\u00e8re optimale, offrant un retour d'information coh\u00e9rent et immersif lors de chaque session de course. <\/p>\n<h3>Caract\u00e9ristiques principales :<\/h3>\n<ul>\n<li><strong>Con\u00e7u pour SimNet Haptics et Control Box :<\/strong> Construite pour s'int\u00e9grer parfaitement \u00e0 l'\u00e9cosyst\u00e8me SimNet, cette alimentation fonctionne en tandem avec tes moteurs haptiques (transducteur lin\u00e9aire, \u00e0 vibration ou tactile) et le bo\u00eetier de commande SimNet, assurant un flux d'\u00e9nergie fluide et ininterrompu.<\/li>\n<li><strong>Optimis\u00e9 pour une performance maximale<\/strong>: Capable de fournir la tension et la puissance pr\u00e9cises requises pour les syst\u00e8mes haptiques SimNet, cette alimentation garantit des performances constantes, que tu utilises un ou plusieurs moteurs haptiques.<\/li>\n<li><strong>Durable et fiable<\/strong>: Construit avec des composants de haute qualit\u00e9, le <strong>Alimentation SimNet<\/strong> est construit pour durer, fournissant une puissance stable m\u00eame pendant les simulations de course les plus exigeantes.<\/li>\n<li><strong>Compact et facile \u00e0 installer<\/strong>: Sa conception compacte garantit une utilisation minimale de l'espace, tandis que la fonctionnalit\u00e9 plug-and-play permet de l'installer rapidement et simplement aux c\u00f4t\u00e9s de la configuration de ton bo\u00eetier haptique et de ton bo\u00eetier de commande existants.<\/li>\n<li><strong>Caract\u00e9ristiques de s\u00e9curit\u00e9 incluses<\/strong>: \u00c9quip\u00e9 d'une protection int\u00e9gr\u00e9e contre les surintensit\u00e9s, les surtensions et les courts-circuits pour sauvegarder ton syst\u00e8me haptique et garantir une utilisation s\u00fbre et \u00e0 long terme.<\/li>\n<\/ul>\n<h3>Compatibilit\u00e9 :<\/h3>\n<ul>\n<li><strong>Compatible avec tous les moteurs haptiques SimNet<\/strong>: Prend en charge les moteurs lin\u00e9aires et les moteurs \u00e0 vibration, ainsi que les transducteurs tactiles.<\/li>\n<li><strong>Fonctionne en toute transparence avec le bo\u00eetier de commande SimNet<\/strong>: L'alimentation est parfaitement adapt\u00e9e \u00e0 ton bo\u00eetier de commande SimNet, ce qui garantit un retour haptique synchronis\u00e9 et puissant dans l'ensemble de ton syst\u00e8me.<\/li>\n<\/ul>\n<h3>Contenu de la bo\u00eete :<\/h3>\n<ul>\n<li>Bloc d'alimentation SimNet<\/li>\n<li>C\u00e2ble d'alimentation<\/li>\n<li>Manuel de l'utilisateur<\/li>\n<\/ul>\n<p>Avec <strong>Alimentation SimNet pour l'haptique<\/strong>, tu peux t'assurer que ton syst\u00e8me de retour haptique fonctionne de mani\u00e8re optimale, en fournissant un retour r\u00e9aliste et immersif \u00e0 chaque virage et \u00e0 chaque freinage.<\/p>","protected":false},"excerpt":{"rendered":"<p>SimNet Power Supply for Haptics The SimNet Power Supply for Haptics is the essential companion for driving your SimNet haptic feedback system, designed specifically to work seamlessly with both SimNet haptic motors and the SimNet control box. Engineered for reliability and performance, this power supply ensures that your haptics operate at peak performance, delivering consistent [&hellip;]<\/p>\n","protected":false},"featured_media":5051,"template":"","meta":{"_acf_changed":false},"product_brand":[409],"product_cat":[503,481],"product_tag":[340,335,341,410],"class_list":{"0":"post-5050","1":"product","2":"type-product","3":"status-publish","4":"has-post-thumbnail","6":"product_brand-simnet","7":"product_cat-haptic-motors","8":"product_cat-sim-racing-accessories","9":"product_tag-pedal-accessories","10":"product_tag-sim-racing","11":"product_tag-sim-racing-accessories","12":"product_tag-simnet","14":"first","15":"instock","16":"taxable","17":"shipping-taxable","18":"purchasable","19":"product-type-simple"},"acf":[],"_links":{"self":[{"href":"https:\/\/www.noxgaming.ca\/fr\/wp-json\/wp\/v2\/product\/5050","targetHints":{"allow":["GET"]}}],"collection":[{"href":"https:\/\/www.noxgaming.ca\/fr\/wp-json\/wp\/v2\/product"}],"about":[{"href":"https:\/\/www.noxgaming.ca\/fr\/wp-json\/wp\/v2\/types\/product"}],"wp:featuredmedia":[{"embeddable":true,"href":"https:\/\/www.noxgaming.ca\/fr\/wp-json\/wp\/v2\/media\/5051"}],"wp:attachment":[{"href":"https:\/\/www.noxgaming.ca\/fr\/wp-json\/wp\/v2\/media?parent=5050"}],"wp:term":[{"taxonomy":"product_brand","embeddable":true,"href":"https:\/\/www.noxgaming.ca\/fr\/wp-json\/wp\/v2\/product_brand?post=5050"},{"taxonomy":"product_cat","embeddable":true,"href":"https:\/\/www.noxgaming.ca\/fr\/wp-json\/wp\/v2\/product_cat?post=5050"},{"taxonomy":"product_tag","embeddable":true,"href":"https:\/\/www.noxgaming.ca\/fr\/wp-json\/wp\/v2\/product_tag?post=5050"}],"curies":[{"name":"wp","href":"https:\/\/api.w.org\/{rel}","templated":true}]}}