{"id":5046,"date":"2025-06-20T18:08:16","date_gmt":"2025-06-20T22:08:16","guid":{"rendered":"https:\/\/www.noxgaming.ca\/product\/simnet-fanatec-rj12cable\/"},"modified":"2026-04-17T13:43:55","modified_gmt":"2026-04-17T17:43:55","slug":"simnet-fanatec-rj12cable","status":"publish","type":"product","link":"https:\/\/www.noxgaming.ca\/fr\/product\/simnet-fanatec-rj12cable\/","title":{"rendered":"SimNet - C\u00e2ble de connexion RJ12 pour Fanatec Wheelbase"},"content":{"rendered":"<h1 class=\"productView-title\">SimNet - C\u00e2ble de connexion RJ12 pour Fanatec Wheelbase<\/h1>\n<p>Le <strong>SimNet<\/strong> Le c\u00e2ble RJ12 peut \u00eatre connect\u00e9 \u00e0 une station de base Fanatec, ce qui te permet d'utiliser ton t\u00e9l\u00e9phone portable. <strong>SimNet SP Pro<\/strong> directement sur ton Fanatec Wheelbase.<\/p>","protected":false},"excerpt":{"rendered":"<p>SimNet &#8211; RJ12 connection cable for Fanatec Wheelbase The SimNet RJ12 cable can be connected to a Fanatec base station, allowing you to use your SimNet SP Pro pedals directly on your Fanatec Wheelbase.<\/p>","protected":false},"featured_media":5047,"template":"","meta":{"_acf_changed":false},"product_brand":[409],"product_cat":[481],"product_tag":[340,335,341,410],"class_list":{"0":"post-5046","1":"product","2":"type-product","3":"status-publish","4":"has-post-thumbnail","6":"product_brand-simnet","7":"product_cat-sim-racing-accessories","8":"product_tag-pedal-accessories","9":"product_tag-sim-racing","10":"product_tag-sim-racing-accessories","11":"product_tag-simnet","13":"first","14":"instock","15":"taxable","16":"shipping-taxable","17":"purchasable","18":"product-type-simple"},"acf":[],"_links":{"self":[{"href":"https:\/\/www.noxgaming.ca\/fr\/wp-json\/wp\/v2\/product\/5046","targetHints":{"allow":["GET"]}}],"collection":[{"href":"https:\/\/www.noxgaming.ca\/fr\/wp-json\/wp\/v2\/product"}],"about":[{"href":"https:\/\/www.noxgaming.ca\/fr\/wp-json\/wp\/v2\/types\/product"}],"wp:featuredmedia":[{"embeddable":true,"href":"https:\/\/www.noxgaming.ca\/fr\/wp-json\/wp\/v2\/media\/5047"}],"wp:attachment":[{"href":"https:\/\/www.noxgaming.ca\/fr\/wp-json\/wp\/v2\/media?parent=5046"}],"wp:term":[{"taxonomy":"product_brand","embeddable":true,"href":"https:\/\/www.noxgaming.ca\/fr\/wp-json\/wp\/v2\/product_brand?post=5046"},{"taxonomy":"product_cat","embeddable":true,"href":"https:\/\/www.noxgaming.ca\/fr\/wp-json\/wp\/v2\/product_cat?post=5046"},{"taxonomy":"product_tag","embeddable":true,"href":"https:\/\/www.noxgaming.ca\/fr\/wp-json\/wp\/v2\/product_tag?post=5046"}],"curies":[{"name":"wp","href":"https:\/\/api.w.org\/{rel}","templated":true}]}}