{"id":5044,"date":"2025-06-20T18:08:22","date_gmt":"2025-06-20T22:08:22","guid":{"rendered":"https:\/\/www.noxgaming.ca\/product\/sp-pro-optional-brake-spring-kit\/"},"modified":"2026-04-17T13:43:54","modified_gmt":"2026-04-17T17:43:54","slug":"sp-pro-optional-brake-spring-kit","status":"publish","type":"product","link":"https:\/\/www.noxgaming.ca\/fr\/product\/sp-pro-optional-brake-spring-kit\/","title":{"rendered":"SP PRO - Kit de ressorts et d'entretoises en option"},"content":{"rendered":"<h3>SimNet SP-PRO - Kit de ressorts de freinage en option.<\/h3>\n<p>Am\u00e9liore la personnalisation de ton <strong>P\u00e9dales SimNet SP-PRO<\/strong> avec le<strong>jeu de ressorts en option<\/strong>, con\u00e7us pour r\u00e9pondre \u00e0 une vari\u00e9t\u00e9 de pr\u00e9f\u00e9rences en mati\u00e8re de r\u00e9sistance et offrir une exp\u00e9rience de course optimis\u00e9e. Ces ressorts de haute qualit\u00e9 offrent plusieurs niveaux de r\u00e9sistance, garantissant une sensation personnalis\u00e9e en fonction de ton style de conduite.<\/p>\n<h3>Contenu du paquet :<\/h3>\n<ul>\n<li><strong>Ressorts jaunes (58kg \u00d7 2) :<\/strong> Offres <strong>r\u00e9sistance \u00e0 la lumi\u00e8re<\/strong>, L'utilisation d'une p\u00e9dale d'acc\u00e9l\u00e9rateur est une solution id\u00e9ale pour les cyclistes qui pr\u00e9f\u00e8rent faire un minimum d'effort pour p\u00e9daler rapidement et sans \u00e0-coups.<\/li>\n<li><strong>Blue Springs (97kg \u00d7 2) :<\/strong> Fournit <strong>r\u00e9sistance mod\u00e9r\u00e9e<\/strong>, Id\u00e9al pour un contr\u00f4le \u00e9quilibr\u00e9 et une r\u00e9activit\u00e9 optimale.<\/li>\n<li><strong>Ressorts rouges (144kg \u00d7 2) :<\/strong> Offres <strong>haute r\u00e9sistance<\/strong>, Il convient aux coureurs qui recherchent un retour ferme et pr\u00e9cis pendant les courses intenses.<\/li>\n<li><strong>Ressorts verts (216kg \u00d7 2) :<\/strong> Caract\u00e9ristiques <strong>une force extr\u00eame<\/strong>, Le syst\u00e8me de freinage est un syst\u00e8me de contr\u00f4le et de pr\u00e9cision qui offre une rigidit\u00e9 maximale pour un contr\u00f4le et une pr\u00e9cision ultimes sous une pression de freinage \u00e9lev\u00e9e.<\/li>\n<\/ul>","protected":false},"excerpt":{"rendered":"<p>SimNet SP-PRO &#8211; Optional Brake Spring Kit. Enhance the customization of your SimNet SP-PRO pedals with theoptional spring set, designed to meet a variety of resistance preferences and provide an optimized racing experience. These high-quality springs offer several levels of resistance, guaranteeing a customized feel to suit your driving style. Package contents : Yellow springs [&hellip;]<\/p>\n","protected":false},"featured_media":5045,"template":"","meta":{"_acf_changed":false},"product_brand":[409],"product_cat":[481],"product_tag":[340,335,341,410],"class_list":{"0":"post-5044","1":"product","2":"type-product","3":"status-publish","4":"has-post-thumbnail","6":"product_brand-simnet","7":"product_cat-sim-racing-accessories","8":"product_tag-pedal-accessories","9":"product_tag-sim-racing","10":"product_tag-sim-racing-accessories","11":"product_tag-simnet","13":"first","14":"instock","15":"taxable","16":"shipping-taxable","17":"purchasable","18":"product-type-simple"},"acf":[],"_links":{"self":[{"href":"https:\/\/www.noxgaming.ca\/fr\/wp-json\/wp\/v2\/product\/5044","targetHints":{"allow":["GET"]}}],"collection":[{"href":"https:\/\/www.noxgaming.ca\/fr\/wp-json\/wp\/v2\/product"}],"about":[{"href":"https:\/\/www.noxgaming.ca\/fr\/wp-json\/wp\/v2\/types\/product"}],"wp:featuredmedia":[{"embeddable":true,"href":"https:\/\/www.noxgaming.ca\/fr\/wp-json\/wp\/v2\/media\/5045"}],"wp:attachment":[{"href":"https:\/\/www.noxgaming.ca\/fr\/wp-json\/wp\/v2\/media?parent=5044"}],"wp:term":[{"taxonomy":"product_brand","embeddable":true,"href":"https:\/\/www.noxgaming.ca\/fr\/wp-json\/wp\/v2\/product_brand?post=5044"},{"taxonomy":"product_cat","embeddable":true,"href":"https:\/\/www.noxgaming.ca\/fr\/wp-json\/wp\/v2\/product_cat?post=5044"},{"taxonomy":"product_tag","embeddable":true,"href":"https:\/\/www.noxgaming.ca\/fr\/wp-json\/wp\/v2\/product_tag?post=5044"}],"curies":[{"name":"wp","href":"https:\/\/api.w.org\/{rel}","templated":true}]}}