{"id":5028,"date":"2025-06-12T20:19:27","date_gmt":"2025-06-13T00:19:27","guid":{"rendered":"https:\/\/www.noxgaming.ca\/product\/simagic-neo-x-series-stering-wheel\/"},"modified":"2026-04-17T13:44:27","modified_gmt":"2026-04-17T17:44:27","slug":"simagic-neo-x-series-stering-wheel","status":"publish","type":"product","link":"https:\/\/www.noxgaming.ca\/fr\/product\/simagic-neo-x-series-stering-wheel\/","title":{"rendered":"Volant SIMAGIC NEO X Series"},"content":{"rendered":"<p><strong>NEO X-350W<\/strong>: Nouvelle entretoise incluse pour un r\u00e9glage parfait de la d\u00e9rive.<\/p>\n<p data-start=\"126\" data-end=\"373\">- <strong data-start=\"128\" data-end=\"142\">Diam\u00e8tre :<\/strong> 349 mm<br data-start=\"149\" data-end=\"152\" \/>- <strong data-start=\"154\" data-end=\"177\">Mat\u00e9riau du cadre :<\/strong> Cadre en aluminium CNC d'une seule pi\u00e8ce<br data-start=\"209\" data-end=\"212\" \/>- <strong data-start=\"214\" data-end=\"242\">Mat\u00e9riau de couverture :<\/strong> Cuir synth\u00e9tique noir perfor\u00e9<br data-start=\"272\" data-end=\"275\" \/>- <strong data-start=\"277\" data-end=\"291\">Coutures :<\/strong> Rouge<br data-start=\"298\" data-end=\"301\" \/>- <strong data-start=\"303\" data-end=\"373\">Extension en cuir int\u00e9gral aux positions 3\/9 heures avec coins inclin\u00e9s.<\/strong><\/p>\n<p data-start=\"126\" data-end=\"373\"><strong>NEO X-330T<\/strong>: Un vrai classique en cuir v\u00e9ritable. Un contr\u00f4le pr\u00e9cis pour toute exp\u00e9rience de simulation de course.<\/p>\n<p data-start=\"165\" data-end=\"330\">- <strong data-start=\"167\" data-end=\"181\">Diam\u00e8tre :<\/strong> 330 mm<br data-start=\"188\" data-end=\"191\" \/>- <strong data-start=\"193\" data-end=\"216\">Mat\u00e9riau du cadre :<\/strong> Cadre en aluminium CNC d'une seule pi\u00e8ce<br data-start=\"248\" data-end=\"251\" \/>- <strong data-start=\"253\" data-end=\"281\">Mat\u00e9riau de couverture :<\/strong> Cuir synth\u00e9tique noir<br data-start=\"303\" data-end=\"306\" \/>- <strong data-start=\"308\" data-end=\"322\">Coutures :<\/strong> Orange<\/p>\n<p data-start=\"165\" data-end=\"330\"><strong data-start=\"57\" data-end=\"71\">NEO X-310G : <\/strong>Une construction l\u00e9g\u00e8re, une adh\u00e9rence ferme et les frissons d'une course GT classique !<\/p>\n<p data-start=\"165\" data-end=\"330\">- <strong data-start=\"155\" data-end=\"169\">Diam\u00e8tre :<\/strong> 310 mm<br data-start=\"176\" data-end=\"179\" \/>- <strong data-start=\"181\" data-end=\"204\">Mat\u00e9riau du cadre :<\/strong> Cadre en aluminium CNC d'une seule pi\u00e8ce<br data-start=\"236\" data-end=\"239\" \/>- <strong data-start=\"241\" data-end=\"269\">Mat\u00e9riau de couverture :<\/strong> Cuir synth\u00e9tique noir<br data-start=\"291\" data-end=\"294\" \/>- <strong data-start=\"296\" data-end=\"310\">Coutures :<\/strong> Orange<\/p>\n<p data-start=\"58\" data-end=\"144\"><strong data-start=\"58\" data-end=\"72\">NEO X-330R : <\/strong>Nouveau cadre rigide, essentiel pour une prise en main ferme en tout-terrain.<\/p>\n<p data-start=\"146\" data-end=\"335\">- <strong data-start=\"148\" data-end=\"162\">Diam\u00e8tre :<\/strong> 330 mm<br data-start=\"169\" data-end=\"172\" \/>- <strong data-start=\"174\" data-end=\"197\">Mat\u00e9riau du cadre :<\/strong> Cadre en aluminium CNC d'une seule pi\u00e8ce<br data-start=\"229\" data-end=\"232\" \/>- <strong data-start=\"234\" data-end=\"262\">Mat\u00e9riau de couverture :<\/strong> Cuir v\u00e9ritable avec anneau rouge<br data-start=\"295\" data-end=\"298\" \/>- <strong data-start=\"300\" data-end=\"314\">Coutures :<\/strong> Rouge, demi-couture<\/p>\n<p data-start=\"146\" data-end=\"335\"><img decoding=\"async\" src=\"https:\/\/www.noxgaming.ca\/wp-content\/uploads\/2026\/02\/WHEEL.jpg\" alt=\"WHEEL.jpg__PID:a3f19661-6b50-4e67-a8b7-5583d0e44e22\" \/><\/p>","protected":false},"excerpt":{"rendered":"<p>Voir ci-dessous les sp\u00e9cifications des mod\u00e8les.<\/p>","protected":false},"featured_media":5030,"template":"","meta":{"_acf_changed":false},"product_brand":[334],"product_cat":[490],"product_tag":[374,335,336,407,337],"class_list":{"0":"post-5028","1":"product","2":"type-product","3":"status-publish","4":"has-post-thumbnail","6":"product_brand-simagic","7":"product_cat-wheels-en","8":"product_tag-bundles","9":"product_tag-sim-racing","10":"product_tag-simagic","11":"product_tag-steering-wheel-bundle","12":"product_tag-steering-wheels","14":"first","15":"instock","16":"taxable","17":"shipping-taxable","18":"purchasable","19":"product-type-variable"},"acf":[],"_links":{"self":[{"href":"https:\/\/www.noxgaming.ca\/fr\/wp-json\/wp\/v2\/product\/5028","targetHints":{"allow":["GET"]}}],"collection":[{"href":"https:\/\/www.noxgaming.ca\/fr\/wp-json\/wp\/v2\/product"}],"about":[{"href":"https:\/\/www.noxgaming.ca\/fr\/wp-json\/wp\/v2\/types\/product"}],"wp:featuredmedia":[{"embeddable":true,"href":"https:\/\/www.noxgaming.ca\/fr\/wp-json\/wp\/v2\/media\/5030"}],"wp:attachment":[{"href":"https:\/\/www.noxgaming.ca\/fr\/wp-json\/wp\/v2\/media?parent=5028"}],"wp:term":[{"taxonomy":"product_brand","embeddable":true,"href":"https:\/\/www.noxgaming.ca\/fr\/wp-json\/wp\/v2\/product_brand?post=5028"},{"taxonomy":"product_cat","embeddable":true,"href":"https:\/\/www.noxgaming.ca\/fr\/wp-json\/wp\/v2\/product_cat?post=5028"},{"taxonomy":"product_tag","embeddable":true,"href":"https:\/\/www.noxgaming.ca\/fr\/wp-json\/wp\/v2\/product_tag?post=5028"}],"curies":[{"name":"wp","href":"https:\/\/api.w.org\/{rel}","templated":true}]}}