{"id":5001,"date":"2025-03-17T18:31:51","date_gmt":"2025-03-17T22:31:51","guid":{"rendered":"https:\/\/www.noxgaming.ca\/product\/en-stock-pc-gaming-reconditionne-ryzen-7-3800x-32gb-ram-rtx-3070-8gb\/"},"modified":"2026-04-17T13:45:16","modified_gmt":"2026-04-17T17:45:16","slug":"en-stock-pc-gaming-reconditionne-ryzen-7-3800x-32gb-ram-rtx-3070-8gb","status":"publish","type":"product","link":"https:\/\/www.noxgaming.ca\/fr\/product\/en-stock-pc-gaming-reconditionne-ryzen-7-3800x-32gb-ram-rtx-3070-8gb\/","title":{"rendered":"PC de jeu remis \u00e0 neuf (Ryzen 7 3800X - 32 Go de RAM - RTX 3070 8 Go)"},"content":{"rendered":"","protected":false},"excerpt":{"rendered":"<p>1 AN DE GARANTIE<\/p>\n<p>Profite de cette machine de guerre qui t'aidera \u00e0 \u00e9craser tes ennemis ! Avec cet atout \u00e0 tes c\u00f4t\u00e9s, tu pourras d\u00e9truire tout ce qui bouge et battre le jeu en un claquement de doigts !<\/p>\n<p>Excellente machine pour les jeux 1080P et 2K \u00e0 des centaines de FPS !<\/p>\n<p>Les machines sont enti\u00e8rement assembl\u00e9es, configur\u00e9es et pr\u00eates \u00e0 jouer :<br \/>\n\u2705 Windows install\u00e9 et \u00e0 jour<br \/>\n\u2705 Windows activ\u00e9 l\u00e9galement<br \/>\n\u2705 Pilotes install\u00e9s et \u00e0 jour<br \/>\n\u2705 Antivirus install\u00e9<br \/>\n\u2705 Test\u00e9 et mis \u00e0 l'\u00e9preuve du stress<br \/>\n\u2705 Soutien \u00e0 distance<\/p>\n<p>Processeur (CPU) :<br \/>\nRyzen 7 3800X (8 c\u0153urs, 16 fils, horloge Boost max. 4,5 GHz)<\/p>\n<p>Carte graphique (GPU) :<br \/>\nNVIDIA RTX 3070 8GB<\/p>\n<p>Bloc d'alimentation (PSU) :<br \/>\n650W PSU Rosewill<\/p>\n<p>M\u00e9moire vive (RAM)<br \/>\n32 Go de RAM DDR4 2400MHz Kingston<\/p>\n<p>Refroidissement :<br \/>\nAMD Wraith Prism RGB<br \/>\n4X Ventilateurs RVB contr\u00f4lables<\/p>\n<p>Stockage :<br \/>\n1 TO NVME<\/p>\n<p>Disque dur de 2 To<\/p>\n<p>Accessoires :<br \/>\nSupport horizontal noir - RGB<\/p>\n<p>Cas :<br \/>\nPhanteks<\/p>\n<p>Syst\u00e8me d'exploitation :<br \/>\nWindows 11 Home<\/p>\n<p>Wifi :<br \/>\nAntenne Wifi + BT<\/p>\n<p>Garantie :<br \/>\nGarantie de 1 an<\/p>","protected":false},"featured_media":5002,"template":"","meta":{"_acf_changed":false},"product_brand":[406],"product_cat":[472],"product_tag":[],"class_list":{"0":"post-5001","1":"product","2":"type-product","3":"status-publish","4":"has-post-thumbnail","6":"product_brand-nox-gaming-hybrid","7":"product_cat-hybrid-pcs","9":"first","10":"outofstock","11":"taxable","12":"shipping-taxable","13":"purchasable","14":"product-type-simple"},"acf":[],"_links":{"self":[{"href":"https:\/\/www.noxgaming.ca\/fr\/wp-json\/wp\/v2\/product\/5001","targetHints":{"allow":["GET"]}}],"collection":[{"href":"https:\/\/www.noxgaming.ca\/fr\/wp-json\/wp\/v2\/product"}],"about":[{"href":"https:\/\/www.noxgaming.ca\/fr\/wp-json\/wp\/v2\/types\/product"}],"wp:featuredmedia":[{"embeddable":true,"href":"https:\/\/www.noxgaming.ca\/fr\/wp-json\/wp\/v2\/media\/5002"}],"wp:attachment":[{"href":"https:\/\/www.noxgaming.ca\/fr\/wp-json\/wp\/v2\/media?parent=5001"}],"wp:term":[{"taxonomy":"product_brand","embeddable":true,"href":"https:\/\/www.noxgaming.ca\/fr\/wp-json\/wp\/v2\/product_brand?post=5001"},{"taxonomy":"product_cat","embeddable":true,"href":"https:\/\/www.noxgaming.ca\/fr\/wp-json\/wp\/v2\/product_cat?post=5001"},{"taxonomy":"product_tag","embeddable":true,"href":"https:\/\/www.noxgaming.ca\/fr\/wp-json\/wp\/v2\/product_tag?post=5001"}],"curies":[{"name":"wp","href":"https:\/\/api.w.org\/{rel}","templated":true}]}}