{"id":4961,"date":"2025-05-08T17:28:48","date_gmt":"2025-05-08T21:28:48","guid":{"rendered":"https:\/\/www.noxgaming.ca\/product\/nox-storm-all-white-gaming-pc\/"},"modified":"2026-04-17T13:44:35","modified_gmt":"2026-04-17T17:44:35","slug":"nox-storm-all-white-gaming-pc","status":"publish","type":"product","link":"https:\/\/www.noxgaming.ca\/fr\/product\/nox-storm-all-white-gaming-pc\/","title":{"rendered":"NOX STORM (PC de jeu tout blanc : Ryzen 7 9800X3D - RTX 5080 - 32 Go DDR5 - 2 To PCIe 5.0 SSD)"},"content":{"rendered":"<h4 data-start=\"122\" data-end=\"186\">NOX STORM - <span class=\"OYPEnA font-feature-liga-off font-feature-clig-off font-feature-calt-off text-decoration-none text-strikethrough-none\">Que le bon c\u00f4t\u00e9 des choses l'emporte.<\/span><\/h4>\n<p class=\"\" data-start=\"188\" data-end=\"430\">\u00c9mergeant des confins d'un futur lointain, le <strong data-start=\"234\" data-end=\"247\">NOX STORM<\/strong> impose sa pr\u00e9sence avec une silhouette immacul\u00e9e et un design inspir\u00e9 des l\u00e9gendes stellaires. Sa blancheur \u00e9clatante \u00e9voque la ma\u00eetrise, la pr\u00e9cision et la s\u00e9r\u00e9nit\u00e9 avant la temp\u00eate.<\/p>\n<p data-start=\"188\" data-end=\"430\">Garantie de 3 ans sur les pi\u00e8ces et la main d'\u0153uvre incluse.<\/p>","protected":false},"excerpt":{"rendered":"<h3 class=\"\" data-start=\"122\" data-end=\"186\">NOX STORM - <span class=\"OYPEnA font-feature-liga-off font-feature-clig-off font-feature-calt-off text-decoration-none text-strikethrough-none\">Que le bon c\u00f4t\u00e9 des choses l'emporte.<\/span><\/h3>\n<p class=\"\" data-start=\"188\" data-end=\"430\">\u00c9mergeant des confins d'un futur lointain, le <strong data-start=\"234\" data-end=\"247\">NOX STORM<\/strong> impose sa pr\u00e9sence avec une silhouette immacul\u00e9e et un design inspir\u00e9 des l\u00e9gendes stellaires. Sa blancheur \u00e9clatante \u00e9voque la ma\u00eetrise, la pr\u00e9cision et la s\u00e9r\u00e9nit\u00e9 avant la temp\u00eate.<\/p>\n<p class=\"\" data-start=\"432\" data-end=\"789\">Con\u00e7u pour les designers, les joueurs et les strat\u00e8ges qui refusent de choisir entre style et performance, le NOX STORM est l'incarnation d'une force tranquille, pr\u00eate \u00e0 tout renverser sur son passage. Son \u00e9clairage RGB harmonis\u00e9 enveloppe chaque session d'une ambiance saisissante, tandis que ses composants de derni\u00e8re g\u00e9n\u00e9ration assurent une r\u00e9activit\u00e9 interstellaire.<\/p>\n<p class=\"\" data-start=\"791\" data-end=\"900\">\u00c9l\u00e9gant. Silencieux. Fulgurant.<br data-start=\"822\" data-end=\"825\" \/>Le NOX STORM n'est pas seulement un ordinateur - c'est ta base de commandement.<\/p>","protected":false},"featured_media":4962,"template":"","meta":{"_acf_changed":false},"product_brand":[313],"product_cat":[455],"product_tag":[315,317,318,541],"class_list":{"0":"post-4961","1":"product","2":"type-product","3":"status-publish","4":"has-post-thumbnail","6":"product_brand-nox-gaming","7":"product_cat-gaming-pc","8":"product_tag-gaming-pc","9":"product_tag-nox-gaming","10":"product_tag-pcs","11":"product_tag-preconfigured","13":"first","14":"instock","15":"taxable","16":"shipping-taxable","17":"purchasable","18":"product-type-composite"},"acf":[],"_links":{"self":[{"href":"https:\/\/www.noxgaming.ca\/fr\/wp-json\/wp\/v2\/product\/4961","targetHints":{"allow":["GET"]}}],"collection":[{"href":"https:\/\/www.noxgaming.ca\/fr\/wp-json\/wp\/v2\/product"}],"about":[{"href":"https:\/\/www.noxgaming.ca\/fr\/wp-json\/wp\/v2\/types\/product"}],"wp:featuredmedia":[{"embeddable":true,"href":"https:\/\/www.noxgaming.ca\/fr\/wp-json\/wp\/v2\/media\/4962"}],"wp:attachment":[{"href":"https:\/\/www.noxgaming.ca\/fr\/wp-json\/wp\/v2\/media?parent=4961"}],"wp:term":[{"taxonomy":"product_brand","embeddable":true,"href":"https:\/\/www.noxgaming.ca\/fr\/wp-json\/wp\/v2\/product_brand?post=4961"},{"taxonomy":"product_cat","embeddable":true,"href":"https:\/\/www.noxgaming.ca\/fr\/wp-json\/wp\/v2\/product_cat?post=4961"},{"taxonomy":"product_tag","embeddable":true,"href":"https:\/\/www.noxgaming.ca\/fr\/wp-json\/wp\/v2\/product_tag?post=4961"}],"curies":[{"name":"wp","href":"https:\/\/api.w.org\/{rel}","templated":true}]}}