{"id":4938,"date":"2025-05-08T14:11:15","date_gmt":"2025-05-08T18:11:15","guid":{"rendered":"https:\/\/www.noxgaming.ca\/product\/nox-nova-tryx-gaming-pc\/"},"modified":"2026-04-17T13:44:36","modified_gmt":"2026-04-17T17:44:36","slug":"nox-nova-tryx-gaming-pc","status":"publish","type":"product","link":"https:\/\/www.noxgaming.ca\/fr\/product\/nox-nova-tryx-gaming-pc\/","title":{"rendered":"NOX NOVA TRYX Gaming PC (RTX 5080 - Ryzen 7 9800X3D - Tryx Panorama 360 Water Cooler)"},"content":{"rendered":"<p><strong>NOX NOVA TRYX - L'avenir en haute r\u00e9solution.<\/strong><br \/>\nRepousse les limites avec un refroidissement qui fait tourner les t\u00eates.<\/p>\n<p>Le NOX NOVA TRYX est la fusion parfaite de la performance brute et du design r\u00e9volutionnaire. Avec son refroidissement liquide TRYX Panorama 360 mm et son \u00e9cran incurv\u00e9 haute r\u00e9solution, tu peux garder un \u0153il sur ton syst\u00e8me tout en dominant le jeu.<\/p>\n<p>Garantie de 3 ans sur les pi\u00e8ces et la main d'\u0153uvre incluse.<\/p>","protected":false},"excerpt":{"rendered":"<p>NOX NOVA TRYX &#8211; The future in high resolution. Push the limits with cooling that turns heads. The NOX NOVA TRYX is the perfect fusion of raw performance and revolutionary design. With its TRYX Panorama 360mm liquid cooling and high resolution curved display, you can keep an eye on your system while dominating the game. [&hellip;]<\/p>\n","protected":false},"featured_media":432144,"template":"","meta":{"_acf_changed":false},"product_brand":[313],"product_cat":[455],"product_tag":[315,316,317,318,541,319],"class_list":{"0":"post-4938","1":"product","2":"type-product","3":"status-publish","4":"has-post-thumbnail","6":"product_brand-nox-gaming","7":"product_cat-gaming-pc","8":"product_tag-gaming-pc","9":"product_tag-nbf25","10":"product_tag-nox-gaming","11":"product_tag-pcs","12":"product_tag-preconfigured","13":"product_tag-tagbf25","15":"first","16":"instock","17":"sale","18":"taxable","19":"shipping-taxable","20":"purchasable","21":"product-type-composite"},"acf":[],"_links":{"self":[{"href":"https:\/\/www.noxgaming.ca\/fr\/wp-json\/wp\/v2\/product\/4938","targetHints":{"allow":["GET"]}}],"collection":[{"href":"https:\/\/www.noxgaming.ca\/fr\/wp-json\/wp\/v2\/product"}],"about":[{"href":"https:\/\/www.noxgaming.ca\/fr\/wp-json\/wp\/v2\/types\/product"}],"wp:featuredmedia":[{"embeddable":true,"href":"https:\/\/www.noxgaming.ca\/fr\/wp-json\/wp\/v2\/media\/432144"}],"wp:attachment":[{"href":"https:\/\/www.noxgaming.ca\/fr\/wp-json\/wp\/v2\/media?parent=4938"}],"wp:term":[{"taxonomy":"product_brand","embeddable":true,"href":"https:\/\/www.noxgaming.ca\/fr\/wp-json\/wp\/v2\/product_brand?post=4938"},{"taxonomy":"product_cat","embeddable":true,"href":"https:\/\/www.noxgaming.ca\/fr\/wp-json\/wp\/v2\/product_cat?post=4938"},{"taxonomy":"product_tag","embeddable":true,"href":"https:\/\/www.noxgaming.ca\/fr\/wp-json\/wp\/v2\/product_tag?post=4938"}],"curies":[{"name":"wp","href":"https:\/\/api.w.org\/{rel}","templated":true}]}}