{"id":4932,"date":"2025-04-21T15:40:16","date_gmt":"2025-04-21T19:40:16","guid":{"rendered":"https:\/\/www.noxgaming.ca\/product\/simagic-p1000-2-pedals\/"},"modified":"2026-04-17T13:44:43","modified_gmt":"2026-04-17T17:44:43","slug":"simagic-p1000-2-pedals","status":"publish","type":"product","link":"https:\/\/www.noxgaming.ca\/fr\/product\/simagic-p1000-2-pedals\/","title":{"rendered":"SIMAGIC P1000 et P1000-RS - 2 PEDALES"},"content":{"rendered":"<h3>P\u00e9dales modulaires SIMAGIC P1000-F et P1000-FRS (Hydraulique) - Version 2 P\u00e9dales<\/h3>\n<p><strong>Description du produit :<\/strong> Voici les p\u00e9dales modulaires SIMAGIC P1000, un p\u00e9dalier de pointe con\u00e7u pour les simulations de routes et de voitures de course. Dot\u00e9es d'un tout nouveau design optimis\u00e9, les p\u00e9dales P1000 \u00e9liminent les proc\u00e9dures d'installation compliqu\u00e9es, offrant une configuration simple mais polyvalente. \u00c9quip\u00e9es d'une plaque d'installation profil\u00e9e et d'un bo\u00eetier de c\u00e2blage, ces p\u00e9dales peuvent facilement \u00eatre combin\u00e9es avec des supports finis et des supports profil\u00e9s pour une installation rapide.<\/p>\n<p><strong>Caract\u00e9ristiques principales :<\/strong><\/p>\n<ul>\n<li><strong>Conception modulaire<\/strong>: permet de remplacer rapidement les tampons en caoutchouc, en prenant en charge une combinaison allant jusqu'\u00e0 27 648 formules diff\u00e9rentes pour r\u00e9pondre \u00e0 toutes les pr\u00e9f\u00e9rences.<\/li>\n<li><strong>Capteurs<\/strong>: Les capteurs \u00e0 cellule de charge et les capteurs d'angle \u00e0 effet Hall peuvent \u00eatre \u00e9chang\u00e9s librement. Les capteurs d'angle \u00e0 effet Hall sont plus pr\u00e9cis pour les voitures routi\u00e8res avec de longues distances de d\u00e9placement, tandis que les capteurs \u00e0 cellule de charge sont plus pr\u00e9cis pour les voitures de course avec de courtes distances de d\u00e9placement.<\/li>\n<li><strong>La construction<\/strong>La structure m\u00e9tallique en alliage d'aluminium garantit la durabilit\u00e9 et la performance dans des conditions difficiles.<\/li>\n<li><strong>Ajustement<\/strong>: Plusieurs r\u00e9glages, notamment l'espacement des p\u00e9dales, la hauteur, la force de l'acc\u00e9l\u00e9rateur, l'angle de tangage et la course des p\u00e9dales.<\/li>\n<li><strong>Durabilit\u00e9<\/strong>Le produit : r\u00e9siste \u00e0 des tests de plus de 200 000 empreintes de pas sans la moindre faille.<\/li>\n<\/ul>\n<p><strong>Am\u00e9liorations optionnelles :<\/strong><\/p>\n<ul>\n<li><strong>P-HPR (Haptic Pedals Reactor)<\/strong>: Le moteur lin\u00e9aire nouvellement brevet\u00e9 de SIMAGIC simule les forces r\u00e9elles d'une automobile, fournissant ainsi un retour d'information r\u00e9aliste. La fr\u00e9quence et l'amplitude des vibrations peuvent \u00eatre r\u00e9gl\u00e9es pour recr\u00e9er une vari\u00e9t\u00e9 de retours de conduite provenant de diff\u00e9rents v\u00e9hicules. Divers param\u00e8tres de t\u00e9l\u00e9m\u00e9trie et caract\u00e9ristiques de vibration peuvent \u00eatre modifi\u00e9s et mis \u00e0 jour via le logiciel.<\/li>\n<li><strong>P-HYS (syst\u00e8me hydraulique)<\/strong>: Un syst\u00e8me de freinage hydraulique optionnel qui permet de reproduire plus fid\u00e8lement l'amortissement et le rebond des freins d'origine des voitures.<\/li>\n<\/ul>\n<p><strong>Caract\u00e9ristiques techniques :<\/strong><\/p>\n<ul>\n<li style=\"list-style-type: none;\">\n<ul>\n<li><strong>R\u00e9solution<\/strong>: 12Bits (4096)<\/li>\n<li><strong>Connexion<\/strong>: USB vers PC ou SIMAGIC Wheelbase (port Can-Bus)<\/li>\n<li><strong>Voyage r\u00e9glable<\/strong>: Oui<\/li>\n<li><strong>Niveau r\u00e9glable de la force du ressort<\/strong>: Oui<\/li>\n<li><strong>Capteurs<\/strong>: Capteur d'angle Hall \/ Capteur \u00e0 cellule de charge (100 kg)<\/li>\n<li><strong>R\u00e9acteur \u00e0 p\u00e9dale haptique<\/strong>: soutenu<\/li>\n<\/ul>\n<\/li>\n<\/ul>\n<ul>\n<li><strong>Cylindre hydraulique<\/strong>: Facultatif<\/li>\n<li><strong>Plaques de p\u00e9dales<\/strong>: alliage d'aluminium anodis\u00e9<\/li>\n<li><strong>Param\u00e8tres<\/strong>: Angle\/Position, lin\u00e9arit\u00e9, force de freinage, zones mortes.<\/li>\n<li><strong>Bo\u00eetier de commande de p\u00e9dale<\/strong>: inclus<\/li>\n<li><strong>Mat\u00e9riau<\/strong>: Alliage d'aluminium CNC.<\/li>\n<li><strong>Dimensions<\/strong>: 348 x 489,8 x 368,5 mm<\/li>\n<li><strong>Poids<\/strong>: 7,6 kg<\/li>\n<\/ul>\n<p><strong>Avantages :<\/strong><\/p>\n<ul>\n<li><strong>Installation facile<\/strong>: conception optimis\u00e9e pour une installation rapide et facile.<\/li>\n<li><strong>Personnalisation<\/strong>: hautement personnalisable pour s'adapter \u00e0 une vari\u00e9t\u00e9 de pr\u00e9f\u00e9rences en mati\u00e8re de conduite.<\/li>\n<li><strong>R\u00e9alisme<\/strong>: Fournit un retour d'information et des sensations r\u00e9alistes, am\u00e9liorant ainsi l'exp\u00e9rience de la course.<\/li>\n<li><strong>Durabilit\u00e9<\/strong>: Con\u00e7u pour r\u00e9sister \u00e0 une utilisation intense, garantissant une fiabilit\u00e9 \u00e0 long terme.<\/li>\n<\/ul>\n<p>Simagic P1000 p\u00e9dalier modulaire - 3 p\u00e9dales<\/p>\n<p>NOUVELLES P\u00c9DALES SIMAGIC P1000<\/p>\n<p>Une toute nouvelle conception optimis\u00e9e qui facilite l'installation du p\u00e9dalier.<\/p>\n<p>Les p\u00e9dales P1000 sont dot\u00e9es d'une plaque de montage profil\u00e9e et d'un bo\u00eetier de c\u00e2blage pour une installation rapide.<\/p>\n<p>Simple, pratique et polyvalent<br \/>\nConception modulaire int\u00e9gr\u00e9e, remplacement rapide des tampons en caoutchouc pour un large choix de combinaisons.<br \/>\nIl est possible de r\u00e9aliser jusqu'\u00e0 27648 combinaisons diff\u00e9rentes, ce qui est suffisant pour r\u00e9pondre \u00e0 toutes les exigences.<br \/>\nLes capteurs \u00e0 cellule de charge et le capteur d'angle de Hall peuvent \u00eatre \u00e9chang\u00e9s librement.<br \/>\nPour les v\u00e9hicules de tourisme, dont la p\u00e9dale a une course plus longue, les capteurs d'angle de Hall sont plus pr\u00e9cis.<br \/>\nPour les voitures de course, dont la p\u00e9dale a moins de course, les capteurs \u00e0 cellule de charge sont plus pr\u00e9cis.<br \/>\nNOUVELLES P\u00c9DALES DE MARCHE ARRI\u00c8RE SIMAGIC P1000I<\/p>\n<p>Une toute nouvelle conception optimis\u00e9e qui facilite l'installation du p\u00e9dalier.<\/p>\n<p>Les p\u00e9dales P1000i sont dot\u00e9es d'une plaque de montage profil\u00e9e et d'un bo\u00eetier de c\u00e2blage pour une installation rapide.<\/p>\n<p>Simple, pratique et polyvalent<br \/>\nConception modulaire int\u00e9gr\u00e9e, remplacement rapide des tampons en caoutchouc pour un large choix de combinaisons.<br \/>\nIl est possible de r\u00e9aliser jusqu'\u00e0 27648 combinaisons diff\u00e9rentes, ce qui est suffisant pour r\u00e9pondre \u00e0 toutes les exigences.<br \/>\nLes capteurs \u00e0 cellule de charge et le capteur d'angle de Hall peuvent \u00eatre \u00e9chang\u00e9s librement.<br \/>\nPour les v\u00e9hicules de tourisme, dont la p\u00e9dale a une course plus longue, les capteurs d'angle de Hall sont plus pr\u00e9cis.<br \/>\nPour les voitures de course, dont la p\u00e9dale a moins de course, les capteurs \u00e0 cellule de charge sont plus pr\u00e9cis.<\/p>\n<p>FABRIQU\u00c9 AVEC LE PLUS GRAND SOIN, IL EST DURABLE ET FIABLE, GARANTISSANT DES PERFORMANCES OPTIMALES \u00c0 CHAQUE FOIS.<\/p>\n<p>La pr\u00e9cision revisit\u00e9e : La technologie CNC au service de la pr\u00e9cision.<br \/>\nDurabilit\u00e9 in\u00e9gal\u00e9e : R\u00e9siste \u00e0 des tests de plus de 200 000 coups de p\u00e9dale sans aucun d\u00e9faut.<br \/>\nLa construction en alliage d'aluminium garantit des performances exceptionnelles en cas d'utilisation intensive.<br \/>\nPossibilit\u00e9 de proc\u00e9der \u00e0 de multiples ajustements, tels que :<br \/>\nLa distance entre les p\u00e9dales est r\u00e9glable.<br \/>\nHauteur de p\u00e9dale r\u00e9glable<br \/>\nForce de l'acc\u00e9l\u00e9rateur r\u00e9glable<br \/>\nAngle de p\u00e9dale r\u00e9glable<br \/>\nCourse de la p\u00e9dale r\u00e9glable<br \/>\nR\u00e9glage rapide de l'embrayage<br \/>\nP-HPR (HAPTIC PEDALS REACTOR) - OPTIONNEL<\/p>\n<p>Les moteurs haptiques brevet\u00e9s de SIMAGIC simulent les m\u00eames forces que celles que l'on trouve dans les voitures de course, fournissant ainsi un retour d'information r\u00e9aliste et sans ambigu\u00eft\u00e9. La fr\u00e9quence et l'amplitude des vibrations peuvent \u00eatre r\u00e9gl\u00e9es et param\u00e9tr\u00e9es pour recr\u00e9er avec pr\u00e9cision les diverses r\u00e9actions de conduite de diff\u00e9rents v\u00e9hicules. Diff\u00e9rents r\u00e9glages de t\u00e9l\u00e9m\u00e9trie et caract\u00e9ristiques de vibrations peuvent \u00eatre modifi\u00e9s.<\/p>\n<p>P-HYS (SYST\u00c8ME HYDRAULIQUE) - EN OPTION<\/p>\n<p>Le syst\u00e8me de freinage hydraulique P-HYS en option peut reproduire plus fid\u00e8lement l'amortissement et le rebond des freins d'une voiture.<\/p>\n<p>CARACT\u00c9RISTIQUES TECHNIQUES :<br \/>\nR\u00e9solution : 12Bits (4096)<br \/>\nConnexion USB : PC, Simagic Wheelbase (port Can-Bus lat\u00e9ral)<br \/>\nCourse de la p\u00e9dale r\u00e9glable : Prise en charge<br \/>\nNiveau de force du ressort : Soutenu<br \/>\nCapteur Hall \/ Capteur LoadCell : Embrayage, frein<br \/>\nCapteur LoadCell : 100kg<br \/>\nHaptic Pedal Reactor : Pris en charge<br \/>\nCylindre hydraulique : En option<br \/>\nFace de la p\u00e9dale : Alliage d'aluminium anodis\u00e9<br \/>\nR\u00e9glage de l'angle\/de la position : Pris en charge<br \/>\nLin\u00e9arit\u00e9 r\u00e9glable : Prise en charge<br \/>\nForce de freinage r\u00e9glable : Prise en charge<br \/>\nZones mortes r\u00e9glables : Pris en charge<br \/>\nBo\u00eete de contr\u00f4le de la p\u00e9dale : Inclus<br \/>\nMat\u00e9riaux de construction : Fabriqu\u00e9 en aluminium usin\u00e9 CNC<br \/>\nDimensions : 348\u00d7489.8\u00d7368.5mm<br \/>\nPoids : 7,6 kg<\/p>\n<p><img decoding=\"async\" class=\"aligncenter\" src=\"https:\/\/www.noxgaming.ca\/wp-content\/uploads\/2026\/02\/P1000_pedal_introduction_500x-scaled.png\" \/><\/p>","protected":false},"excerpt":{"rendered":"<p>Modular pedals SIMAGIC P1000-F and P1000-FRS (Hydraulic) &#8211; Version 2 Pedals Product description: Introducing the SIMAGIC P1000 modular pedals, a state-of-the-art pedal board designed for road and race car simulations. Featuring an all-new, optimized design, the P1000 pedals eliminate complicated installation procedures, offering a simple yet versatile configuration. Equipped with a profiled installation plate and [&hellip;]<\/p>\n","protected":false},"featured_media":4934,"template":"","meta":{"_acf_changed":false},"product_brand":[334],"product_cat":[477],"product_tag":[342,371,335,336,319],"class_list":{"0":"post-4932","1":"product","2":"type-product","3":"status-publish","4":"has-post-thumbnail","6":"product_brand-simagic","7":"product_cat-pedals-en","8":"product_tag-pedals","9":"product_tag-sbf25","10":"product_tag-sim-racing","11":"product_tag-simagic","12":"product_tag-tagbf25","14":"first","15":"instock","16":"taxable","17":"shipping-taxable","18":"purchasable","19":"product-type-variable"},"acf":[],"_links":{"self":[{"href":"https:\/\/www.noxgaming.ca\/fr\/wp-json\/wp\/v2\/product\/4932","targetHints":{"allow":["GET"]}}],"collection":[{"href":"https:\/\/www.noxgaming.ca\/fr\/wp-json\/wp\/v2\/product"}],"about":[{"href":"https:\/\/www.noxgaming.ca\/fr\/wp-json\/wp\/v2\/types\/product"}],"wp:featuredmedia":[{"embeddable":true,"href":"https:\/\/www.noxgaming.ca\/fr\/wp-json\/wp\/v2\/media\/4934"}],"wp:attachment":[{"href":"https:\/\/www.noxgaming.ca\/fr\/wp-json\/wp\/v2\/media?parent=4932"}],"wp:term":[{"taxonomy":"product_brand","embeddable":true,"href":"https:\/\/www.noxgaming.ca\/fr\/wp-json\/wp\/v2\/product_brand?post=4932"},{"taxonomy":"product_cat","embeddable":true,"href":"https:\/\/www.noxgaming.ca\/fr\/wp-json\/wp\/v2\/product_cat?post=4932"},{"taxonomy":"product_tag","embeddable":true,"href":"https:\/\/www.noxgaming.ca\/fr\/wp-json\/wp\/v2\/product_tag?post=4932"}],"curies":[{"name":"wp","href":"https:\/\/api.w.org\/{rel}","templated":true}]}}