{"id":4913,"date":"2025-04-16T19:13:07","date_gmt":"2025-04-16T23:13:07","guid":{"rendered":"https:\/\/www.noxgaming.ca\/product\/front-mounting-bracket-simagic-evo-mb-f\/"},"modified":"2026-04-17T13:44:47","modified_gmt":"2026-04-17T17:44:47","slug":"front-mounting-bracket-simagic-evo-mb-f","status":"publish","type":"product","link":"https:\/\/www.noxgaming.ca\/fr\/product\/front-mounting-bracket-simagic-evo-mb-f\/","title":{"rendered":"Support de montage avant pour la s\u00e9rie SIMAGIC EVO - MB-F"},"content":{"rendered":"","protected":false},"excerpt":{"rendered":"<p><strong data-start=\"68\" data-end=\"116\">Support de montage avant - S\u00e9rie SIMAGIC EVO<\/strong><br data-start=\"116\" data-end=\"119\">Con\u00e7u pour une rigidit\u00e9 maximale et une installation propre, ce support en aluminium usin\u00e9 CNC te permet de fixer solidement ta base Alpha EVO \u00e0 l'avant, que ce soit sur un ch\u00e2ssis en aluminium ou une structure personnalis\u00e9e.<\/p>","protected":false},"featured_media":4914,"template":"","meta":{"_acf_changed":false},"product_brand":[334],"product_cat":[511],"product_tag":[335,341,336,344],"class_list":{"0":"post-4913","1":"product","2":"type-product","3":"status-publish","4":"has-post-thumbnail","6":"product_brand-simagic","7":"product_cat-simracing-mounts","8":"product_tag-sim-racing","9":"product_tag-sim-racing-accessories","10":"product_tag-simagic","11":"product_tag-wheelbase-accessories","13":"first","14":"instock","15":"taxable","16":"shipping-taxable","17":"purchasable","18":"product-type-simple"},"acf":[],"_links":{"self":[{"href":"https:\/\/www.noxgaming.ca\/fr\/wp-json\/wp\/v2\/product\/4913","targetHints":{"allow":["GET"]}}],"collection":[{"href":"https:\/\/www.noxgaming.ca\/fr\/wp-json\/wp\/v2\/product"}],"about":[{"href":"https:\/\/www.noxgaming.ca\/fr\/wp-json\/wp\/v2\/types\/product"}],"wp:featuredmedia":[{"embeddable":true,"href":"https:\/\/www.noxgaming.ca\/fr\/wp-json\/wp\/v2\/media\/4914"}],"wp:attachment":[{"href":"https:\/\/www.noxgaming.ca\/fr\/wp-json\/wp\/v2\/media?parent=4913"}],"wp:term":[{"taxonomy":"product_brand","embeddable":true,"href":"https:\/\/www.noxgaming.ca\/fr\/wp-json\/wp\/v2\/product_brand?post=4913"},{"taxonomy":"product_cat","embeddable":true,"href":"https:\/\/www.noxgaming.ca\/fr\/wp-json\/wp\/v2\/product_cat?post=4913"},{"taxonomy":"product_tag","embeddable":true,"href":"https:\/\/www.noxgaming.ca\/fr\/wp-json\/wp\/v2\/product_tag?post=4913"}],"curies":[{"name":"wp","href":"https:\/\/api.w.org\/{rel}","templated":true}]}}