{"id":4908,"date":"2025-04-15T18:16:34","date_gmt":"2025-04-15T22:16:34","guid":{"rendered":"https:\/\/www.noxgaming.ca\/product\/simagic-evo-sport-9nm-wheelbase\/"},"modified":"2026-04-17T13:44:48","modified_gmt":"2026-04-17T17:44:48","slug":"simagic-evo-sport-9nm-wheelbase","status":"publish","type":"product","link":"https:\/\/www.noxgaming.ca\/fr\/product\/simagic-evo-sport-9nm-wheelbase\/","title":{"rendered":"SIMAGIC EVO Sport 9Nm Base de volant"},"content":{"rendered":"<p><img decoding=\"async\" src=\"https:\/\/www.noxgaming.ca\/wp-content\/uploads\/2026\/02\/EVO_Pre-Order_Product_Page-scaled.png\" alt=\"EVO_Pre-Order_Product_Page.png__PID:fa7acbc8-3acd-44ed-a795-830a95571c8d\" \/><\/p>","protected":false},"excerpt":{"rendered":"<p>Alpha EVO Sport - 9Nm Compact et accessible. Id\u00e9al pour les coureurs d\u00e9butants qui recherchent les performances caract\u00e9ristiques de Simagic.<\/p>","protected":false},"featured_media":4907,"template":"","meta":{"_acf_changed":false},"product_brand":[334],"product_cat":[484],"product_tag":[335,336,375],"class_list":{"0":"post-4908","1":"product","2":"type-product","3":"status-publish","4":"has-post-thumbnail","6":"product_brand-simagic","7":"product_cat-wheelbase","8":"product_tag-sim-racing","9":"product_tag-simagic","10":"product_tag-wheelbase","12":"first","13":"onbackorder","14":"taxable","15":"shipping-taxable","16":"purchasable","17":"product-type-simple"},"acf":[],"_links":{"self":[{"href":"https:\/\/www.noxgaming.ca\/fr\/wp-json\/wp\/v2\/product\/4908","targetHints":{"allow":["GET"]}}],"collection":[{"href":"https:\/\/www.noxgaming.ca\/fr\/wp-json\/wp\/v2\/product"}],"about":[{"href":"https:\/\/www.noxgaming.ca\/fr\/wp-json\/wp\/v2\/types\/product"}],"wp:featuredmedia":[{"embeddable":true,"href":"https:\/\/www.noxgaming.ca\/fr\/wp-json\/wp\/v2\/media\/4907"}],"wp:attachment":[{"href":"https:\/\/www.noxgaming.ca\/fr\/wp-json\/wp\/v2\/media?parent=4908"}],"wp:term":[{"taxonomy":"product_brand","embeddable":true,"href":"https:\/\/www.noxgaming.ca\/fr\/wp-json\/wp\/v2\/product_brand?post=4908"},{"taxonomy":"product_cat","embeddable":true,"href":"https:\/\/www.noxgaming.ca\/fr\/wp-json\/wp\/v2\/product_cat?post=4908"},{"taxonomy":"product_tag","embeddable":true,"href":"https:\/\/www.noxgaming.ca\/fr\/wp-json\/wp\/v2\/product_tag?post=4908"}],"curies":[{"name":"wp","href":"https:\/\/api.w.org\/{rel}","templated":true}]}}