{"id":4882,"date":"2025-04-09T15:57:34","date_gmt":"2025-04-09T19:57:34","guid":{"rendered":"https:\/\/www.noxgaming.ca\/product\/6s-slim-v2-sim-racing-chassis\/"},"modified":"2026-04-17T13:44:53","modified_gmt":"2026-04-17T17:44:53","slug":"6s-slim-v2-sim-racing-chassis","status":"publish","type":"product","link":"https:\/\/www.noxgaming.ca\/fr\/product\/6s-slim-v2-sim-racing-chassis\/","title":{"rendered":"6S-Slim v2 Ch\u00e2ssis Sim Racing avec support de levier de vitesse"},"content":{"rendered":"<p dir=\"ltr\" style=\"text-align: left;\"><strong>Le si\u00e8ge est optionnel. <\/strong><\/p>\n<p style=\"text-align: left;\"><strong>DESCRIPTION<\/strong><\/p>\n<p dir=\"ltr\" style=\"text-align: left;\">Le 6S-Slim offre une qualit\u00e9 imbattable dans cette gamme de prix !<\/p>\n<p dir=\"ltr\">Le 6S-Slim est recommand\u00e9 pour les bases DD avec une force maximale de 10nm.<\/p>\n<p dir=\"ltr\" style=\"text-align: left;\">Fabriqu\u00e9 en aluminium l\u00e9ger, robuste et durable de qualit\u00e9 40 avec une finition noire mate et lisse qui a fi\u00e8re allure avec un minimum d'encombrement.<\/p>\n<p dir=\"ltr\" style=\"text-align: left;\">Prend en charge les bases de volant direct drive jusqu'\u00e0 10 Nm et les p\u00e9dales \u00e0 loadcell haut de gamme pour te donner une longueur d'avance sur tes concurrents.<\/p>\n<p dir=\"ltr\" style=\"text-align: left;\">Nos cadres robustes sont exempts de flexion 100%. Le 6S-Slim ne subit aucune perte de retour de force, ce qui te permet de vivre une exp\u00e9rience immersive de simulation de course et d'obtenir des performances de premier ordre.<\/p>\n<p dir=\"ltr\" style=\"text-align: left;\"><strong>CARACT\u00c9RISTIQUES<\/strong><\/p>\n<ul style=\"text-align: left;\">\n<li dir=\"ltr\">\n<p dir=\"ltr\">Plate-forme de p\u00e9dale r\u00e9glable<\/p>\n<\/li>\n<\/ul>\n<p dir=\"ltr\" style=\"text-align: left;\">Notre plateau de p\u00e9dales est con\u00e7u pour \u00eatre multir\u00e9glable. Facile \u00e0 d\u00e9placer dans la position que tu pr\u00e9f\u00e8res et 100% sans flexion, m\u00eame en cas d'utilisation intensive (75 kg).<\/p>\n<ul style=\"text-align: left;\">\n<li dir=\"ltr\">\n<p dir=\"ltr\">Support de roue<\/p>\n<\/li>\n<\/ul>\n<p dir=\"ltr\" style=\"text-align: left;\">Style de montage inf\u00e9rieur avec r\u00e9glage de l'angle. La barre transversale en aluminium \u00e0 profil plein offre un soutien puissant \u00e0 ta roue lors d'une utilisation rigoureuse.<\/p>\n<ul style=\"text-align: left;\">\n<li dir=\"ltr\">\n<p dir=\"ltr\">Plaque de renforcement<\/p>\n<\/li>\n<\/ul>\n<p dir=\"ltr\" style=\"text-align: left;\">Le kit de plaques de renfort en option offre une r\u00e9sistance et une rigidit\u00e9 suppl\u00e9mentaires, m\u00eame pour les coureurs les plus exigeants.<\/p>\n<ul style=\"text-align: left;\">\n<li dir=\"ltr\">\n<p dir=\"ltr\">Kit de support de levier de vitesse et de souris<\/p>\n<\/li>\n<\/ul>\n<p dir=\"ltr\" style=\"text-align: left;\">Kit de support pour le levier de vitesse et le tapis de souris en option<\/p>\n<ul style=\"text-align: left;\">\n<li dir=\"ltr\">\n<p dir=\"ltr\">Pont d'empattement<\/p>\n<\/li>\n<\/ul>\n<p dir=\"ltr\" style=\"text-align: left;\">Pont de volant hautement r\u00e9glable pour t'aider \u00e0 atteindre ta position de course id\u00e9ale.<\/p>\n<p dir=\"ltr\" style=\"text-align: left;\"><strong>DIMENSIONS<\/strong><\/p>\n<p dir=\"ltr\" style=\"text-align: left;\">Longueur 120 cm<\/p>\n<p dir=\"ltr\" style=\"text-align: left;\">Largeur 52cm<\/p>\n<p dir=\"ltr\" style=\"text-align: left;\">Hauteur 67 cm<\/p>\n<p dir=\"ltr\" style=\"text-align: left;\">Poids 19,5 kg<\/p>\n<div><img decoding=\"async\" class=\"aligncenter\" src=\"https:\/\/www.noxgaming.ca\/wp-content\/uploads\/2026\/02\/6S-Slim_Full-scaled.png\" \/><\/div>","protected":false},"excerpt":{"rendered":"<p>The seat is optional. DESCRIPTION The 6S-Slim offers unbeatable quality in this price range! The 6S-Slim is recommended for DD bases with a maximum force of 10nm. Made from lightweight, sturdy and durable 40-grade aluminum with a smooth matte black finish that looks great with minimal bulk. Supports direct-drive wheelbases up to 10 Nm and [&hellip;]<\/p>\n","protected":false},"featured_media":4884,"template":"","meta":{"_acf_changed":false},"product_brand":[386],"product_cat":[500],"product_tag":[387,389,388,405,335,319],"class_list":{"0":"post-4882","1":"product","2":"type-product","3":"status-publish","4":"has-post-thumbnail","6":"product_brand-6-sigma","7":"product_cat-chassis-en-2","8":"product_tag-6-sigma","9":"product_tag-6bf25","10":"product_tag-frames","11":"product_tag-frames-chassis","12":"product_tag-sim-racing","13":"product_tag-tagbf25","15":"first","16":"onbackorder","17":"taxable","18":"shipping-taxable","19":"purchasable","20":"product-type-simple"},"acf":[],"_links":{"self":[{"href":"https:\/\/www.noxgaming.ca\/fr\/wp-json\/wp\/v2\/product\/4882","targetHints":{"allow":["GET"]}}],"collection":[{"href":"https:\/\/www.noxgaming.ca\/fr\/wp-json\/wp\/v2\/product"}],"about":[{"href":"https:\/\/www.noxgaming.ca\/fr\/wp-json\/wp\/v2\/types\/product"}],"wp:featuredmedia":[{"embeddable":true,"href":"https:\/\/www.noxgaming.ca\/fr\/wp-json\/wp\/v2\/media\/4884"}],"wp:attachment":[{"href":"https:\/\/www.noxgaming.ca\/fr\/wp-json\/wp\/v2\/media?parent=4882"}],"wp:term":[{"taxonomy":"product_brand","embeddable":true,"href":"https:\/\/www.noxgaming.ca\/fr\/wp-json\/wp\/v2\/product_brand?post=4882"},{"taxonomy":"product_cat","embeddable":true,"href":"https:\/\/www.noxgaming.ca\/fr\/wp-json\/wp\/v2\/product_cat?post=4882"},{"taxonomy":"product_tag","embeddable":true,"href":"https:\/\/www.noxgaming.ca\/fr\/wp-json\/wp\/v2\/product_tag?post=4882"}],"curies":[{"name":"wp","href":"https:\/\/api.w.org\/{rel}","templated":true}]}}