{"id":4878,"date":"2025-03-31T19:56:15","date_gmt":"2025-03-31T23:56:15","guid":{"rendered":"https:\/\/www.noxgaming.ca\/product\/6s-80-v2-sim-racing-chassis\/"},"modified":"2026-04-17T13:45:04","modified_gmt":"2026-04-17T17:45:04","slug":"6s-80-v2-sim-racing-chassis","status":"publish","type":"product","link":"https:\/\/www.noxgaming.ca\/fr\/product\/6s-80-v2-sim-racing-chassis\/","title":{"rendered":"6S-80 V2 Sim Racing Chassis avec support de changement de vitesse"},"content":{"rendered":"<p><strong>Le cockpit de simulation de course 6S-80 : Con\u00e7u pour les coureurs professionnels<\/strong><br \/>\nC'est la solution ultime pour les amateurs de simulation de course de niveau moyen et professionnel. Fabriqu\u00e9 en aluminium de haute qualit\u00e9 et tr\u00e8s r\u00e9sistant de la s\u00e9rie 40 avec une finition noire mate, ce ch\u00e2ssis est l\u00e9ger, durable et offre un encombrement minimal. Con\u00e7u pour les coureurs s\u00e9rieux, le 6S-80 garantit une stabilit\u00e9 et des performances in\u00e9gal\u00e9es pour une exp\u00e9rience de course immersive de niveau professionnel.<\/p>\n<p><strong>Pourquoi le 6S-80 est id\u00e9al<\/strong><br \/>\nUn ch\u00e2ssis performant n\u00e9cessite une construction pr\u00e9cise et des mat\u00e9riaux robustes pour garantir la fiabilit\u00e9 et l'immersion. Le 6S-80 est con\u00e7u pour offrir une exp\u00e9rience sans retour de force, garantissant que chaque mouvement est reproduit avec pr\u00e9cision. Cette conception robuste \u00e9limine la flexion, m\u00eame en cas d'utilisation intensive avec des syst\u00e8mes de mouvement avanc\u00e9s ou des roues \u00e0 entra\u00eenement direct.<\/p>\n<p>Le 6S-80 est fortement recommand\u00e9 pour les cavaliers qui utilisent un syst\u00e8me d'entra\u00eenement direct de 15 N\/m, et constitue le choix id\u00e9al pour l'int\u00e9gration aux syst\u00e8mes de mouvement. Son ing\u00e9nierie bien pens\u00e9e garantit une exp\u00e9rience fluide et immersive adapt\u00e9e aux besoins des cavaliers de niveau moyen et professionnel.<\/p>\n<p><strong>Les caract\u00e9ristiques qui d\u00e9finissent un ch\u00e2ssis professionnel.<\/strong><br \/>\nPlaque de p\u00e9dale r\u00e9glable pour plus de confort<br \/>\nLe 6S-80 est dot\u00e9 d'un plateau de p\u00e9dale enti\u00e8rement r\u00e9glable pour s'adapter \u00e0 la position que tu pr\u00e9f\u00e8res. Il reste 100% sans flexion, ce qui garantit la pr\u00e9cision m\u00eame pendant les s\u00e9ances de freinage intenses.<\/p>\n<p><strong>Fixation des roues avec une stabilit\u00e9 rigoureuse<\/strong><br \/>\nLe poste de pilotage est \u00e9quip\u00e9 d'un syst\u00e8me de roues mont\u00e9es sur le bas avec r\u00e9glage de l'angle. La barre transversale en aluminium est con\u00e7ue pour une stabilit\u00e9 maximale dans les sc\u00e9narios de retour de force.<\/p>\n<p>Changeur de vitesse <strong>bras et<\/strong> d\u00e9calage <strong> <span style=\"color: #ff0000;\">support (inclus)<\/span><\/strong><br \/>\nAm\u00e9liore ton installation avec le support de levier de vitesse, qui offre de la flexibilit\u00e9 pour diff\u00e9rents styles de conduite.<\/p>\n<p><strong>Plaque d'empattement<\/strong><br \/>\nL'empattement hautement r\u00e9glable permet aux coureurs d'atteindre leur position de conduite parfaite sans effort. Il s'adapte aux exigences des coureurs occasionnels et comp\u00e9titifs.<\/p>\n<p><strong>Support de si\u00e8ge robuste<\/strong><br \/>\nCon\u00e7u pour une rigidit\u00e9 accrue, le syst\u00e8me de fixation de la selle garantit des performances et un confort durables, m\u00eame pendant les courses d'endurance.<\/p>\n<p><strong>Int\u00e9gration transparente avec les accessoires<\/strong><br \/>\nLe cockpit 6S-80 Sim Racing peut \u00eatre encore am\u00e9lior\u00e9 en le combinant avec des accessoires de la collection d'accessoires Sim Racing Cockpit. Ces accessoires comprennent des si\u00e8ges ergonomiques, des supports de levier de vitesse et des plaques de p\u00e9dales pour cr\u00e9er une configuration de course enti\u00e8rement personnalis\u00e9e et de qualit\u00e9 professionnelle. Pour un guide complet sur la fa\u00e7on d'optimiser ton cockpit, visite le guide du garage Sim Racing.<\/p>\n<p><strong>Con\u00e7u pour les syst\u00e8mes de mouvement et les courses professionnelles<\/strong><br \/>\nLe poste de pilotage 6S-80 Sim Racing est sp\u00e9cialement con\u00e7u pour fonctionner en toute transparence avec les syst\u00e8mes de mouvement, offrant aux coureurs une exp\u00e9rience immersive qui refl\u00e8te les courses du monde r\u00e9el. La construction robuste en aluminium de la s\u00e9rie 40 garantit la stabilit\u00e9, m\u00eame sous les exigences de couple \u00e9lev\u00e9 de l'\u00e9quipement de course avanc\u00e9. Que tu simules des virages serr\u00e9s ou des lignes droites \u00e0 grande vitesse, ce ch\u00e2ssis offre des performances et une pr\u00e9cision in\u00e9gal\u00e9es.<\/p>\n<p><strong>Dimensions et sp\u00e9cifications<\/strong><br \/>\nLongueur : 128 cm<br \/>\nLargeur : 62 cm<br \/>\nHauteur : 70 cm<br \/>\nPoids : 30 kg<br \/>\nCes dimensions compactes permettent au cockpit de s'int\u00e9grer parfaitement \u00e0 ton espace de jeu tout en offrant des fonctionnalit\u00e9s de niveau professionnel.<\/p>\n<p><strong>Parfait pour tous les amateurs de simulation de course<\/strong><br \/>\nQue tu sois un coureur occasionnel qui met \u00e0 jour sa configuration ou un professionnel qui perfectionne ses comp\u00e9tences, le 6S-80 offre une durabilit\u00e9, une stabilit\u00e9 et une immersion in\u00e9gal\u00e9es. Son design \u00e9l\u00e9gant et ses fonctions avanc\u00e9es en font un excellent choix pour tous ceux qui cherchent \u00e0 am\u00e9liorer leur exp\u00e9rience de course en simulateur.<\/p>\n<p><strong>Rejoins la communaut\u00e9 Sim Racing<\/strong><br \/>\nEn choisissant le cockpit Sim Racing 6S-80, tu rejoins une communaut\u00e9 de coureurs passionn\u00e9s, vou\u00e9s \u00e0 l'excellence. D\u00e9couvre d'autres produits, guides et accessoires sur notre page Accessoires Sim Racing pour faire passer tes courses au niveau sup\u00e9rieur.<\/p>","protected":false},"excerpt":{"rendered":"<p>The 6S-80 racing simulation cockpit: Designed for professional racers This is the ultimate solution for mid-level and professional racing simulation enthusiasts. Made from high-grade, heavy-duty 40-series aluminum with a matte black finish, this chassis is lightweight, durable and offers a minimal footprint. Designed for serious racers, the 6S-80 guarantees unrivalled stability and performance for an [&hellip;]<\/p>\n","protected":false},"featured_media":4879,"template":"","meta":{"_acf_changed":false},"product_brand":[386],"product_cat":[500],"product_tag":[387,389,388,405,335,319],"class_list":{"0":"post-4878","1":"product","2":"type-product","3":"status-publish","4":"has-post-thumbnail","6":"product_brand-6-sigma","7":"product_cat-chassis-en-2","8":"product_tag-6-sigma","9":"product_tag-6bf25","10":"product_tag-frames","11":"product_tag-frames-chassis","12":"product_tag-sim-racing","13":"product_tag-tagbf25","14":"pa_wheel-deck-cnc-bottom-mount","15":"pa_wheel-deck-front-mount","16":"pa_wheel-deck-simagic-evo-mount","17":"pa_wheel-deck-standard-cnc-deck-mount","18":"pa_wheel-deck-standard-deck-mount","20":"first","21":"instock","22":"taxable","23":"shipping-taxable","24":"purchasable","25":"product-type-variable"},"acf":[],"_links":{"self":[{"href":"https:\/\/www.noxgaming.ca\/fr\/wp-json\/wp\/v2\/product\/4878","targetHints":{"allow":["GET"]}}],"collection":[{"href":"https:\/\/www.noxgaming.ca\/fr\/wp-json\/wp\/v2\/product"}],"about":[{"href":"https:\/\/www.noxgaming.ca\/fr\/wp-json\/wp\/v2\/types\/product"}],"wp:featuredmedia":[{"embeddable":true,"href":"https:\/\/www.noxgaming.ca\/fr\/wp-json\/wp\/v2\/media\/4879"}],"wp:attachment":[{"href":"https:\/\/www.noxgaming.ca\/fr\/wp-json\/wp\/v2\/media?parent=4878"}],"wp:term":[{"taxonomy":"product_brand","embeddable":true,"href":"https:\/\/www.noxgaming.ca\/fr\/wp-json\/wp\/v2\/product_brand?post=4878"},{"taxonomy":"product_cat","embeddable":true,"href":"https:\/\/www.noxgaming.ca\/fr\/wp-json\/wp\/v2\/product_cat?post=4878"},{"taxonomy":"product_tag","embeddable":true,"href":"https:\/\/www.noxgaming.ca\/fr\/wp-json\/wp\/v2\/product_tag?post=4878"}],"curies":[{"name":"wp","href":"https:\/\/api.w.org\/{rel}","templated":true}]}}