{"id":4851,"date":"2025-04-04T19:24:49","date_gmt":"2025-04-04T23:24:49","guid":{"rendered":"https:\/\/www.noxgaming.ca\/product\/nox-nova-gaming-pc-rtx-5080-ryzen-7-9800x3d\/"},"modified":"2026-05-01T11:00:43","modified_gmt":"2026-05-01T15:00:43","slug":"nox-nova-gaming-pc-rtx-5080-ryzen-7-9800x3d","status":"publish","type":"product","link":"https:\/\/www.noxgaming.ca\/fr\/product\/nox-nova-gaming-pc-rtx-5080-ryzen-7-9800x3d\/","title":{"rendered":"NOX NOVA Gaming PC (RTX 5080 - Ryzen 7 9800X3D)"},"content":{"rendered":"<p class=\"\" data-start=\"152\" data-end=\"411\"><strong data-start=\"152\" data-end=\"207\">D\u00e9couvre le PC de jeu NOX Nova - ton nouveau vaisseau amiral.<\/strong> Ce PC pr\u00e9-assembl\u00e9 combine puissance brute et style cosmique pour te donner une exp\u00e9rience fluide, rapide et carr\u00e9ment satisfaisante, que tu sois au milieu d'un jeu, d'un montage vid\u00e9o ou d'un multit\u00e2che intensif.<\/p>\n<p class=\"\" data-start=\"937\" data-end=\"1051\"><strong data-start=\"937\" data-end=\"1011\">NOX Nova est l'explosion de puissance et de style que tu attendais.<\/strong> Pr\u00e9pare-toi \u00e0 briller - \u00e0 l'int\u00e9rieur comme \u00e0 l'ext\u00e9rieur.<\/p>\n<p data-start=\"937\" data-end=\"1051\">Garantie de 3 ans sur les pi\u00e8ces et la main d'\u0153uvre incluse.<\/p>","protected":false},"excerpt":{"rendered":"<p class=\"\" data-start=\"152\" data-end=\"411\"><strong data-start=\"152\" data-end=\"207\">D\u00e9couvre le NOX Nova - ton nouveau fleuron.<\/strong> Ce PC pr\u00e9-assembl\u00e9 combine puissance brute et style cosmique pour te donner une exp\u00e9rience fluide, rapide et carr\u00e9ment satisfaisante, que tu sois au milieu d'un jeu, d'un montage vid\u00e9o ou d'un multit\u00e2che intensif.<\/p>\n<p class=\"\" data-start=\"413\" data-end=\"688\">Son \u00e9l\u00e9gant design noir est rehauss\u00e9 par des effets RVB personnalisables qui brillent \u00e0 travers chaque composant, des c\u00e2bles d'alimentation lumineux \u00e0 la RAM synchronis\u00e9e. Gr\u00e2ce \u00e0 son stockage ultra-rapide de 2 To NVMe PCIe 5.0, tu peux dire adieu aux temps de chargement interminables.<\/p>\n<p class=\"\" data-start=\"690\" data-end=\"935\">Les ventilateurs Cosmiq noirs assurent un refroidissement optimal, et le tout est soutenu par une base solide et fiable avec le Phanteks NV5. Chaque d\u00e9tail a \u00e9t\u00e9 pens\u00e9 pour te donner une performance maximale, sans compromis.<\/p>\n<p class=\"\" data-start=\"937\" data-end=\"1051\"><strong data-start=\"937\" data-end=\"1011\">NOX Nova est l'explosion de puissance et de style que tu attendais.<\/strong> Pr\u00e9pare-toi \u00e0 briller - \u00e0 l'int\u00e9rieur comme \u00e0 l'ext\u00e9rieur.<\/p>","protected":false},"featured_media":4852,"template":"","meta":{"_acf_changed":false},"product_brand":[313],"product_cat":[455],"product_tag":[315,316,317,318,541,319],"class_list":{"0":"post-4851","1":"product","2":"type-product","3":"status-publish","4":"has-post-thumbnail","6":"product_brand-nox-gaming","7":"product_cat-gaming-pc","8":"product_tag-gaming-pc","9":"product_tag-nbf25","10":"product_tag-nox-gaming","11":"product_tag-pcs","12":"product_tag-preconfigured","13":"product_tag-tagbf25","15":"first","16":"instock","17":"taxable","18":"shipping-taxable","19":"purchasable","20":"product-type-composite"},"acf":[],"_links":{"self":[{"href":"https:\/\/www.noxgaming.ca\/fr\/wp-json\/wp\/v2\/product\/4851","targetHints":{"allow":["GET"]}}],"collection":[{"href":"https:\/\/www.noxgaming.ca\/fr\/wp-json\/wp\/v2\/product"}],"about":[{"href":"https:\/\/www.noxgaming.ca\/fr\/wp-json\/wp\/v2\/types\/product"}],"wp:featuredmedia":[{"embeddable":true,"href":"https:\/\/www.noxgaming.ca\/fr\/wp-json\/wp\/v2\/media\/4852"}],"wp:attachment":[{"href":"https:\/\/www.noxgaming.ca\/fr\/wp-json\/wp\/v2\/media?parent=4851"}],"wp:term":[{"taxonomy":"product_brand","embeddable":true,"href":"https:\/\/www.noxgaming.ca\/fr\/wp-json\/wp\/v2\/product_brand?post=4851"},{"taxonomy":"product_cat","embeddable":true,"href":"https:\/\/www.noxgaming.ca\/fr\/wp-json\/wp\/v2\/product_cat?post=4851"},{"taxonomy":"product_tag","embeddable":true,"href":"https:\/\/www.noxgaming.ca\/fr\/wp-json\/wp\/v2\/product_tag?post=4851"}],"curies":[{"name":"wp","href":"https:\/\/api.w.org\/{rel}","templated":true}]}}