{"id":4659,"date":"2025-01-29T18:36:39","date_gmt":"2025-01-29T23:36:39","guid":{"rendered":"https:\/\/www.noxgaming.ca\/product\/en-stock-pc-gaming-hybride-ryzen-7-7700x-32gb-ram-rtx-3080-10gb\/"},"modified":"2026-04-17T13:45:32","modified_gmt":"2026-04-17T17:45:32","slug":"en-stock-pc-gaming-hybride-ryzen-7-7700x-32gb-ram-rtx-3080-10gb","status":"publish","type":"product","link":"https:\/\/www.noxgaming.ca\/fr\/product\/en-stock-pc-gaming-hybride-ryzen-7-7700x-32gb-ram-rtx-3080-10gb\/","title":{"rendered":"PC de jeu hybride (Ryzen 7 7700X - 32GB RAM - RTX 3080 10GB)"},"content":{"rendered":"","protected":false},"excerpt":{"rendered":"<p>1 AN DE GARANTIE<\/p>\n<p>Profite de cette machine de guerre qui t'aidera \u00e0 \u00e9craser tes ennemis ! Avec cet atout \u00e0 tes c\u00f4t\u00e9s, tu pourras d\u00e9truire tout ce qui bouge et battre le jeu en un claquement de doigts !<\/p>\n<p>Excellente machine pour les jeux 1080P et 2K \u00e0 des centaines de FPS !<\/p>\n<p>Les machines sont enti\u00e8rement assembl\u00e9es, configur\u00e9es et pr\u00eates \u00e0 jouer :<br \/>\n\u2705 Windows install\u00e9 et \u00e0 jour<br \/>\n\u2705 Windows activ\u00e9 l\u00e9galement<br \/>\n\u2705 Pilotes install\u00e9s et \u00e0 jour<br \/>\n\u2705 Antivirus install\u00e9<br \/>\n\u2705 Test\u00e9 et mis \u00e0 l'\u00e9preuve du stress<br \/>\n\u2705 Soutien \u00e0 distance<\/p>\n<p>Processeur (CPU) :<br \/>\nRyzen 7 7700X (8 c\u0153urs, 16 fils, horloge Boost max. 5,4 GHz)<\/p>\n<p>Carte graphique (GPU) :<br \/>\nNVIDIA RTX 3080 10 Go Remis \u00e0 neuf<\/p>\n<p>Bloc d'alimentation (PSU) :<br \/>\n1000W PSU EVGA Remis \u00e0 neuf<\/p>\n<p>M\u00e9moire vive (RAM)<br \/>\n32 Go de RAM DDR5 5200MHz G.Skill<\/p>\n<p>Refroidissement :<br \/>\nRefroidissement par air Double radiateur RGB<br \/>\n7X ventilateurs contr\u00f4lables RGB<\/p>\n<p>Stockage :<br \/>\n1 To NVMe PCIe 4.0 6000MB\/s<\/p>\n<p>Accessoires :<br \/>\nSupport horizontal noir - RGB<\/p>\n<p>Cas :<br \/>\nVetroo Mesh-7C<\/p>\n<p>Syst\u00e8me d'exploitation :<br \/>\nWindows 11 Home<\/p>\n<p>Wi-Fi :<br \/>\nWi-Fi 6 Antenne 6 + Bluetooth<\/p>\n<p>Garantie :<br \/>\nGarantie de 1 an<\/p>","protected":false},"featured_media":4660,"template":"","meta":{"_acf_changed":false},"product_brand":[406],"product_cat":[472],"product_tag":[],"class_list":{"0":"post-4659","1":"product","2":"type-product","3":"status-publish","4":"has-post-thumbnail","6":"product_brand-nox-gaming-hybrid","7":"product_cat-hybrid-pcs","9":"first","10":"outofstock","11":"sale","12":"taxable","13":"shipping-taxable","14":"purchasable","15":"product-type-simple"},"acf":[],"_links":{"self":[{"href":"https:\/\/www.noxgaming.ca\/fr\/wp-json\/wp\/v2\/product\/4659","targetHints":{"allow":["GET"]}}],"collection":[{"href":"https:\/\/www.noxgaming.ca\/fr\/wp-json\/wp\/v2\/product"}],"about":[{"href":"https:\/\/www.noxgaming.ca\/fr\/wp-json\/wp\/v2\/types\/product"}],"wp:featuredmedia":[{"embeddable":true,"href":"https:\/\/www.noxgaming.ca\/fr\/wp-json\/wp\/v2\/media\/4660"}],"wp:attachment":[{"href":"https:\/\/www.noxgaming.ca\/fr\/wp-json\/wp\/v2\/media?parent=4659"}],"wp:term":[{"taxonomy":"product_brand","embeddable":true,"href":"https:\/\/www.noxgaming.ca\/fr\/wp-json\/wp\/v2\/product_brand?post=4659"},{"taxonomy":"product_cat","embeddable":true,"href":"https:\/\/www.noxgaming.ca\/fr\/wp-json\/wp\/v2\/product_cat?post=4659"},{"taxonomy":"product_tag","embeddable":true,"href":"https:\/\/www.noxgaming.ca\/fr\/wp-json\/wp\/v2\/product_tag?post=4659"}],"curies":[{"name":"wp","href":"https:\/\/api.w.org\/{rel}","templated":true}]}}