{"id":4624,"date":"2024-12-11T20:24:57","date_gmt":"2024-12-12T01:24:57","guid":{"rendered":"https:\/\/www.noxgaming.ca\/product\/simagic-hcb-p2000-haptic-control-box\/"},"modified":"2026-05-05T19:14:18","modified_gmt":"2026-05-05T23:14:18","slug":"simagic-hcb-p2000-haptic-control-box","status":"publish","type":"product","link":"https:\/\/www.noxgaming.ca\/fr\/product\/simagic-hcb-p2000-haptic-control-box\/","title":{"rendered":"SIMAGIC P2000-HCB Bo\u00eetier de commande haptique avec support"},"content":{"rendered":"<p style=\"text-align: left;\">SIMAGIC - Bo\u00eetier de commande et support pour moteurs haptiques P-HPR pour p\u00e9dalier P2000<\/p>\n<p style=\"text-align: left;\">Ce kit comprend le(s) support(s) (1 \u00e0 3 en option) et le bo\u00eetier de commande sp\u00e9cifique pour les p\u00e9dales P2000.<\/p>\n<p style=\"text-align: left;\"><b>Caract\u00e9ristiques :<\/b><\/p>\n<ul style=\"text-align: left;\">\n<li><b>Aluminium usin\u00e9 CNC<\/b><\/li>\n<li><b>Compatibilit\u00e9 : <\/b>P2000<\/li>\n<li><b>Peut \u00eatre install\u00e9 sur : <\/b>P\u00e9dale d'acc\u00e9l\u00e9rateur, frein, embrayage<\/li>\n<li><b>Contenu de la bo\u00eete : <\/b>1x P-HCB, 1 \u00e0 3x support(s) optionnel(s)<\/li>\n<\/ul>\n<p style=\"text-align: left;\"><span style=\"color: #ff0000;\"><strong>ATTENTION : Les r\u00e9acteurs des p\u00e9dales haptiques et le bloc d'alimentation SIMAGIC(P-APS) ne sont pas inclus.<\/strong><\/span><\/p>\n<p style=\"text-align: left;\"><span style=\"color: #ff0000;\"><strong>Si tu poss\u00e8des d\u00e9j\u00e0 un bloc d'alimentation SIMAGIC (P-APS), tu n'as pas besoin d'en commander un deuxi\u00e8me. <\/strong><\/span><\/p>\n<p style=\"text-align: left;\"><span style=\"color: #ff0000;\"><strong>Le bo\u00eetier de commande est maintenant fourni avec le P2000. Il n'est donc pas n\u00e9cessaire d'en commander un deuxi\u00e8me. <\/strong><\/span><\/p>\n<p style=\"text-align: left;\"><span style=\"color: #ff0000;\"><strong>Con\u00e7u pour fonctionner EXCLUSIVEMENT avec les produits SIMAGIC. L'utilisation de ce produit sur des p\u00e9dales d'autres marques n'est pas prise en charge par SIMAGIC, et ne sera pas couverte par la garantie. <\/strong><\/span><\/p>\n<p><img decoding=\"async\" src=\"https:\/\/www.noxgaming.ca\/wp-content\/uploads\/2026\/02\/1_07490d9f-1a00-4853-87c0-477fe327d086_500x.png\" alt=\"1.png__PID:e55a8864-06de-468c-9ebf-b9dabf7ae873\" \/><\/p>\n<p><img decoding=\"async\" src=\"https:\/\/www.noxgaming.ca\/wp-content\/uploads\/2026\/02\/2_2d51f501-b869-402d-929b-e5d7716903cf_500x.png\" alt=\"2.png__PID:60c814df-6cd0-45cf-b061-3ee9eb558752\" \/><\/p>\n<p><img decoding=\"async\" src=\"https:\/\/www.noxgaming.ca\/wp-content\/uploads\/2026\/02\/3_2b6156ac-6ad9-4f79-9938-e91addb0e118_500x.png\" alt=\"3.png__PID:d14cb51d-9bae-4907-9b8c-e266660458c1\" \/><\/p>\n<p><img decoding=\"async\" src=\"https:\/\/www.noxgaming.ca\/wp-content\/uploads\/2026\/02\/4_e43f6936-0904-48b7-8334-a38c154d6ff1_500x.png\" alt=\"4.png__PID:28dd57ef-9f65-451b-9855-4e1deb6bcead\" \/><\/p>\n<p><img decoding=\"async\" src=\"https:\/\/www.noxgaming.ca\/wp-content\/uploads\/2026\/02\/5_389c0fc0-b064-4416-97bf-c0d173f0af2d_500x.png\" alt=\"5.png__PID:7e5ff030-10b3-47f7-a03d-43ea6f3454d8\" \/><\/p>\n<p><img decoding=\"async\" src=\"https:\/\/www.noxgaming.ca\/wp-content\/uploads\/2026\/02\/6_7486bf7a-5a03-480c-9ea1-541ec63ae649_500x.png\" alt=\"6.png__PID:73060667-e253-4b01-a3a5-045b65e703c1\" \/><\/p>\n<p><img decoding=\"async\" src=\"https:\/\/www.noxgaming.ca\/wp-content\/uploads\/2026\/02\/7_77ebd05a-e8eb-462a-8463-10022f1cde11_500x.png\" alt=\"7.png__PID:3f51b10d-dff1-474b-8387-58ff1ca55560\" \/><\/p>","protected":false},"excerpt":{"rendered":"<p>SIMAGIC &#8211; Control box and bracket for P-HPR haptic motors for P2000 crankset This kit includes the bracket(s) (1 to 3 optional) and the specific control box for P2000 pedals. Features : CNC-machined aluminum Compatibility: P2000 Can be installed on : Gas pedal, Brake, Clutch Box contents: 1x P-HCB, 1 to 3x optional bracket(s) ATTENTION: [&hellip;]<\/p>\n","protected":false},"featured_media":4632,"template":"","meta":{"_acf_changed":false},"product_brand":[334],"product_cat":[503,511],"product_tag":[340,335,341,336],"class_list":{"0":"post-4624","1":"product","2":"type-product","3":"status-publish","4":"has-post-thumbnail","6":"product_brand-simagic","7":"product_cat-haptic-motors","8":"product_cat-simracing-mounts","9":"product_tag-pedal-accessories","10":"product_tag-sim-racing","11":"product_tag-sim-racing-accessories","12":"product_tag-simagic","14":"first","15":"instock","16":"taxable","17":"shipping-taxable","18":"purchasable","19":"product-type-variable"},"acf":[],"_links":{"self":[{"href":"https:\/\/www.noxgaming.ca\/fr\/wp-json\/wp\/v2\/product\/4624","targetHints":{"allow":["GET"]}}],"collection":[{"href":"https:\/\/www.noxgaming.ca\/fr\/wp-json\/wp\/v2\/product"}],"about":[{"href":"https:\/\/www.noxgaming.ca\/fr\/wp-json\/wp\/v2\/types\/product"}],"wp:featuredmedia":[{"embeddable":true,"href":"https:\/\/www.noxgaming.ca\/fr\/wp-json\/wp\/v2\/media\/4632"}],"wp:attachment":[{"href":"https:\/\/www.noxgaming.ca\/fr\/wp-json\/wp\/v2\/media?parent=4624"}],"wp:term":[{"taxonomy":"product_brand","embeddable":true,"href":"https:\/\/www.noxgaming.ca\/fr\/wp-json\/wp\/v2\/product_brand?post=4624"},{"taxonomy":"product_cat","embeddable":true,"href":"https:\/\/www.noxgaming.ca\/fr\/wp-json\/wp\/v2\/product_cat?post=4624"},{"taxonomy":"product_tag","embeddable":true,"href":"https:\/\/www.noxgaming.ca\/fr\/wp-json\/wp\/v2\/product_tag?post=4624"}],"curies":[{"name":"wp","href":"https:\/\/api.w.org\/{rel}","templated":true}]}}