{"id":4582,"date":"2024-11-06T04:59:18","date_gmt":"2024-11-06T09:59:18","guid":{"rendered":"https:\/\/www.noxgaming.ca\/product\/simagic-p-hpr-neo-rumble-haptic-pedal-reactor\/"},"modified":"2026-04-17T13:46:02","modified_gmt":"2026-04-17T17:46:02","slug":"simagic-p-hpr-neo-rumble-haptic-pedal-reactor","status":"publish","type":"product","link":"https:\/\/www.noxgaming.ca\/fr\/product\/simagic-p-hpr-neo-rumble-haptic-pedal-reactor\/","title":{"rendered":"SIMAGIC P-HPR Neo Rumble Haptic Pedal Reactor (R\u00e9acteur de p\u00e9dale haptique)"},"content":{"rendered":"<h3>Ce qui est inclus :<\/h3>\n<ul>\n<li>1x Simagic P-HPR NEO Haptic Pedal Reactor (r\u00e9acteur de p\u00e9dale haptique)<\/li>\n<li>6x vis M4x10 pour une installation facile<\/li>\n<li>1x cl\u00e9 Allen (2,5mm) pour le montage<\/li>\n<\/ul>\n<h3>Exigences techniques :<\/h3>\n<ul>\n<li><strong>Pour les p\u00e9dales P2000<\/strong>: Requ\u00eates <strong>SIMAGIC HCB-P2000 bo\u00eete de contr\u00f4le haptique avec support<\/strong> et <strong>Alimentation Simagic (P-APS)<\/strong>).<\/li>\n<li><strong>Alimentation \u00e9lectrique<\/strong>: Le P-HPR NEO n\u00e9cessite le bloc d'alimentation Simagic (P-APS). Si tu en as d\u00e9j\u00e0 un, aucun bloc d'alimentation suppl\u00e9mentaire n'est n\u00e9cessaire.<\/li>\n<\/ul>\n<h3>Remarques importantes :<\/h3>\n<ul>\n<li><strong>Compatibilit\u00e9 exclusive SIMAGIC :<\/strong> Le SIMAGIC P-HPR NEO est con\u00e7u exclusivement pour \u00eatre utilis\u00e9 avec les p\u00e9dales et accessoires SIMAGIC. L'utilisation de ce produit avec des p\u00e9dales d'autres marques n'est pas autoris\u00e9e et peut annuler la garantie.<\/li>\n<\/ul>\n<p>&nbsp;<\/p>\n<p><img decoding=\"async\" src=\"https:\/\/www.noxgaming.ca\/wp-content\/uploads\/2026\/02\/P-HPR_Product_Description_435153a9-6c68-4723-ab5b-2b9bcdd4a0a8-scaled.png\" alt=\"P-HPR_Product_Description.png__PID:87ed900a-0d68-4153-941a-9859a9ee4884\" \/><\/p>","protected":false},"excerpt":{"rendered":"<p>What&#8217;s included: 1x Simagic P-HPR NEO Haptic Pedal Reactor 6x M4x10 screws for easy installation 1x Allen key (2.5mm) for mounting Technical requirements : For P2000 pedals: Requires SIMAGIC HCB-P2000 haptic control box with stand and Simagic power supply (P-APS). Power supply: The P-HPR NEO requires the Simagic power supply unit (P-APS). If you already [&hellip;]<\/p>\n","protected":false},"featured_media":4584,"template":"","meta":{"_acf_changed":false},"product_brand":[334],"product_cat":[503],"product_tag":[346,340,335,341,336],"class_list":{"0":"post-4582","1":"product","2":"type-product","3":"status-publish","4":"has-post-thumbnail","6":"product_brand-simagic","7":"product_cat-haptic-motors","8":"product_tag-haptics","9":"product_tag-pedal-accessories","10":"product_tag-sim-racing","11":"product_tag-sim-racing-accessories","12":"product_tag-simagic","14":"first","15":"instock","16":"taxable","17":"shipping-taxable","18":"purchasable","19":"product-type-simple"},"acf":[],"_links":{"self":[{"href":"https:\/\/www.noxgaming.ca\/fr\/wp-json\/wp\/v2\/product\/4582","targetHints":{"allow":["GET"]}}],"collection":[{"href":"https:\/\/www.noxgaming.ca\/fr\/wp-json\/wp\/v2\/product"}],"about":[{"href":"https:\/\/www.noxgaming.ca\/fr\/wp-json\/wp\/v2\/types\/product"}],"wp:featuredmedia":[{"embeddable":true,"href":"https:\/\/www.noxgaming.ca\/fr\/wp-json\/wp\/v2\/media\/4584"}],"wp:attachment":[{"href":"https:\/\/www.noxgaming.ca\/fr\/wp-json\/wp\/v2\/media?parent=4582"}],"wp:term":[{"taxonomy":"product_brand","embeddable":true,"href":"https:\/\/www.noxgaming.ca\/fr\/wp-json\/wp\/v2\/product_brand?post=4582"},{"taxonomy":"product_cat","embeddable":true,"href":"https:\/\/www.noxgaming.ca\/fr\/wp-json\/wp\/v2\/product_cat?post=4582"},{"taxonomy":"product_tag","embeddable":true,"href":"https:\/\/www.noxgaming.ca\/fr\/wp-json\/wp\/v2\/product_tag?post=4582"}],"curies":[{"name":"wp","href":"https:\/\/api.w.org\/{rel}","templated":true}]}}