{"id":4569,"date":"2024-11-05T21:52:55","date_gmt":"2024-11-06T02:52:55","guid":{"rendered":"https:\/\/www.noxgaming.ca\/product\/simagic-p500-pedals\/"},"modified":"2026-04-17T13:46:07","modified_gmt":"2026-04-17T17:46:07","slug":"simagic-p500-pedals","status":"publish","type":"product","link":"https:\/\/www.noxgaming.ca\/fr\/product\/simagic-p500-pedals\/","title":{"rendered":"P\u00e9dales SIMAGIC P500"},"content":{"rendered":"<div class=\"elementor-element elementor-element-e9000e9 e-flex e-con-boxed e-con e-parent e-lazyloaded\" data-id=\"e9000e9\" data-element_type=\"container\" data-e-type=\"container\">\n<div class=\"e-con-inner\">\n<div class=\"elementor-element elementor-element-833593c e-con-full e-flex e-con e-child\" data-id=\"833593c\" data-element_type=\"container\" data-e-type=\"container\" data-settings=\"{&quot;background_background&quot;:&quot;classic&quot;}\">\n<div class=\"elementor-element elementor-element-b68e431 elementor-widget elementor-widget-woocommerce-product-content\" data-id=\"b68e431\" data-element_type=\"widget\" data-e-type=\"widget\" data-widget_type=\"woocommerce-product-content.default\">\n<div class=\"elementor-widget-container\">\n<p>Kit pour le premier jour, soutenu par une conception de niveau professionnel. Les p\u00e9dales Simagic P500 sont \u00e9quip\u00e9es d'un capteur de charge de 100 kg et d'un capteur d'angle Hall pour l'acc\u00e9l\u00e9rateur et l'embrayage. Support plus large facilement ergonomique pour les r\u00e9glages.<\/p>\n<p>&nbsp;<\/p>\n<h2>Puissance du double capteur<\/h2>\n<p><strong>\u00c9quip\u00e9 d'un capteur de charge de 100 kg et d'un capteur d'angle de Hall.<\/strong><\/p>\n<p>Capteur d'angle de Hall adapt\u00e9 aux voitures routi\u00e8res avec une course de p\u00e9dale plus longue.<\/p>\n<p>Capteur de charge pour voitures de course avec une course de frein plus courte pour une meilleure immersion.<\/p>\n<p>Une saisie fluide et pr\u00e9cise, quelle que soit la piste.<\/p>\n<p><strong>Capteurs d'angle de Hall pour l'acc\u00e9l\u00e9rateur et l'embrayage.<\/strong><\/p>\n<p>Une sensation de conduite coh\u00e9rente et g\u00e9niale.<\/p>\n<p>&nbsp;<\/p>\n<h2>Facilement ergonomique<\/h2>\n<p>Un support plus large pour les r\u00e9glages que les autres p\u00e9dales sur le march\u00e9, ce qui te permet d'obtenir l'angle parfait quelle que soit ta configuration.<\/p>\n<p>R\u00e9glage lat\u00e9ral des p\u00e9dales - Les multiples positions des trous de vis permettent de r\u00e9gler l'espacement des p\u00e9dales d'acc\u00e9l\u00e9rateur, de frein et d'embrayage.<\/p>\n<p>R\u00e9glage du d\u00e9placement de la face de la p\u00e9dale - Capacit\u00e9 \u00e0 s'adapter \u00e0 diff\u00e9rentes tailles de pieds.<\/p>\n<p>R\u00e9glage de l'angle de la plaque de p\u00e9dale - Possibilit\u00e9 de s'adapter \u00e0 diff\u00e9rentes positions d'assise.<\/p>\n<p>&nbsp;<\/p>\n<h2>Composer \u00e0 la perfection<\/h2>\n<p>Livr\u00e9 avec diff\u00e9rents ressorts et \u00e9lastom\u00e8res. Personnalise-les \u00e0 ta guise ! Ajuste librement la force pour que tes P500 s'ajustent parfaitement.<\/p>\n<p>&nbsp;<\/p>\n<h2>Proc\u00e9d\u00e9 d'alliage d'aluminium moul\u00e9 sous pression int\u00e9gr\u00e9 de qualit\u00e9 automobile<\/h2>\n<p>Utilisation d'un alliage d'aluminium moul\u00e9 sous pression int\u00e9gr\u00e9 de qualit\u00e9 automobile<br \/>\net l'usinage CNC de haute pr\u00e9cision.<\/p>\n<p>Les P500 utilisent un design intelligent et rafra\u00eechi qui tient fermement et durablement, tout en restant l\u00e9ger.<\/p>\n<p>Les plaques de p\u00e9dales sont fabriqu\u00e9es avec un usinage CNC de haute pr\u00e9cision, ce qui donne une texture raffin\u00e9e et une sensation de p\u00e9dale claire.<\/p>\n<p>&nbsp;<\/p>\n<h2>Sp\u00e9cifications techniques<\/h2>\n<p>R\u00e9solution : 12 bits (4096) Capteur de haute pr\u00e9cision<\/p>\n<p>Connexion USB : PC ou SIMAGIC Wheelbase<\/p>\n<p>Niveau de force du ressort r\u00e9glable : Acc\u00e9l\u00e9rateur, frein<\/p>\n<p>Capteur d'angle de Hall\/capteur de cellule de charge : (Capteur d'angle de Hall de l'acc\u00e9l\u00e9rateur) \/ (Capteur d'angle de Hall du frein\/capteur de cellule de charge)<\/p>\n<p>Capteur de charge : 100KG<\/p>\n<p>Montage au sol : Support\u00e9<\/p>\n<p>Plaque de p\u00e9dale : CNC de haute pr\u00e9cision<\/p>\n<p>R\u00e9glage de l'angle\/de la position : Pris en charge<\/p>\n<p>Lin\u00e9arit\u00e9 r\u00e9glable : Prise en charge<\/p>\n<p>Force de freinage r\u00e9glable : Prise en charge<\/p>\n<p>Bo\u00eete de contr\u00f4le de la p\u00e9dale : Inclus<\/p>\n<p>Mat\u00e9riau de construction : CNC de haute pr\u00e9cision, alliage d'aluminium<\/p>\n<p>Dimensions (Longueur x Largeur x Hauteur) : 330,4 mm x 355,1 mm x 209,3 mm<\/p>\n<p>Poids net : 3,8 kg<\/p>\n<p>Accessoires : Ressorts de p\u00e9dale, bo\u00eetier de contr\u00f4le des p\u00e9dales, c\u00e2ble, autocollants 3M, c\u00e2ble USB, kit d'installation, support mural<\/p>\n<\/div>\n<\/div>\n<\/div>\n<\/div>\n<\/div>\n<p>&nbsp;<\/p>\n<p><img decoding=\"async\" class=\"aligncenter\" src=\"https:\/\/www.noxgaming.ca\/wp-content\/uploads\/2026\/02\/P500_Product_Description_Page-scaled.png\" alt=\"P500_Product_Description_Page.png__PID:0730faaa-7803-4002-a811-465545e764a2\" \/><\/p>","protected":false},"excerpt":{"rendered":"<p>Day one kit, backed by pro-level design. Simagic P500 Pedals are equipped with a\u00a0100kg loadcell and a Hall angle sensor for the throttle and clutch. Easily Ergonomic wider support for adjustments. &nbsp; Dual Sensor Power Equipped with a 100kg loadcell and a Hall angle sensor. Hall angle sensor suitable for road cars with a longer [&hellip;]<\/p>\n","protected":false},"featured_media":4571,"template":"","meta":{"_acf_changed":false},"product_brand":[334],"product_cat":[477],"product_tag":[342,371,335,336,319],"class_list":{"0":"post-4569","1":"product","2":"type-product","3":"status-publish","4":"has-post-thumbnail","6":"product_brand-simagic","7":"product_cat-pedals-en","8":"product_tag-pedals","9":"product_tag-sbf25","10":"product_tag-sim-racing","11":"product_tag-simagic","12":"product_tag-tagbf25","13":"pa_placeholder-attribute-p500-clutch","14":"pa_placeholder-attribute-p500-three-pedals","15":"pa_placeholder-attribute-p500-two-pedals","17":"first","18":"instock","19":"taxable","20":"shipping-taxable","21":"purchasable","22":"product-type-variable"},"acf":[],"_links":{"self":[{"href":"https:\/\/www.noxgaming.ca\/fr\/wp-json\/wp\/v2\/product\/4569","targetHints":{"allow":["GET"]}}],"collection":[{"href":"https:\/\/www.noxgaming.ca\/fr\/wp-json\/wp\/v2\/product"}],"about":[{"href":"https:\/\/www.noxgaming.ca\/fr\/wp-json\/wp\/v2\/types\/product"}],"wp:featuredmedia":[{"embeddable":true,"href":"https:\/\/www.noxgaming.ca\/fr\/wp-json\/wp\/v2\/media\/4571"}],"wp:attachment":[{"href":"https:\/\/www.noxgaming.ca\/fr\/wp-json\/wp\/v2\/media?parent=4569"}],"wp:term":[{"taxonomy":"product_brand","embeddable":true,"href":"https:\/\/www.noxgaming.ca\/fr\/wp-json\/wp\/v2\/product_brand?post=4569"},{"taxonomy":"product_cat","embeddable":true,"href":"https:\/\/www.noxgaming.ca\/fr\/wp-json\/wp\/v2\/product_cat?post=4569"},{"taxonomy":"product_tag","embeddable":true,"href":"https:\/\/www.noxgaming.ca\/fr\/wp-json\/wp\/v2\/product_tag?post=4569"}],"curies":[{"name":"wp","href":"https:\/\/api.w.org\/{rel}","templated":true}]}}