{"id":4560,"date":"2024-10-31T04:04:15","date_gmt":"2024-10-31T08:04:15","guid":{"rendered":"https:\/\/www.noxgaming.ca\/product\/nox-gaming-esports-torq-cooltech-tee\/"},"modified":"2026-04-17T13:46:10","modified_gmt":"2026-04-17T17:46:10","slug":"nox-gaming-esports-torq-cooltech-tee","status":"publish","type":"product","link":"https:\/\/www.noxgaming.ca\/fr\/product\/nox-gaming-esports-torq-cooltech-tee\/","title":{"rendered":"NOX GAMING eSports - T-shirt Torq COOLtech"},"content":{"rendered":"","protected":false},"excerpt":{"rendered":"<p style=\"text-align: left;\">Pr\u00e9pare-toi \u00e0 repr\u00e9senter NOX Gaming eSports avec style et confort gr\u00e2ce \u00e0 notre t-shirt TORQ COOLtech, con\u00e7u sp\u00e9cialement pour les fans passionn\u00e9s et les joueurs comme toi. Ce tee-shirt l\u00e9ger et respirant utilise la technologie COOLtech pour maintenir ta temp\u00e9rature corporelle stable, m\u00eame pendant les sessions de jeu les plus intenses. Avec sa coupe moderne et son design eSports \u00e9l\u00e9gant de NOX Gaming, ce tee-shirt allie performance et style. Que tu sois dans le feu de la comp\u00e9tition ou en train d'encourager ton \u00e9quipe pr\u00e9f\u00e9r\u00e9e, le TORQ COOLtech te garde au frais et au sec tout en affichant fi\u00e8rement ton amour pour les eSports.<\/p>","protected":false},"featured_media":4561,"template":"","meta":{"_acf_changed":false},"product_brand":[313],"product_cat":[454],"product_tag":[317,331,323,335],"class_list":{"0":"post-4560","1":"product","2":"type-product","3":"status-publish","4":"has-post-thumbnail","6":"product_brand-nox-gaming","7":"product_cat-merchandise","8":"product_tag-nox-gaming","9":"product_tag-nox-merchandise","10":"product_tag-shop","11":"product_tag-sim-racing","12":"pa_taille-large-l","13":"pa_taille-medium-m","14":"pa_taille-small-s","15":"pa_taille-x-large-xl","16":"pa_taille-x-x-large-xxl","18":"first","19":"instock","20":"sale","21":"taxable","22":"shipping-taxable","23":"purchasable","24":"product-type-variable"},"acf":[],"_links":{"self":[{"href":"https:\/\/www.noxgaming.ca\/fr\/wp-json\/wp\/v2\/product\/4560","targetHints":{"allow":["GET"]}}],"collection":[{"href":"https:\/\/www.noxgaming.ca\/fr\/wp-json\/wp\/v2\/product"}],"about":[{"href":"https:\/\/www.noxgaming.ca\/fr\/wp-json\/wp\/v2\/types\/product"}],"wp:featuredmedia":[{"embeddable":true,"href":"https:\/\/www.noxgaming.ca\/fr\/wp-json\/wp\/v2\/media\/4561"}],"wp:attachment":[{"href":"https:\/\/www.noxgaming.ca\/fr\/wp-json\/wp\/v2\/media?parent=4560"}],"wp:term":[{"taxonomy":"product_brand","embeddable":true,"href":"https:\/\/www.noxgaming.ca\/fr\/wp-json\/wp\/v2\/product_brand?post=4560"},{"taxonomy":"product_cat","embeddable":true,"href":"https:\/\/www.noxgaming.ca\/fr\/wp-json\/wp\/v2\/product_cat?post=4560"},{"taxonomy":"product_tag","embeddable":true,"href":"https:\/\/www.noxgaming.ca\/fr\/wp-json\/wp\/v2\/product_tag?post=4560"}],"curies":[{"name":"wp","href":"https:\/\/api.w.org\/{rel}","templated":true}]}}