{"id":4551,"date":"2024-10-31T03:40:50","date_gmt":"2024-10-31T07:40:50","guid":{"rendered":"https:\/\/www.noxgaming.ca\/product\/gants-de-course-nox-gaming-esports\/"},"modified":"2026-04-18T18:35:29","modified_gmt":"2026-04-18T22:35:29","slug":"gants-de-course-nox-gaming-esports","status":"publish","type":"product","link":"https:\/\/www.noxgaming.ca\/fr\/product\/gants-de-course-nox-gaming-esports\/","title":{"rendered":"NOX GAMING eSports - Gants de course TORQ"},"content":{"rendered":"","protected":false},"excerpt":{"rendered":"<p style=\"text-align: left;\">Les pilotes de course professionnels ont besoin de gants pour assurer une adh\u00e9rence et un contr\u00f4le maximum du volant, ce qui est vital lorsque le moindre glissement de la main peut avoir de lourdes cons\u00e9quences. Les gants offrent \u00e9galement une protection en amortissant l'impact du volant, ce qui r\u00e9duit la fatigue des mains. Ils emp\u00eachent \u00e9galement l'huile et la sueur d'endommager les volants, en agissant comme une barri\u00e8re. Enfin, une bonne paire de gants sera du plus bel effet et compl\u00e9tera n'importe quelle tenue de course.   <\/p>\n<p style=\"text-align: left;\">D\u00e9velopp\u00e9e et affin\u00e9e gr\u00e2ce aux recherches et aux commentaires de certains des meilleurs talents du karting britannique.<\/p>\n<p style=\"text-align: left;\">Les nouveaux gants torq de NOX Gaming sont fabriqu\u00e9s \u00e0 partir d'un m\u00e9lange de nylon et de lycra pour une flexibilit\u00e9 et un mouvement ultimes, et combin\u00e9s \u00e0 un gant ext\u00e9rieur pour un confort maximal.<\/p>\n<p style=\"text-align: left;\">Les gants sont dot\u00e9s d'une paume Torq sp\u00e9cialement con\u00e7ue pour une adh\u00e9rence incroyable au volant.<\/p>","protected":false},"featured_media":4552,"template":"","meta":{"_acf_changed":false},"product_brand":[313],"product_cat":[454,476],"product_tag":[317,331,323,335],"class_list":{"0":"post-4551","1":"product","2":"type-product","3":"status-publish","4":"has-post-thumbnail","6":"product_brand-nox-gaming","7":"product_cat-merchandise","8":"product_cat-simracing","9":"product_tag-nox-gaming","10":"product_tag-nox-merchandise","11":"product_tag-shop","12":"product_tag-sim-racing","13":"pa_taille-large-l","14":"pa_taille-medium-m","15":"pa_taille-small-s","16":"pa_taille-x-large-xl","17":"pa_taille-x-x-large-xxl","19":"first","20":"instock","21":"taxable","22":"shipping-taxable","23":"purchasable","24":"product-type-variable"},"acf":[],"_links":{"self":[{"href":"https:\/\/www.noxgaming.ca\/fr\/wp-json\/wp\/v2\/product\/4551","targetHints":{"allow":["GET"]}}],"collection":[{"href":"https:\/\/www.noxgaming.ca\/fr\/wp-json\/wp\/v2\/product"}],"about":[{"href":"https:\/\/www.noxgaming.ca\/fr\/wp-json\/wp\/v2\/types\/product"}],"wp:featuredmedia":[{"embeddable":true,"href":"https:\/\/www.noxgaming.ca\/fr\/wp-json\/wp\/v2\/media\/4552"}],"wp:attachment":[{"href":"https:\/\/www.noxgaming.ca\/fr\/wp-json\/wp\/v2\/media?parent=4551"}],"wp:term":[{"taxonomy":"product_brand","embeddable":true,"href":"https:\/\/www.noxgaming.ca\/fr\/wp-json\/wp\/v2\/product_brand?post=4551"},{"taxonomy":"product_cat","embeddable":true,"href":"https:\/\/www.noxgaming.ca\/fr\/wp-json\/wp\/v2\/product_cat?post=4551"},{"taxonomy":"product_tag","embeddable":true,"href":"https:\/\/www.noxgaming.ca\/fr\/wp-json\/wp\/v2\/product_tag?post=4551"}],"curies":[{"name":"wp","href":"https:\/\/api.w.org\/{rel}","templated":true}]}}