{"id":4544,"date":"2024-10-21T18:36:35","date_gmt":"2024-10-21T22:36:35","guid":{"rendered":"https:\/\/www.noxgaming.ca\/product\/6s-triple-screen-support-mount\/"},"modified":"2026-04-17T13:46:31","modified_gmt":"2026-04-17T17:46:31","slug":"6s-triple-screen-support-mount","status":"publish","type":"product","link":"https:\/\/www.noxgaming.ca\/fr\/product\/6s-triple-screen-support-mount\/","title":{"rendered":"Support de sol pour l'installation de trois moniteurs"},"content":{"rendered":"","protected":false},"excerpt":{"rendered":"<div class=\"rte\">\n<p dir=\"ltr\">Tu veux vivre l'exp\u00e9rience immersive ultime ! Le support triple \u00e9cran r\u00e9pondra \u00e0 tes attentes <\/p>\n<p dir=\"ltr\">Un cadre en aluminium robuste. Le support d'\u00e9cran le plus robuste que tu trouveras sur le march\u00e9 ! <\/p>\n<p dir=\"ltr\">160 cm x 40 cm, 23,4 kg<\/p>\n<div>\n<ul>\n<li dir=\"ltr\">\n<p dir=\"ltr\">Facile \u00e0 assembler<\/p>\n<\/li>\n<li dir=\"ltr\">\n<p dir=\"ltr\">Hauteur et angle enti\u00e8rement r\u00e9glables<\/p>\n<\/li>\n<li dir=\"ltr\">\n<p dir=\"ltr\">Enti\u00e8rement extensible \u00e0 une configuration \u00e0 trois moniteurs ou \u00e0 quatre moniteurs.<\/p>\n<\/li>\n<li dir=\"ltr\">\n<p dir=\"ltr\">Annule les vibrations caus\u00e9es par les coups de volant et les coups de p\u00e9dale<\/p>\n<\/li>\n<li dir=\"ltr\">\n<p dir=\"ltr\">Permet d'accueillir un moniteur jusqu'\u00e0 43 pouces.<\/p>\n<\/li>\n<\/ul>\n<\/div>\n<\/div>","protected":false},"featured_media":4545,"template":"","meta":{"_acf_changed":false},"product_brand":[386],"product_cat":[502],"product_tag":[387,389,391,335,319],"class_list":{"0":"post-4544","1":"product","2":"type-product","3":"status-publish","4":"has-post-thumbnail","6":"product_brand-6-sigma","7":"product_cat-monitor-mounts","8":"product_tag-6-sigma","9":"product_tag-6bf25","10":"product_tag-monitor-stand","11":"product_tag-sim-racing","12":"product_tag-tagbf25","14":"first","15":"instock","16":"taxable","17":"shipping-taxable","18":"purchasable","19":"product-type-simple"},"acf":[],"_links":{"self":[{"href":"https:\/\/www.noxgaming.ca\/fr\/wp-json\/wp\/v2\/product\/4544","targetHints":{"allow":["GET"]}}],"collection":[{"href":"https:\/\/www.noxgaming.ca\/fr\/wp-json\/wp\/v2\/product"}],"about":[{"href":"https:\/\/www.noxgaming.ca\/fr\/wp-json\/wp\/v2\/types\/product"}],"wp:featuredmedia":[{"embeddable":true,"href":"https:\/\/www.noxgaming.ca\/fr\/wp-json\/wp\/v2\/media\/4545"}],"wp:attachment":[{"href":"https:\/\/www.noxgaming.ca\/fr\/wp-json\/wp\/v2\/media?parent=4544"}],"wp:term":[{"taxonomy":"product_brand","embeddable":true,"href":"https:\/\/www.noxgaming.ca\/fr\/wp-json\/wp\/v2\/product_brand?post=4544"},{"taxonomy":"product_cat","embeddable":true,"href":"https:\/\/www.noxgaming.ca\/fr\/wp-json\/wp\/v2\/product_cat?post=4544"},{"taxonomy":"product_tag","embeddable":true,"href":"https:\/\/www.noxgaming.ca\/fr\/wp-json\/wp\/v2\/product_tag?post=4544"}],"curies":[{"name":"wp","href":"https:\/\/api.w.org\/{rel}","templated":true}]}}