{"id":4540,"date":"2024-10-21T18:36:34","date_gmt":"2024-10-21T22:36:34","guid":{"rendered":"https:\/\/www.noxgaming.ca\/product\/support-de-volant-6s-boxman\/"},"modified":"2026-04-17T13:46:35","modified_gmt":"2026-04-17T17:46:35","slug":"support-de-volant-6s-boxman","status":"publish","type":"product","link":"https:\/\/www.noxgaming.ca\/fr\/product\/support-de-volant-6s-boxman\/","title":{"rendered":"6S-Support de volant Boxman"},"content":{"rendered":"","protected":false},"excerpt":{"rendered":"<p style=\"text-align: left;\">Le support de roue 6S-Boxman est la solution id\u00e9ale pour les passionn\u00e9s de SimRacing qui recherchent un support de roue robuste, polyvalent et peu encombrant.<\/p>\n<p>Le 6S-Boxman est polyvalent, facile \u00e0 assembler et \u00e0 ajuster \u00e0 tes besoins.<\/p>\n<p>D\u00e9butant ou exp\u00e9riment\u00e9, le support de roue 6S-Boxman te satisfera.<\/p>","protected":false},"featured_media":4541,"template":"","meta":{"_acf_changed":false},"product_brand":[386],"product_cat":[500],"product_tag":[387,388,335],"class_list":{"0":"post-4540","1":"product","2":"type-product","3":"status-publish","4":"has-post-thumbnail","6":"product_brand-6-sigma","7":"product_cat-chassis-en-2","8":"product_tag-6-sigma","9":"product_tag-frames","10":"product_tag-sim-racing","12":"first","13":"onbackorder","14":"taxable","15":"shipping-taxable","16":"purchasable","17":"product-type-simple"},"acf":[],"_links":{"self":[{"href":"https:\/\/www.noxgaming.ca\/fr\/wp-json\/wp\/v2\/product\/4540","targetHints":{"allow":["GET"]}}],"collection":[{"href":"https:\/\/www.noxgaming.ca\/fr\/wp-json\/wp\/v2\/product"}],"about":[{"href":"https:\/\/www.noxgaming.ca\/fr\/wp-json\/wp\/v2\/types\/product"}],"wp:featuredmedia":[{"embeddable":true,"href":"https:\/\/www.noxgaming.ca\/fr\/wp-json\/wp\/v2\/media\/4541"}],"wp:attachment":[{"href":"https:\/\/www.noxgaming.ca\/fr\/wp-json\/wp\/v2\/media?parent=4540"}],"wp:term":[{"taxonomy":"product_brand","embeddable":true,"href":"https:\/\/www.noxgaming.ca\/fr\/wp-json\/wp\/v2\/product_brand?post=4540"},{"taxonomy":"product_cat","embeddable":true,"href":"https:\/\/www.noxgaming.ca\/fr\/wp-json\/wp\/v2\/product_cat?post=4540"},{"taxonomy":"product_tag","embeddable":true,"href":"https:\/\/www.noxgaming.ca\/fr\/wp-json\/wp\/v2\/product_tag?post=4540"}],"curies":[{"name":"wp","href":"https:\/\/api.w.org\/{rel}","templated":true}]}}