{"id":4535,"date":"2024-10-21T18:36:36","date_gmt":"2024-10-21T22:36:36","guid":{"rendered":"https:\/\/www.noxgaming.ca\/product\/6s-rs-adjustable-seat\/"},"modified":"2026-04-17T13:46:27","modified_gmt":"2026-04-17T17:46:27","slug":"6s-rs-adjustable-seat","status":"publish","type":"product","link":"https:\/\/www.noxgaming.ca\/fr\/product\/6s-rs-adjustable-seat\/","title":{"rendered":"Si\u00e8ge r\u00e9glable RS"},"content":{"rendered":"","protected":false},"excerpt":{"rendered":"<p dir=\"ltr\"><em><strong>EN ARRI\u00c8RE-PLAN -\u00a0<\/strong><\/em>Un agent vous contactera pour conna\u00eetre les disponibilit\u00e9s et les solutions possibles.<\/p>\n<p dir=\"ltr\" style=\"text-align: left;\">Le si\u00e8ge de course RS l\u00e9ger, confortable et r\u00e9glable est fabriqu\u00e9 \u00e0 partir de fibre de verre de haute qualit\u00e9, de mat\u00e9riaux de remplissage et de cuir PU tr\u00e8s r\u00e9sistant aux taches.<\/p>\n<p dir=\"ltr\" style=\"text-align: left;\">Cet \u00e9l\u00e9gant si\u00e8ge de course comporte un logo 6 Sigma Sim Racing brod\u00e9, un aspect et une sensation authentiques, et un confort pour de longues heures de plaisir en simulation de course.<\/p>\n<p dir=\"ltr\" style=\"text-align: left;\">Le si\u00e8ge de course r\u00e9glable RS est durable, facile \u00e0 entretenir et abordable, et il donnera \u00e0 ton \u00e9quipement un look exceptionnel !<\/p>","protected":false},"featured_media":4536,"template":"","meta":{"_acf_changed":false},"product_brand":[386],"product_cat":[501],"product_tag":[387,389,390,335,319],"class_list":{"0":"post-4535","1":"product","2":"type-product","3":"status-publish","4":"has-post-thumbnail","6":"product_brand-6-sigma","7":"product_cat-seat","8":"product_tag-6-sigma","9":"product_tag-6bf25","10":"product_tag-seats","11":"product_tag-sim-racing","12":"product_tag-tagbf25","14":"first","15":"onbackorder","16":"taxable","17":"shipping-taxable","18":"purchasable","19":"product-type-simple"},"acf":[],"_links":{"self":[{"href":"https:\/\/www.noxgaming.ca\/fr\/wp-json\/wp\/v2\/product\/4535","targetHints":{"allow":["GET"]}}],"collection":[{"href":"https:\/\/www.noxgaming.ca\/fr\/wp-json\/wp\/v2\/product"}],"about":[{"href":"https:\/\/www.noxgaming.ca\/fr\/wp-json\/wp\/v2\/types\/product"}],"wp:featuredmedia":[{"embeddable":true,"href":"https:\/\/www.noxgaming.ca\/fr\/wp-json\/wp\/v2\/media\/4536"}],"wp:attachment":[{"href":"https:\/\/www.noxgaming.ca\/fr\/wp-json\/wp\/v2\/media?parent=4535"}],"wp:term":[{"taxonomy":"product_brand","embeddable":true,"href":"https:\/\/www.noxgaming.ca\/fr\/wp-json\/wp\/v2\/product_brand?post=4535"},{"taxonomy":"product_cat","embeddable":true,"href":"https:\/\/www.noxgaming.ca\/fr\/wp-json\/wp\/v2\/product_cat?post=4535"},{"taxonomy":"product_tag","embeddable":true,"href":"https:\/\/www.noxgaming.ca\/fr\/wp-json\/wp\/v2\/product_tag?post=4535"}],"curies":[{"name":"wp","href":"https:\/\/api.w.org\/{rel}","templated":true}]}}