{"id":4533,"date":"2024-10-21T18:36:37","date_gmt":"2024-10-21T22:36:37","guid":{"rendered":"https:\/\/www.noxgaming.ca\/product\/triple-monitor-mount\/"},"modified":"2026-04-17T13:46:19","modified_gmt":"2026-04-17T17:46:19","slug":"triple-monitor-mount","status":"publish","type":"product","link":"https:\/\/www.noxgaming.ca\/fr\/product\/triple-monitor-mount\/","title":{"rendered":"Support pour triple \u00e9cran (Mont\u00e9 au chassis)"},"content":{"rendered":"<p>Ce support d'\u00e9cran int\u00e9gr\u00e9 est con\u00e7u pour fournir la solution ultime pour le montage de tes \u00e9crans. Un positionnement parfait et de nombreuses options de r\u00e9glage sont les ingr\u00e9dients d'une exp\u00e9rience de conduite immersive et panoramique. La conception enti\u00e8rement int\u00e9gr\u00e9e, associ\u00e9e \u00e0 des pi\u00e8ces moul\u00e9es de haute qualit\u00e9, en fait un ajout \u00e9l\u00e9gant \u00e0 ton cockpit.<\/p>\n<p>Notre syst\u00e8me facilite le positionnement et l'alignement de tes moniteurs. Les r\u00e9glages permettent un \u00e9talonnage pr\u00e9cis de l'inclinaison, de l'angle et de la position. Les \u00e9crans qui se fondent parfaitement dans une vue panoramique unifi\u00e9e et sans distorsion reproduiront parfaitement le point de vue du conducteur dans un poste de pilotage.<\/p>","protected":false},"excerpt":{"rendered":"<p>This integrated screen mount is designed to provide the ultimate solution for mounting your screens. Perfect positioning and numerous adjustment options are the ingredients for an immersive, panoramic driving experience. The fully integrated design combined with high-quality castings makes it an elegant addition to your cockpit. Our system makes it easy to position and align [&hellip;]<\/p>\n","protected":false},"featured_media":4534,"template":"","meta":{"_acf_changed":false},"product_brand":[386],"product_cat":[502],"product_tag":[387,389,391,335,319],"class_list":{"0":"post-4533","1":"product","2":"type-product","3":"status-publish","4":"has-post-thumbnail","6":"product_brand-6-sigma","7":"product_cat-monitor-mounts","8":"product_tag-6-sigma","9":"product_tag-6bf25","10":"product_tag-monitor-stand","11":"product_tag-sim-racing","12":"product_tag-tagbf25","14":"first","15":"instock","16":"taxable","17":"shipping-taxable","18":"purchasable","19":"product-type-simple"},"acf":[],"_links":{"self":[{"href":"https:\/\/www.noxgaming.ca\/fr\/wp-json\/wp\/v2\/product\/4533","targetHints":{"allow":["GET"]}}],"collection":[{"href":"https:\/\/www.noxgaming.ca\/fr\/wp-json\/wp\/v2\/product"}],"about":[{"href":"https:\/\/www.noxgaming.ca\/fr\/wp-json\/wp\/v2\/types\/product"}],"wp:featuredmedia":[{"embeddable":true,"href":"https:\/\/www.noxgaming.ca\/fr\/wp-json\/wp\/v2\/media\/4534"}],"wp:attachment":[{"href":"https:\/\/www.noxgaming.ca\/fr\/wp-json\/wp\/v2\/media?parent=4533"}],"wp:term":[{"taxonomy":"product_brand","embeddable":true,"href":"https:\/\/www.noxgaming.ca\/fr\/wp-json\/wp\/v2\/product_brand?post=4533"},{"taxonomy":"product_cat","embeddable":true,"href":"https:\/\/www.noxgaming.ca\/fr\/wp-json\/wp\/v2\/product_cat?post=4533"},{"taxonomy":"product_tag","embeddable":true,"href":"https:\/\/www.noxgaming.ca\/fr\/wp-json\/wp\/v2\/product_tag?post=4533"}],"curies":[{"name":"wp","href":"https:\/\/api.w.org\/{rel}","templated":true}]}}