{"id":4521,"date":"2024-10-21T18:36:37","date_gmt":"2024-10-21T22:36:37","guid":{"rendered":"https:\/\/www.noxgaming.ca\/product\/shifter-mount-mouse-pad-kit-chassis-accessories\/"},"modified":"2026-04-17T13:46:20","modified_gmt":"2026-04-17T17:46:20","slug":"shifter-mount-mouse-pad-kit-chassis-accessories","status":"publish","type":"product","link":"https:\/\/www.noxgaming.ca\/fr\/product\/shifter-mount-mouse-pad-kit-chassis-accessories\/","title":{"rendered":"Kit de soutien pour leviers et le tapis de souris"},"content":{"rendered":"<p><br data-mce-bogus=\"1\"><\/p>","protected":false},"excerpt":{"rendered":"<p style=\"text-align: left;\">Adaptation universelle \u00e0 tous les ch\u00e2ssis 6 Sigma Sim Racing. La solide barre transversale en aluminium de la s\u00e9rie 40 r\u00e9sistera aux changements de vitesse les plus extr\u00eames que tu puisses lui imposer. Support de montage de la manette inclus. Compatible avec la plupart des leviers de vitesse sur le march\u00e9.   <\/p>\n<p style=\"text-align: left;\">66cmX24cmX23cm, 5.2kg<\/p>","protected":false},"featured_media":4522,"template":"","meta":{"_acf_changed":false},"product_brand":[386],"product_cat":[487,511],"product_tag":[387,389,352,335,341,319],"class_list":{"0":"post-4521","1":"product","2":"type-product","3":"status-publish","4":"has-post-thumbnail","6":"product_brand-6-sigma","7":"product_cat-chassis-frame-accessories","8":"product_cat-simracing-mounts","9":"product_tag-6-sigma","10":"product_tag-6bf25","11":"product_tag-frame-accessories","12":"product_tag-sim-racing","13":"product_tag-sim-racing-accessories","14":"product_tag-tagbf25","16":"first","17":"onbackorder","18":"taxable","19":"shipping-taxable","20":"purchasable","21":"product-type-simple"},"acf":[],"_links":{"self":[{"href":"https:\/\/www.noxgaming.ca\/fr\/wp-json\/wp\/v2\/product\/4521","targetHints":{"allow":["GET"]}}],"collection":[{"href":"https:\/\/www.noxgaming.ca\/fr\/wp-json\/wp\/v2\/product"}],"about":[{"href":"https:\/\/www.noxgaming.ca\/fr\/wp-json\/wp\/v2\/types\/product"}],"wp:featuredmedia":[{"embeddable":true,"href":"https:\/\/www.noxgaming.ca\/fr\/wp-json\/wp\/v2\/media\/4522"}],"wp:attachment":[{"href":"https:\/\/www.noxgaming.ca\/fr\/wp-json\/wp\/v2\/media?parent=4521"}],"wp:term":[{"taxonomy":"product_brand","embeddable":true,"href":"https:\/\/www.noxgaming.ca\/fr\/wp-json\/wp\/v2\/product_brand?post=4521"},{"taxonomy":"product_cat","embeddable":true,"href":"https:\/\/www.noxgaming.ca\/fr\/wp-json\/wp\/v2\/product_cat?post=4521"},{"taxonomy":"product_tag","embeddable":true,"href":"https:\/\/www.noxgaming.ca\/fr\/wp-json\/wp\/v2\/product_tag?post=4521"}],"curies":[{"name":"wp","href":"https:\/\/api.w.org\/{rel}","templated":true}]}}