{"id":4509,"date":"2024-08-24T15:24:16","date_gmt":"2024-08-24T19:24:16","guid":{"rendered":"https:\/\/www.noxgaming.ca\/product\/sigma-cortex-converter\/"},"modified":"2026-04-17T13:46:44","modified_gmt":"2026-04-17T17:46:44","slug":"sigma-cortex-converter","status":"publish","type":"product","link":"https:\/\/www.noxgaming.ca\/fr\/product\/sigma-cortex-converter\/","title":{"rendered":"Convertisseur Sigma Cortex"},"content":{"rendered":"<div class=\"sc-jlRLRk bizPpK pf-647_\" data-section-id=\"pf-4b73\" data-pf-type=\"Section\">\n<div class=\"sc-lkgTHX eDNqWj\">\n<div class=\"sc-fFeiMQ etkQEf pf-648_ pf-r pf-r-eh\" data-pf-type=\"Row\">\n<div class=\"pf-c\">\n<div class=\"sc-FNXRL gpaAAN pf-649_\" data-pf-type=\"Column\">\n<p data-pf-type=\"Heading2\">Adaptateur valid\u00e9 par SIMAGIC pour les consoles SONY<\/p>\n<p data-pf-type=\"Heading2\">COMPATIBILIT\u00c9<br \/>\nPrend en charge la PS4 et la PS5<br \/>\nPrend en charge toutes les bases et roues Simagic<br \/>\nPrend en charge les p\u00e9dales Simagic P1000 et P2000<br \/>\nPrend en charge le shifter Simagic H-Pattern DS-8X<br \/>\nPrend en charge les d\u00e9calages s\u00e9quentiels Simagic Q1, Q1s<br \/>\nLes autres marques ne sont pas prises en charge.<\/p>\n<p class=\"sc-gIDmLj ktCSaA pf-650_\" data-pf-type=\"Heading2\"><i>Notre mission est d'offrir aux conducteurs une exp\u00e9rience in\u00e9gal\u00e9e qui leur permet de repousser les limites de leurs capacit\u00e9s de conduite dans un environnement s\u00fbr et contr\u00f4l\u00e9. Nos appareils et produits de pointe sont con\u00e7us pour offrir une exp\u00e9rience ultra-r\u00e9aliste, permettant aux conducteurs de simuler des conditions de conduite extr\u00eames et d'affiner leurs comp\u00e9tences \u00e0 la perfection. Notre \u00e9quipe est compos\u00e9e d'experts dans les domaines de la technologie de simulation, de l'ing\u00e9nierie et des sports automobiles. Nous sommes passionn\u00e9s par la cr\u00e9ation de solutions innovantes qui r\u00e9volutionneront la fa\u00e7on dont les gens apprennent \u00e0 conduire des v\u00e9hicules haute performance. Que tu sois un pilote de course professionnel cherchant \u00e0 am\u00e9liorer ses temps au tour, ou un passionn\u00e9 cherchant \u00e0 faire passer ses comp\u00e9tences de conduite au niveau sup\u00e9rieur, nous nous engageons \u00e0 te fournir l'exp\u00e9rience de simulation de conduite ultime. Avec SIGMA CORTEX, tu peux lib\u00e9rer tout ton potentiel et devenir le meilleur pilote possible. <\/i><\/p>\n<\/div>\n<\/div>\n<div class=\"pf-c\">\n<div class=\"sc-FNXRL gpaAAN pf-652_\" data-pf-type=\"Column\"><img loading=\"lazy\" decoding=\"async\" class=\"sc-uojGG kTBJzQ pf-653_\" src=\"https:\/\/cdn.shopify.com\/s\/files\/1\/0530\/5712\/6574\/t\/8\/assets\/dm_20230515094107_001-1684168979745_500x.jpg?v=1684168980\" width=\"950\" height=\"1272\" data-pf-type=\"Image3\" \/><\/div>\n<\/div>\n<\/div>\n<\/div>\n<\/div>\n<div class=\"sc-jlRLRk bizPpK pf-654_\" data-section-id=\"pf-a7aa\" data-pf-type=\"Section\">\n<div class=\"sc-lkgTHX eDNqWj\">\n<div class=\"sc-fFeiMQ etkQEf pf-655_ pf-r pf-r-eh\" data-pf-type=\"Row\">\n<div class=\"pf-c\">\n<div class=\"sc-FNXRL gpaAAN pf-656_\" data-pf-type=\"Column\">\n<h3 class=\"sc-gIDmLj ktCSaA pf-657_\" data-pf-type=\"Heading2\">SP\u00c9CIFICATION DU PRODUIT<\/h3>\n<\/div>\n<\/div>\n<\/div>\n<\/div>\n<\/div>\n<div class=\"sc-jlRLRk bizPpK pf-659_\" data-section-id=\"pf-1055\" data-pf-type=\"Section\">\n<div class=\"sc-lkgTHX eDNqWj\">\n<div class=\"sc-fFeiMQ etkQEf pf-660_ pf-r pf-r-eh\" data-pf-type=\"Row\">\n<div class=\"pf-c\">\n<div class=\"sc-FNXRL gpaAAN pf-661_\" data-pf-type=\"Column\">\n<div class=\"sc-fFeiMQ etkQEf pf-662_ pf-r pf-r-eh\" data-pf-type=\"Row\">\n<div class=\"pf-c\">\n<div class=\"sc-FNXRL gpaAAN pf-663_\" data-pf-type=\"Column\"><img loading=\"lazy\" decoding=\"async\" class=\"sc-uojGG kTBJzQ pf-664_\" src=\"https:\/\/cdn.shopify.com\/s\/files\/1\/0530\/5712\/6574\/t\/8\/assets\/dm_20230515094517_001-1684169171677_500x.jpg?v=1684169172\" width=\"1420\" height=\"1055\" data-pf-type=\"Image3\" \/><\/div>\n<\/div>\n<div class=\"pf-c\">\n<div class=\"sc-FNXRL gpaAAN pf-665_\" data-pf-type=\"Column\"><img loading=\"lazy\" decoding=\"async\" class=\"sc-uojGG kTBJzQ pf-666_\" src=\"https:\/\/cdn.shopify.com\/s\/files\/1\/0530\/5712\/6574\/t\/8\/assets\/dm_20230515094523_001-1684169240105_500x.jpg?v=1684169240\" width=\"800\" height=\"800\" data-pf-type=\"Image3\" \/><\/div>\n<\/div>\n<\/div>\n<div class=\"sc-fFeiMQ etkQEf pf-667_ pf-r pf-r-eh\" data-pf-type=\"Row\">\n<div class=\"pf-c\">\n<div class=\"sc-FNXRL gpaAAN pf-668_\" data-pf-type=\"Column\">\n<h3 class=\"sc-gIDmLj ktCSaA pf-669_\" data-pf-type=\"Heading2\">COMPATIBILIT\u00c9<br \/>\nPrend en charge les PS4 et PS5<br \/>\nPrend en charge toutes les bases Simagic et toutes les roues Simagic<br \/>\nPrend en charge les p\u00e9dales Simagic P1000 et P2000<br \/>\nPrend en charge le shifter Simagic H-Pattern DS-8X<br \/>\nPrend en charge les d\u00e9calages s\u00e9quentiels Simagic Q1, Q1s<br \/>\nLes appareils d'autres marques ne sont pas pris en charge<\/h3>\n<\/div>\n<\/div>\n<div class=\"pf-c\">\n<div class=\"sc-FNXRL gpaAAN pf-671_\" data-pf-type=\"Column\">\n<h3 class=\"sc-gIDmLj ktCSaA pf-672_\" data-pf-type=\"Heading2\">LIB\u00c8RE TA PERSONNALIT\u00c9<\/h3>\n<p>Prend en charge tous les volants Simagic, et propose des touches de raccourci pour r\u00e9gler rapidement les param\u00e8tres de l'empattement. Fais la course sur PS4 &amp; PS5 avec le volant de ton choix ! Il s'agit avant tout de s'amuser, il n'y a pas besoin de faire de compromis.<\/p>\n<\/div>\n<\/div>\n<\/div>\n<\/div>\n<\/div>\n<\/div>\n<div class=\"sc-fFeiMQ etkQEf pf-674_ pf-r pf-r-eh\" data-pf-type=\"Row\">\n<div class=\"pf-c\">\n<div class=\"sc-FNXRL gpaAAN pf-675_\" data-pf-type=\"Column\"><img loading=\"lazy\" decoding=\"async\" class=\"sc-uojGG kTBJzQ pf-676_\" src=\"https:\/\/cdn.shopify.com\/s\/files\/1\/0530\/5712\/6574\/t\/8\/assets\/dm_20230515094532_001-1684169450435_500x.jpg?v=1684169451\" width=\"950\" height=\"1239\" data-pf-type=\"Image3\" \/><\/div>\n<\/div>\n<div class=\"pf-c\">\n<div class=\"sc-FNXRL gpaAAN pf-677_\" data-pf-type=\"Column\"><img loading=\"lazy\" decoding=\"async\" class=\"sc-uojGG kTBJzQ pf-678_\" src=\"https:\/\/cdn.shopify.com\/s\/files\/1\/0530\/5712\/6574\/t\/8\/assets\/dm_20230515095201_001-1684169541036_500x.jpg?v=1684169541\" width=\"950\" height=\"1212\" data-pf-type=\"Image3\" \/><\/div>\n<\/div>\n<\/div>\n<div class=\"sc-fFeiMQ etkQEf pf-679_ pf-r pf-r-eh\" data-pf-type=\"Row\">\n<div class=\"pf-c\">\n<div class=\"sc-FNXRL gpaAAN pf-680_\" data-pf-type=\"Column\">\n<p class=\"sc-gIDmLj ktCSaA pf-681_\" data-pf-type=\"Heading2\">FAIS L'EXP\u00c9RIENCE D'UN V\u00c9RITABLE RETOUR D'INFORMATION PHYSIQUE<br \/>\nLa force et la sensibilit\u00e9 du retour de force peuvent \u00eatre r\u00e9gl\u00e9es pour r\u00e9pondre \u00e0 tes besoins personnels. Reproduis la v\u00e9ritable exp\u00e9rience de la course, en te donnant l'impression d'\u00eatre sur un circuit. Cr\u00e9e ton exp\u00e9rience de course ultime !<\/p>\n<p data-pf-type=\"Heading2\">Facile \u00e0 utiliser<\/p>\n<\/div>\n<\/div>\n<div class=\"sc-FNXRL gpaAAN pf-683_\" data-pf-type=\"Column\">\n<p class=\"sc-gIDmLj ktCSaA pf-684_\" data-pf-type=\"Heading2\">BOUTONS FACILES \u00c0 UTILISER CONVERTISSENT FACILEMENT AVEC UN SEUL BOUTON. FACILE \u00c0 UTILISER. Permet de r\u00e9gler la force totale, la vitesse de retour des roues, le niveau de souplesse, la limite d'angle des roues, le ressort m\u00e9canique, l'amortisseur m\u00e9canique, le frottement m\u00e9canique, l'inertie m\u00e9canique, la suspension du v\u00e9hicule et le niveau d'interpolation. 10 emplacements de m\u00e9moire disponibles pour enregistrer des param\u00e8tres de base personnalis\u00e9s pour diff\u00e9rents jeux ou diff\u00e9rentes voitures. Passe facilement d'une configuration \u00e0 l'autre.<\/p>\n<\/div>\n<\/div>\n<\/div>\n<\/div>\n<div class=\"sc-lkgTHX eDNqWj\">\n<div class=\"sc-fFeiMQ etkQEf pf-687_ pf-r pf-r-eh\" data-pf-type=\"Row\">\n<div class=\"pf-c\">\n<div class=\"sc-FNXRL gpaAAN pf-688_\" data-pf-type=\"Column\">\n<p class=\"sc-gIDmLj ktCSaA pf-689_\" data-pf-type=\"Heading2\">CARACT\u00c9RISTIQUES TECHNIQUES<\/p>\n<\/div>\n<\/div>\n<\/div>\n<\/div>\n<div class=\"sc-jlRLRk bizPpK pf-691_\" data-section-id=\"pf-3af0\" data-pf-type=\"Section\">\n<div class=\"sc-lkgTHX eDNqWj\">\n<div class=\"sc-fFeiMQ etkQEf pf-692_ pf-r pf-r-eh\" data-pf-type=\"Row\">\n<div class=\"pf-c\">\n<div class=\"sc-FNXRL gpaAAN pf-693_\" data-pf-type=\"Column\">\n<p class=\"sc-gIDmLj ktCSaA pf-694_\" data-pf-type=\"Heading2\">Marque : SIGMA CORTEX Consommation \u00e9lectrique maximale : 5V Mat\u00e9riau de construction : 53mm*30.5mm*110.5mm Compatibilit\u00e9 mat\u00e9rielle : PS4\/PS5<\/p>\n<div class=\"sc-fFeiMQ etkQEf pf-696_ pf-r pf-r-eh\" data-pf-type=\"Row\">\n<div class=\"pf-c\">\n<div class=\"sc-FNXRL gpaAAN pf-697_\" data-pf-type=\"Column\"><a class=\"sc-fHeRUh ieMBzn pf-698_\" href=\"https:\/\/drive.google.com\/file\/d\/1ItboEBJZtLVQm-ymsng9ezPzOKaxQJ_r\/view\" target=\"_blank\" rel=\"noopener\" data-pf-type=\"Button2\">Cliquer pour t\u00e9l\u00e9charger le manuel<\/a><\/div>\n<\/div>\n<\/div>\n<div class=\"sc-fFeiMQ etkQEf pf-700_ pf-r pf-r-eh\" data-pf-type=\"Row\">\n<div class=\"pf-c\">\n<div class=\"sc-FNXRL gpaAAN pf-701_\" data-pf-type=\"Column\"><a class=\"sc-fHeRUh ieMBzn pf-702_\" href=\"https:\/\/drive.google.com\/drive\/folders\/1aTedVCru4gTWvNfpPdoLB5TV_NqR-zfO\" target=\"_blank\" rel=\"noopener\" data-pf-type=\"Button2\">TELECHARGEMENTS DE FIRMWARE (Choisis le dernier)<\/a><\/div>\n<\/div>\n<\/div>\n<\/div>\n<\/div>\n<div class=\"pf-c\">\n<div class=\"sc-FNXRL gpaAAN pf-704_\" data-pf-type=\"Column\"><img loading=\"lazy\" decoding=\"async\" class=\"sc-uojGG kTBJzQ pf-705_\" src=\"https:\/\/cdn.shopify.com\/s\/files\/1\/0530\/5712\/6574\/t\/8\/assets\/dm_20230515100103_001-1684170074196_500x.png?v=1684170075\" width=\"928\" height=\"861\" data-pf-type=\"Image3\" \/><\/div>\n<\/div>\n<\/div>\n<\/div>\n<\/div>","protected":false},"excerpt":{"rendered":"<p>Malheureusement, le convertisseur Sigma Cortex ne reviendra pas dans un avenir proche.<\/p>","protected":false},"featured_media":4510,"template":"","meta":{"_acf_changed":false},"product_brand":[334],"product_cat":[481],"product_tag":[335,341,336,344],"class_list":{"0":"post-4509","1":"product","2":"type-product","3":"status-publish","4":"has-post-thumbnail","6":"product_brand-simagic","7":"product_cat-sim-racing-accessories","8":"product_tag-sim-racing","9":"product_tag-sim-racing-accessories","10":"product_tag-simagic","11":"product_tag-wheelbase-accessories","13":"first","14":"onbackorder","15":"taxable","16":"shipping-taxable","17":"purchasable","18":"product-type-simple"},"acf":[],"_links":{"self":[{"href":"https:\/\/www.noxgaming.ca\/fr\/wp-json\/wp\/v2\/product\/4509","targetHints":{"allow":["GET"]}}],"collection":[{"href":"https:\/\/www.noxgaming.ca\/fr\/wp-json\/wp\/v2\/product"}],"about":[{"href":"https:\/\/www.noxgaming.ca\/fr\/wp-json\/wp\/v2\/types\/product"}],"wp:featuredmedia":[{"embeddable":true,"href":"https:\/\/www.noxgaming.ca\/fr\/wp-json\/wp\/v2\/media\/4510"}],"wp:attachment":[{"href":"https:\/\/www.noxgaming.ca\/fr\/wp-json\/wp\/v2\/media?parent=4509"}],"wp:term":[{"taxonomy":"product_brand","embeddable":true,"href":"https:\/\/www.noxgaming.ca\/fr\/wp-json\/wp\/v2\/product_brand?post=4509"},{"taxonomy":"product_cat","embeddable":true,"href":"https:\/\/www.noxgaming.ca\/fr\/wp-json\/wp\/v2\/product_cat?post=4509"},{"taxonomy":"product_tag","embeddable":true,"href":"https:\/\/www.noxgaming.ca\/fr\/wp-json\/wp\/v2\/product_tag?post=4509"}],"curies":[{"name":"wp","href":"https:\/\/api.w.org\/{rel}","templated":true}]}}