{"id":4506,"date":"2024-10-21T18:36:36","date_gmt":"2024-10-21T22:36:36","guid":{"rendered":"https:\/\/www.noxgaming.ca\/product\/6sigma-integrated-monitor-mount\/"},"modified":"2026-04-17T13:46:25","modified_gmt":"2026-04-17T17:46:25","slug":"6sigma-integrated-monitor-mount","status":"publish","type":"product","link":"https:\/\/www.noxgaming.ca\/fr\/product\/6sigma-integrated-monitor-mount\/","title":{"rendered":"6Sigma support pour moniteur (Attachement chassis)"},"content":{"rendered":"<p><br data-mce-bogus=\"1\"><\/p>","protected":false},"excerpt":{"rendered":"<p style=\"text-align: left;\">Le support de moniteur de jeu le plus robuste du march\u00e9. Construction solide en aluminium. Id\u00e9al pour un moniteur ultra-large de 49\u2033. S'adapte \u00e9galement \u00e0 une configuration \u00e0 trois moniteurs.   <\/p>","protected":false},"featured_media":4507,"template":"","meta":{"_acf_changed":false},"product_brand":[386],"product_cat":[502],"product_tag":[387,389,391,335,319],"class_list":{"0":"post-4506","1":"product","2":"type-product","3":"status-publish","4":"has-post-thumbnail","6":"product_brand-6-sigma","7":"product_cat-monitor-mounts","8":"product_tag-6-sigma","9":"product_tag-6bf25","10":"product_tag-monitor-stand","11":"product_tag-sim-racing","12":"product_tag-tagbf25","14":"first","15":"onbackorder","16":"taxable","17":"shipping-taxable","18":"purchasable","19":"product-type-simple"},"acf":[],"_links":{"self":[{"href":"https:\/\/www.noxgaming.ca\/fr\/wp-json\/wp\/v2\/product\/4506","targetHints":{"allow":["GET"]}}],"collection":[{"href":"https:\/\/www.noxgaming.ca\/fr\/wp-json\/wp\/v2\/product"}],"about":[{"href":"https:\/\/www.noxgaming.ca\/fr\/wp-json\/wp\/v2\/types\/product"}],"wp:featuredmedia":[{"embeddable":true,"href":"https:\/\/www.noxgaming.ca\/fr\/wp-json\/wp\/v2\/media\/4507"}],"wp:attachment":[{"href":"https:\/\/www.noxgaming.ca\/fr\/wp-json\/wp\/v2\/media?parent=4506"}],"wp:term":[{"taxonomy":"product_brand","embeddable":true,"href":"https:\/\/www.noxgaming.ca\/fr\/wp-json\/wp\/v2\/product_brand?post=4506"},{"taxonomy":"product_cat","embeddable":true,"href":"https:\/\/www.noxgaming.ca\/fr\/wp-json\/wp\/v2\/product_cat?post=4506"},{"taxonomy":"product_tag","embeddable":true,"href":"https:\/\/www.noxgaming.ca\/fr\/wp-json\/wp\/v2\/product_tag?post=4506"}],"curies":[{"name":"wp","href":"https:\/\/api.w.org\/{rel}","templated":true}]}}