{"id":4500,"date":"2024-10-21T18:36:35","date_gmt":"2024-10-21T22:36:35","guid":{"rendered":"https:\/\/www.noxgaming.ca\/product\/6sigma-single-monitor-floor-stand\/"},"modified":"2026-04-17T13:46:28","modified_gmt":"2026-04-17T17:46:28","slug":"6sigma-single-monitor-floor-stand","status":"publish","type":"product","link":"https:\/\/www.noxgaming.ca\/fr\/product\/6sigma-single-monitor-floor-stand\/","title":{"rendered":"Support de sol pour moniteur unique \/ TV 6Sigma"},"content":{"rendered":"<p><br data-mce-bogus=\"1\"><\/p>","protected":false},"excerpt":{"rendered":"<p dir=\"ltr\" style=\"text-align: left;\">Le support d'\u00e9cran simple en aluminium le plus solide et le plus r\u00e9sistant du march\u00e9. Con\u00e7u pour une rigidit\u00e9 sup\u00e9rieure. <\/p>\n<p dir=\"ltr\" style=\"text-align: left;\">130cmX37cmX8cm, 14.3kg<\/p>\n<ul>\n<li dir=\"ltr\" style=\"text-align: left;\">\n<p dir=\"ltr\">Facile \u00e0 assembler<\/p>\n<\/li>\n<li dir=\"ltr\" style=\"text-align: left;\">\n<p dir=\"ltr\">Hauteur et angle enti\u00e8rement r\u00e9glables<\/p>\n<\/li>\n<li dir=\"ltr\" style=\"text-align: left;\">\n<p dir=\"ltr\">Annule les vibrations caus\u00e9es par les coups de volant et les coups de p\u00e9dale<\/p>\n<\/li>\n<li dir=\"ltr\">\n<p dir=\"ltr\" style=\"text-align: left;\">Peut contenir un moniteur jusqu'\u00e0 55 pouces<\/p>\n<\/li>\n<\/ul>","protected":false},"featured_media":4501,"template":"","meta":{"_acf_changed":false},"product_brand":[386],"product_cat":[502],"product_tag":[387,389,391,335,319],"class_list":{"0":"post-4500","1":"product","2":"type-product","3":"status-publish","4":"has-post-thumbnail","6":"product_brand-6-sigma","7":"product_cat-monitor-mounts","8":"product_tag-6-sigma","9":"product_tag-6bf25","10":"product_tag-monitor-stand","11":"product_tag-sim-racing","12":"product_tag-tagbf25","14":"first","15":"onbackorder","16":"taxable","17":"shipping-taxable","18":"purchasable","19":"product-type-simple"},"acf":[],"_links":{"self":[{"href":"https:\/\/www.noxgaming.ca\/fr\/wp-json\/wp\/v2\/product\/4500","targetHints":{"allow":["GET"]}}],"collection":[{"href":"https:\/\/www.noxgaming.ca\/fr\/wp-json\/wp\/v2\/product"}],"about":[{"href":"https:\/\/www.noxgaming.ca\/fr\/wp-json\/wp\/v2\/types\/product"}],"wp:featuredmedia":[{"embeddable":true,"href":"https:\/\/www.noxgaming.ca\/fr\/wp-json\/wp\/v2\/media\/4501"}],"wp:attachment":[{"href":"https:\/\/www.noxgaming.ca\/fr\/wp-json\/wp\/v2\/media?parent=4500"}],"wp:term":[{"taxonomy":"product_brand","embeddable":true,"href":"https:\/\/www.noxgaming.ca\/fr\/wp-json\/wp\/v2\/product_brand?post=4500"},{"taxonomy":"product_cat","embeddable":true,"href":"https:\/\/www.noxgaming.ca\/fr\/wp-json\/wp\/v2\/product_cat?post=4500"},{"taxonomy":"product_tag","embeddable":true,"href":"https:\/\/www.noxgaming.ca\/fr\/wp-json\/wp\/v2\/product_tag?post=4500"}],"curies":[{"name":"wp","href":"https:\/\/api.w.org\/{rel}","templated":true}]}}