{"id":4493,"date":"2024-10-21T18:36:35","date_gmt":"2024-10-21T22:36:35","guid":{"rendered":"https:\/\/www.noxgaming.ca\/product\/standard-gtr-bucket-seat\/"},"modified":"2026-04-17T13:46:34","modified_gmt":"2026-04-17T17:46:34","slug":"standard-gtr-bucket-seat","status":"publish","type":"product","link":"https:\/\/www.noxgaming.ca\/fr\/product\/standard-gtr-bucket-seat\/","title":{"rendered":"Si\u00e8ge baquet GTR standard"},"content":{"rendered":"","protected":false},"excerpt":{"rendered":"<p dir=\"ltr\"><em><strong>EN ARRI\u00c8RE-PLAN -\u00a0<\/strong><\/em>Un agent vous contactera pour conna\u00eetre les disponibilit\u00e9s et les solutions possibles.<\/p>\n<p dir=\"ltr\" style=\"text-align: left;\">Le si\u00e8ge baquet GTR sportif et tr\u00e8s respirant t'enveloppe de confort et est compos\u00e9 de fibre de verre, de mat\u00e9riaux de remplissage et de daim de haute qualit\u00e9 pour un confort plus durable sans surchauffe.<\/p>\n<p dir=\"ltr\" style=\"text-align: left;\">Ce si\u00e8ge de course saisissant est dot\u00e9 du logo 6 Sigma Sim Racing brod\u00e9, d'une coque ext\u00e9rieure dure pour la durabilit\u00e9, d'un aspect et d'une sensation authentiques et d'un confort pour de longues heures de plaisir de simulation de course.<\/p>\n<p dir=\"ltr\" style=\"text-align: left;\">Le si\u00e8ge baquet de course GTR est durable, facile \u00e0 entretenir et abordable, et il donnera \u00e0 ta plateforme un look exceptionnel.<\/p>","protected":false},"featured_media":4494,"template":"","meta":{"_acf_changed":false},"product_brand":[386],"product_cat":[501],"product_tag":[387,389,390,335,319],"class_list":{"0":"post-4493","1":"product","2":"type-product","3":"status-publish","4":"has-post-thumbnail","6":"product_brand-6-sigma","7":"product_cat-seat","8":"product_tag-6-sigma","9":"product_tag-6bf25","10":"product_tag-seats","11":"product_tag-sim-racing","12":"product_tag-tagbf25","14":"first","15":"onbackorder","16":"taxable","17":"shipping-taxable","18":"purchasable","19":"product-type-simple"},"acf":[],"_links":{"self":[{"href":"https:\/\/www.noxgaming.ca\/fr\/wp-json\/wp\/v2\/product\/4493","targetHints":{"allow":["GET"]}}],"collection":[{"href":"https:\/\/www.noxgaming.ca\/fr\/wp-json\/wp\/v2\/product"}],"about":[{"href":"https:\/\/www.noxgaming.ca\/fr\/wp-json\/wp\/v2\/types\/product"}],"wp:featuredmedia":[{"embeddable":true,"href":"https:\/\/www.noxgaming.ca\/fr\/wp-json\/wp\/v2\/media\/4494"}],"wp:attachment":[{"href":"https:\/\/www.noxgaming.ca\/fr\/wp-json\/wp\/v2\/media?parent=4493"}],"wp:term":[{"taxonomy":"product_brand","embeddable":true,"href":"https:\/\/www.noxgaming.ca\/fr\/wp-json\/wp\/v2\/product_brand?post=4493"},{"taxonomy":"product_cat","embeddable":true,"href":"https:\/\/www.noxgaming.ca\/fr\/wp-json\/wp\/v2\/product_cat?post=4493"},{"taxonomy":"product_tag","embeddable":true,"href":"https:\/\/www.noxgaming.ca\/fr\/wp-json\/wp\/v2\/product_tag?post=4493"}],"curies":[{"name":"wp","href":"https:\/\/api.w.org\/{rel}","templated":true}]}}