{"id":4470,"date":"2024-05-27T18:02:00","date_gmt":"2024-05-27T22:02:00","guid":{"rendered":"https:\/\/www.noxgaming.ca\/product\/simagic-gt-pro-hub\/"},"modified":"2026-04-17T13:49:17","modified_gmt":"2026-04-17T17:49:17","slug":"simagic-gt-pro-hub","status":"publish","type":"product","link":"https:\/\/www.noxgaming.ca\/fr\/product\/simagic-gt-pro-hub\/","title":{"rendered":"SIMAGIC GT-PRO HUB"},"content":{"rendered":"","protected":false},"excerpt":{"rendered":"<h3 style=\"text-align: left;\"><strong>Hub Simagic GT-PRO<\/strong><\/h3>\n<p>&nbsp;<\/p>\n<p style=\"text-align: left;\">Ce moyeu GT-Pro te permet d'adapter le volant de ton choix, avec toutes les fonctions n\u00e9cessaires, \u00e0 ton simulateur.<br \/>\nSon bo\u00eetier en aluminium usin\u00e9 CNC, sa face avant en carbone et ses manettes magn\u00e9tiques combinent une fois de plus tout le savoir-faire de Simagic !<b><\/b><\/p>\n<p>Sp\u00e9cifications :<\/p>\n<p>&nbsp;<\/p>\n<ul>\n<li style=\"text-align: left;\">Affichage LED du r\u00e9gime moteur<\/li>\n<li style=\"text-align: left;\">8 boutons RVB personnalisables<\/li>\n<li style=\"text-align: left;\">2 encodeurs \u00e0 molette sur les c\u00f4t\u00e9s pour un acc\u00e8s facile.<\/li>\n<li style=\"text-align: left;\">2 encodeurs ABS \/ TC RGB<\/li>\n<li style=\"text-align: left;\">Couleurs RVB et luminosit\u00e9 configurables \u00e0 partir du logiciel SimPro Manager<\/li>\n<li style=\"text-align: left;\">Palettes magn\u00e9tiques<\/li>\n<li style=\"text-align: left;\">Double embrayage (configurable)<\/li>\n<li style=\"text-align: left;\">Entraxe standard du volant d'inertie 70 mm<\/li>\n<li style=\"text-align: left;\">Autocollants pour personnaliser ton Hub GT-Pro<\/li>\n<\/ul>","protected":false},"featured_media":430428,"template":"","meta":{"_acf_changed":false},"product_brand":[334],"product_cat":[490],"product_tag":[335,336,337],"class_list":{"0":"post-4470","1":"product","2":"type-product","3":"status-publish","4":"has-post-thumbnail","6":"product_brand-simagic","7":"product_cat-wheels-en","8":"product_tag-sim-racing","9":"product_tag-simagic","10":"product_tag-steering-wheels","11":"pa_gt-pro-hub-gt-pro-hub","12":"pa_gt-pro-hub-gt-pro-hub-p325c-alcantara","13":"pa_gt-pro-hub-gt-pro-hub-p325c-leather","14":"pa_gt-pro-hub-gt-pro-hub-p325d-alcantara","15":"pa_gt-pro-hub-gt-pro-hub-p325d-leather","16":"pa_gt-pro-hub-gt-pro-hub-p330r-acantara","17":"pa_gt-pro-hub-gt-pro-hub-p330r-leather","19":"first","20":"instock","21":"taxable","22":"shipping-taxable","23":"purchasable","24":"product-type-variable"},"acf":[],"_links":{"self":[{"href":"https:\/\/www.noxgaming.ca\/fr\/wp-json\/wp\/v2\/product\/4470","targetHints":{"allow":["GET"]}}],"collection":[{"href":"https:\/\/www.noxgaming.ca\/fr\/wp-json\/wp\/v2\/product"}],"about":[{"href":"https:\/\/www.noxgaming.ca\/fr\/wp-json\/wp\/v2\/types\/product"}],"wp:featuredmedia":[{"embeddable":true,"href":"https:\/\/www.noxgaming.ca\/fr\/wp-json\/wp\/v2\/media\/430428"}],"wp:attachment":[{"href":"https:\/\/www.noxgaming.ca\/fr\/wp-json\/wp\/v2\/media?parent=4470"}],"wp:term":[{"taxonomy":"product_brand","embeddable":true,"href":"https:\/\/www.noxgaming.ca\/fr\/wp-json\/wp\/v2\/product_brand?post=4470"},{"taxonomy":"product_cat","embeddable":true,"href":"https:\/\/www.noxgaming.ca\/fr\/wp-json\/wp\/v2\/product_cat?post=4470"},{"taxonomy":"product_tag","embeddable":true,"href":"https:\/\/www.noxgaming.ca\/fr\/wp-json\/wp\/v2\/product_tag?post=4470"}],"curies":[{"name":"wp","href":"https:\/\/api.w.org\/{rel}","templated":true}]}}