{"id":4458,"date":"2024-05-31T18:56:29","date_gmt":"2024-05-31T22:56:29","guid":{"rendered":"https:\/\/www.noxgaming.ca\/product\/cammus-c5-bundle-for-c5-base-and-cp5-pedals\/"},"modified":"2026-04-17T13:47:05","modified_gmt":"2026-04-17T17:47:05","slug":"cammus-c5-bundle-for-c5-base-and-cp5-pedals","status":"publish","type":"product","link":"https:\/\/www.noxgaming.ca\/fr\/product\/cammus-c5-bundle-for-c5-base-and-cp5-pedals\/","title":{"rendered":"Ensemble CAMMUS C5 avec base C5 et p\u00e9dales CP5"},"content":{"rendered":"","protected":false},"excerpt":{"rendered":"<p style=\"text-align: left;\">Le CAMMUS C5 est le tout dernier ensemble de simulation offrant une valeur exceptionnelle in\u00e9gal\u00e9e par les autres ensembles. Si vous \u00eates \u00e0 la recherche d'un ensemble complet de conduite directe, c'est la bonne affaire. Dot\u00e9 d'un rotor DD et d'une roue moteur int\u00e9gr\u00e9s, d'un jeu de 2 p\u00e9dales (p\u00e9dale d'acc\u00e9l\u00e9rateur + frein), le pack C5 comprend tout ce dont vous avez besoin pour d\u00e9marrer avec un ensemble \u00e0 entra\u00eenement direct.  <\/p>\n<p style=\"text-align: left;\">CAMMUS a pr\u00e9sent\u00e9 exclusivement \u00e0 NOX Gaming, mais ils connaissent une chose ou deux sur le sport automobile. Leur vaste exp\u00e9rience comprend des supercars \u00e9lectriques \u00e0 moteur central de 500 ch construites \u00e0 la main, des karts \u00e9lectriques, des moteurs EV mont\u00e9s sur ch\u00e2ssis, ainsi que l'empattement WB15 de 15 Nm et les ensembles WB15 qui ont fait leurs preuves. <\/p>\n<p style=\"text-align: left;\"><strong>Caract\u00e9ristiques principales<\/strong><br \/>\nCouple nominal maximum de 5 Nm<br \/>\nRoue + bo\u00eetier de rotor int\u00e9gr\u00e9s, ce qui donne la conception DD la plus compacte et la plus l\u00e9g\u00e8re au monde.<br \/>\nRetour d'information haptique (vibration) int\u00e9gr\u00e9 au FFB<br \/>\nBo\u00eetier en aluminium noir avec panneau frontal en fibre de carbone<br \/>\n20 boutons programmables sur le volant, 4 boutons rotatifs programmables en aluminium et 2 palettes de changement de vitesse<br \/>\nIndicateur de vitesse LED<br \/>\nAffichage de la vitesse sur l'\u00e9cran LCD<br \/>\nJeu de 2 p\u00e9dales CP5 (p\u00e9dale d'acc\u00e9l\u00e9rateur et p\u00e9dale de frein)<br \/>\nApplication puissante permettant de r\u00e9gler la force de r\u00e9troaction, la sensibilit\u00e9, la force d'impact de la suspension et bien plus encore, ainsi que des profils pr\u00e9d\u00e9finis comprenant un mode de d\u00e9rive.<\/p>\n<p><span style=\"color: #ff0000;\"><em><strong>N'inclut pas la pince de bureau CAMMUS CS5  <\/strong><\/em><\/span><\/p>","protected":false},"featured_media":4459,"template":"","meta":{"_acf_changed":false},"product_brand":[],"product_cat":[479],"product_tag":[],"class_list":{"0":"post-4458","1":"product","2":"type-product","3":"status-publish","4":"has-post-thumbnail","6":"product_cat-sim-racing-bundles","8":"first","9":"outofstock","10":"sale","11":"taxable","12":"shipping-taxable","13":"purchasable","14":"product-type-simple"},"acf":[],"_links":{"self":[{"href":"https:\/\/www.noxgaming.ca\/fr\/wp-json\/wp\/v2\/product\/4458","targetHints":{"allow":["GET"]}}],"collection":[{"href":"https:\/\/www.noxgaming.ca\/fr\/wp-json\/wp\/v2\/product"}],"about":[{"href":"https:\/\/www.noxgaming.ca\/fr\/wp-json\/wp\/v2\/types\/product"}],"wp:featuredmedia":[{"embeddable":true,"href":"https:\/\/www.noxgaming.ca\/fr\/wp-json\/wp\/v2\/media\/4459"}],"wp:attachment":[{"href":"https:\/\/www.noxgaming.ca\/fr\/wp-json\/wp\/v2\/media?parent=4458"}],"wp:term":[{"taxonomy":"product_brand","embeddable":true,"href":"https:\/\/www.noxgaming.ca\/fr\/wp-json\/wp\/v2\/product_brand?post=4458"},{"taxonomy":"product_cat","embeddable":true,"href":"https:\/\/www.noxgaming.ca\/fr\/wp-json\/wp\/v2\/product_cat?post=4458"},{"taxonomy":"product_tag","embeddable":true,"href":"https:\/\/www.noxgaming.ca\/fr\/wp-json\/wp\/v2\/product_tag?post=4458"}],"curies":[{"name":"wp","href":"https:\/\/api.w.org\/{rel}","templated":true}]}}