{"id":4449,"date":"2024-05-02T18:20:14","date_gmt":"2024-05-02T22:20:14","guid":{"rendered":"https:\/\/www.noxgaming.ca\/product\/hermes-gaming-pc-ryzen-7-7800x3d-32gb-ram-rtx-4070-super-12gb\/"},"modified":"2026-04-17T13:50:02","modified_gmt":"2026-04-17T17:50:02","slug":"hermes-gaming-pc-ryzen-7-7800x3d-32gb-ram-rtx-4070-super-12gb","status":"publish","type":"product","link":"https:\/\/www.noxgaming.ca\/fr\/product\/hermes-gaming-pc-ryzen-7-7800x3d-32gb-ram-rtx-4070-super-12gb\/","title":{"rendered":"Hermes Gaming PC (Ryzen 7 7800X3D - 32GB RAM - RTX 4070 Super)"},"content":{"rendered":"<p>[et_pb_section fb_built=&#8221;1&#8243; _builder_version=&#8221;4.16&#8243; custom_padding=&#8221;0px||||false|false&#8221; global_colors_info=&#8221;{}&#8221;][et_pb_row _builder_version=&#8221;4.16&#8243; background_size=&#8221;initial&#8221; background_position=&#8221;top_left&#8221; background_repeat=&#8221;repeat&#8221; width=&#8221;100%&#8221; custom_padding=&#8221;0px||0px||false|false&#8221; global_colors_info=&#8221;{}&#8221;][et_pb_column type=&#8221;4_4&#8243; _builder_version=&#8221;4.16&#8243; custom_padding=&#8221;|||&#8221; global_colors_info=&#8221;{}&#8221; custom_padding__hover=&#8221;|||&#8221;][et_pb_wc_breadcrumb _builder_version=&#8221;4.16&#8243; global_colors_info=&#8221;{}&#8221;][\/et_pb_wc_breadcrumb][et_pb_wc_cart_notice _builder_version=&#8221;4.16&#8243; global_colors_info=&#8221;{}&#8221;][\/et_pb_wc_cart_notice][\/et_pb_column][\/et_pb_row][et_pb_row column_structure=&#8221;1_2,1_2&#8243; _builder_version=&#8221;4.16&#8243; background_size=&#8221;initial&#8221; background_position=&#8221;top_left&#8221; background_repeat=&#8221;repeat&#8221; width=&#8221;100%&#8221; custom_padding=&#8221;0px||||false|false&#8221; global_colors_info=&#8221;{}&#8221;][et_pb_column type=&#8221;1_2&#8243; _builder_version=&#8221;4.16&#8243; custom_padding=&#8221;|||&#8221; global_colors_info=&#8221;{}&#8221; custom_padding__hover=&#8221;|||&#8221;][et_pb_wc_images admin_label=&#8221;Images de produits Woo&#8221; _builder_version=&#8221;4.16&#8243; global_colors_info=&#8221;{}&#8221;][\/et_pb_wc_images][\/et_pb_column][et_pb_column type=&#8221;1_2&#8243; _builder_version=&#8221;4.16&#8243; custom_padding=&#8221;|||&#8221; global_colors_info=&#8221;{}&#8221; custom_padding__hover=&#8221;|||&#8221;][et_pb_wc_title _builder_version=&#8221;4.16&#8243; global_colors_info=&#8221;{}&#8221;][\/et_pb_wc_title][et_pb_wc_rating _builder_version=&#8221;4.16&#8243; global_colors_info=&#8221;{}&#8221;][\/et_pb_wc_rating][et_pb_wc_price _builder_version=&#8221;4.16&#8243; global_colors_info=&#8221;{}&#8221;][\/et_pb_wc_price][et_pb_wc_description _builder_version=&#8221;4.16&#8243; global_colors_info=&#8221;{}&#8221;][\/et_pb_wc_description][et_pb_wc_add_to_cart _builder_version=&#8221;4.16&#8243; global_colors_info=&#8221;{}&#8221;][\/et_pb_wc_add_to_cart][et_pb_wc_meta _builder_version=&#8221;4.16&#8243; global_colors_info=&#8221;{}&#8221;][\/et_pb_wc_meta][\/et_pb_column][\/et_pb_row][et_pb_row _builder_version=&#8221;4.16&#8243; background_size=&#8221;initial&#8221; background_position=&#8221;top_left&#8221; background_repeat=&#8221;repeat&#8221; width=&#8221;100%&#8221; global_colors_info=&#8221;{}&#8221;][et_pb_column type=&#8221;4_4&#8243; _builder_version=&#8221;4.16&#8243; custom_padding=&#8221;|||&#8221; global_colors_info=&#8221;{}&#8221; custom_padding__hover=&#8221;|||&#8221;][et_pb_wc_tabs _builder_version=&#8221;4.16&#8243; global_colors_info=&#8221;{}&#8221;] [\/et_pb_wc_tabs][et_pb_wc_upsells _builder_version=&#8221;4.16&#8243; global_colors_info=&#8221;{}&#8221;][\/et_pb_wc_upsells][et_pb_wc_related_products _builder_version=&#8221;4.16&#8243; global_colors_info=&#8221;{}&#8221;][\/et_pb_wc_related_products][\/et_pb_column][\/et_pb_row][\/et_pb_section]<\/p>\n","protected":false},"excerpt":{"rendered":"<p style=\"text-align: left;\">GARANTIE DE 3 ANS<\/p>\n<p style=\"text-align: left;\">Profite de cette machine de guerre qui t'aidera \u00e0 \u00e9craser tes ennemis ! Avec cet atout \u00e0 tes c\u00f4t\u00e9s, tu pourras d\u00e9truire tout ce qui bouge et battre le jeu en un claquement de doigts !<\/p>\n<p style=\"text-align: left;\">Excellent machine for 1080P, 2K and even 4K gaming at hundreds of FPS!<\/p>\n<p style=\"text-align: left;\">Les machines sont enti\u00e8rement assembl\u00e9es, configur\u00e9es et pr\u00eates \u00e0 jouer :<br \/>\n\u2705 Windows install\u00e9 et \u00e0 jour<br \/>\n\u2705 Windows activ\u00e9 l\u00e9galement<br \/>\n\u2705 Pilotes install\u00e9s et \u00e0 jour<br \/>\n\u2705 Antivirus install\u00e9<br \/>\n\u2705 Test\u00e9 et mis \u00e0 l'\u00e9preuve du stress<br \/>\n\u2705 Soutien \u00e0 distance<\/p>\n<p style=\"text-align: left;\">Processeur (CPU) :<br \/>\nAMD Ryzen 7 7800X3D (8 cores, Max Turbo 5.00 GHz)<\/p>\n<p style=\"text-align: left;\">Carte graphique (GPU) :<br \/>\nNVIDIA RTX 4070 Super 12GB<\/p>\n<p style=\"text-align: left;\">Bloc d'alimentation (PSU) :<br \/>\nBloc d'alimentation 850W 80+ Gold ATX 3.0<\/p>\n<p style=\"text-align: left;\">Memory (RAM)<br \/>\n32GB RAM DDR5 6000MHz<\/p>\n<p style=\"text-align: left;\">Refroidissement :<br \/>\n240mm AIO RGB<br \/>\n7X Fans RGB Controllables<\/p>\n<p style=\"text-align: left;\">Stockage :<br \/>\n1TB NVMe PCIe 4.0 3500MB\/s<\/p>\n<p style=\"text-align: left;\">Accessoires :<br \/>\nSupport horizontal noir - RGB<\/p>\n<p style=\"text-align: left;\">Cas :<br \/>\nCorsair 4000D Airflow Black<\/p>\n<p style=\"text-align: left;\">Syst\u00e8me d'exploitation :<br \/>\nWindows 11 Home<\/p>\n<p style=\"text-align: left;\">Wi-Fi :<br \/>\nWi-Fi 6 Antenne 6 + Bluetooth<\/p>\n<p style=\"text-align: left;\">Garantie :<br \/>\nGarantie standard de 3 ans de NOX Gaming<\/p>\n<p style=\"text-align: left;\"><strong>**NEW**<\/strong><br \/>\nYou can now upgrade your build using the &#8220;Configure this PC&#8221; button! You keep the promotion, but you can align the PC to your image.<\/p>\n<p style=\"text-align: left;\">","protected":false},"featured_media":4450,"template":"","meta":{"_acf_changed":false},"product_brand":[313],"product_cat":[455],"product_tag":[519,315,317,318],"class_list":{"0":"post-4449","1":"product","2":"type-product","3":"status-publish","4":"has-post-thumbnail","6":"product_brand-nox-gaming","7":"product_cat-gaming-pc","8":"product_tag-discontinued","9":"product_tag-gaming-pc","10":"product_tag-nox-gaming","11":"product_tag-pcs","13":"first","14":"outofstock","15":"sale","16":"taxable","17":"shipping-taxable","18":"purchasable","19":"product-type-simple"},"acf":[],"_links":{"self":[{"href":"https:\/\/www.noxgaming.ca\/fr\/wp-json\/wp\/v2\/product\/4449","targetHints":{"allow":["GET"]}}],"collection":[{"href":"https:\/\/www.noxgaming.ca\/fr\/wp-json\/wp\/v2\/product"}],"about":[{"href":"https:\/\/www.noxgaming.ca\/fr\/wp-json\/wp\/v2\/types\/product"}],"wp:featuredmedia":[{"embeddable":true,"href":"https:\/\/www.noxgaming.ca\/fr\/wp-json\/wp\/v2\/media\/4450"}],"wp:attachment":[{"href":"https:\/\/www.noxgaming.ca\/fr\/wp-json\/wp\/v2\/media?parent=4449"}],"wp:term":[{"taxonomy":"product_brand","embeddable":true,"href":"https:\/\/www.noxgaming.ca\/fr\/wp-json\/wp\/v2\/product_brand?post=4449"},{"taxonomy":"product_cat","embeddable":true,"href":"https:\/\/www.noxgaming.ca\/fr\/wp-json\/wp\/v2\/product_cat?post=4449"},{"taxonomy":"product_tag","embeddable":true,"href":"https:\/\/www.noxgaming.ca\/fr\/wp-json\/wp\/v2\/product_tag?post=4449"}],"curies":[{"name":"wp","href":"https:\/\/api.w.org\/{rel}","templated":true}]}}