{"id":4413,"date":"2024-05-27T18:01:58","date_gmt":"2024-05-27T22:01:58","guid":{"rendered":"https:\/\/www.noxgaming.ca\/product\/simagic-p1000-p1000i-3-pedals\/"},"modified":"2026-04-17T13:49:43","modified_gmt":"2026-04-17T17:49:43","slug":"simagic-p1000-p1000i-3-pedals","status":"publish","type":"product","link":"https:\/\/www.noxgaming.ca\/fr\/product\/simagic-p1000-p1000i-3-pedals\/","title":{"rendered":"SIMAGIC P1000 et P1000i PEDALES - 3 PEDALES"},"content":{"rendered":"<h4><b>P\u00c9DALES SIMAGIC P1000<\/b><\/h4>\n<p>Une toute nouvelle conception optimis\u00e9e qui facilite le montage du p\u00e9dalier.<\/p>\n<p>Les p\u00e9dales P1000 sont \u00e9quip\u00e9es d'une plaque de montage profil\u00e9e et d'un bo\u00eetier de c\u00e2blage, pour une installation rapide.<\/p>\n<ul>\n<li>Simple, pratique et polyvalent<\/li>\n<li>Conception modulaire int\u00e9gr\u00e9e, remplacement rapide des tampons en caoutchouc pour un large choix de combinaisons.<\/li>\n<li>Jusqu'\u00e0 27648 combinaisons diff\u00e9rentes sont possibles, de quoi r\u00e9pondre \u00e0 toutes les exigences.<\/li>\n<li>Les capteurs de charge et les capteurs d'angle \u00e0 effet Hall peuvent \u00eatre librement interchang\u00e9s.<\/li>\n<li>Pour les voitures particuli\u00e8res, dont la course de la p\u00e9dale est plus longue, les capteurs d'angle de Hall sont plus pr\u00e9cis.<\/li>\n<li>Pour les voitures de course, dont la course de la p\u00e9dale est plus courte, les capteurs \u00e0 cellule de charge sont plus pr\u00e9cis.<\/li>\n<\/ul>\n<h4><b>NOUVELLES P\u00c9DALES INVERS\u00c9ES SIMAGIC P1000I<\/b><\/h4>\n<p>Une toute nouvelle conception optimis\u00e9e qui facilite le montage du p\u00e9dalier.<\/p>\n<p>Les p\u00e9dales P1000i sont \u00e9quip\u00e9es d'une plaque de montage profil\u00e9e et d'un bo\u00eetier de c\u00e2blage, pour une installation rapide.<\/p>\n<ul>\n<li>Simple, pratique et polyvalent<\/li>\n<li>Conception modulaire int\u00e9gr\u00e9e, remplacement rapide des tampons en caoutchouc pour un large choix de combinaisons.<\/li>\n<li>Jusqu'\u00e0 27648 combinaisons diff\u00e9rentes sont possibles, de quoi r\u00e9pondre \u00e0 toutes les exigences.<\/li>\n<li>Les capteurs de charge et les capteurs d'angle \u00e0 effet Hall peuvent \u00eatre librement interchang\u00e9s.<\/li>\n<li>Pour les voitures particuli\u00e8res, dont la course de la p\u00e9dale est plus longue, les capteurs d'angle de Hall sont plus pr\u00e9cis.<\/li>\n<li>Pour les voitures de course, dont la course de la p\u00e9dale est plus courte, les capteurs \u00e0 cellule de charge sont plus pr\u00e9cis.<\/li>\n<\/ul>\n<h4><strong><br \/>\nFABRIQU\u00c9 AVEC LE PLUS GRAND SOIN, IL EST DURABLE ET FIABLE, GARANTISSANT DES PERFORMANCES OPTIMALES \u00c0 CHAQUE FOIS.<\/strong><\/h4>\n<ul>\n<li>La pr\u00e9cision revisit\u00e9e : La technologie CNC au service de la pr\u00e9cision.<\/li>\n<li>Durabilit\u00e9 in\u00e9gal\u00e9e : r\u00e9siste \u00e0 des tests de plus de 200 000 coups de p\u00e9dale sans faille.<\/li>\n<li>La construction en alliage d'aluminium garantit des performances exceptionnelles en cas d'utilisation intensive.<\/li>\n<li><b>Plusieurs options d'ajustement, telles que :<\/b>\n<ul>\n<li>Distance r\u00e9glable entre les p\u00e9dales.<\/li>\n<li>Hauteur de p\u00e9dale r\u00e9glable<\/li>\n<li>Force de l'acc\u00e9l\u00e9rateur r\u00e9glable<\/li>\n<li>Angle de p\u00e9dale r\u00e9glable<\/li>\n<li>Course de la p\u00e9dale r\u00e9glable<\/li>\n<li>R\u00e9glage rapide de l'embrayage<\/li>\n<\/ul>\n<\/li>\n<\/ul>\n<h4><b>P-HPR (HAPTIC PEDALS REACTOR) - OPTIONNEL<\/b><\/h4>\n<p>Les moteurs haptiques brevet\u00e9s de SIMAGIC simulent les m\u00eames forces que celles rencontr\u00e9es dans les voitures de course, fournissant ainsi un retour d'information r\u00e9aliste sans ambigu\u00eft\u00e9. La fr\u00e9quence et l'amplitude des vibrations peuvent \u00eatre r\u00e9gl\u00e9es et param\u00e9tr\u00e9es pour recr\u00e9er avec pr\u00e9cision les diverses r\u00e9actions de conduite de diff\u00e9rents v\u00e9hicules. Divers param\u00e8tres de t\u00e9l\u00e9m\u00e9trie et caract\u00e9ristiques de vibration peuvent \u00eatre modifi\u00e9s.<\/p>\n<h4><b>P-HYS (SYST\u00c8ME HYDRAULIQUE) - EN OPTION<\/b><\/h4>\n<p>Le syst\u00e8me de freinage hydraulique P-HYS en option reproduit plus fid\u00e8lement l'amortissement et le rebond des freins d'une voiture.<\/p>\n<h4><b>SP\u00c9CIFICATIONS TECHNIQUES :<\/b><\/h4>\n<ul>\n<li>R\u00e9solution : <b>12Bits (4096)<\/b><\/li>\n<li>Connexion USB : <b>PC, Simagic Wheelbase (port Can-Bus lat\u00e9ral)<\/b><\/li>\n<li>Course de la p\u00e9dale r\u00e9glable : <b>Soutenu<\/b><\/li>\n<li>Niveau de force du ressort : <b>Soutenu<\/b><\/li>\n<li>Capteur \u00e0 effet Hall \/ capteur LoadCell : <b>Embrayage, frein<br \/>\n<\/b><\/li>\n<li>Capteur LoadCell : <b>100 kg<\/b><\/li>\n<li>R\u00e9acteur \u00e0 p\u00e9dale haptique : <b>Soutenu<\/b><\/li>\n<li>Cylindre hydraulique : <b>En option<\/b><\/li>\n<li>Face de la p\u00e9dale : <b>Alliage d'aluminium anodis\u00e9<\/b><\/li>\n<li>R\u00e9glage de l'angle\/de la position : <b>Soutenu<\/b><\/li>\n<li>Lin\u00e9arit\u00e9 r\u00e9glable : <b>Soutenu<\/b><\/li>\n<li>Force de freinage r\u00e9glable : <b>Soutenu<\/b><\/li>\n<li>Zones mortes r\u00e9glables : <b>Soutenu<\/b><\/li>\n<li>Bo\u00eete de contr\u00f4le de la p\u00e9dale : <b>Inclus<\/b><\/li>\n<li>Mat\u00e9riaux de construction : <b>Fabriqu\u00e9 en aluminium usin\u00e9 CNC<\/b><\/li>\n<li>Dimensions : <b>348\u00d7489.8\u00d7368.5mm<\/b><\/li>\n<li>Poids : <b>7,6 kg<\/b><\/li>\n<\/ul>","protected":false},"excerpt":{"rendered":"<p>SIMAGIC P1000 PEDALS An all-new, optimized design that makes the crankset easy to fit. P1000 pedals are equipped with a profile mounting plate and wiring box, for rapid installation. Simple, practical and versatile Integrated modular design, quick replacement of rubber buffers for a wide choice of combinations. Up to 27648 different combinations are possible, enough [&hellip;]<\/p>\n","protected":false},"featured_media":4414,"template":"","meta":{"_acf_changed":false},"product_brand":[334],"product_cat":[477],"product_tag":[342,371,335,336,319],"class_list":{"0":"post-4413","1":"product","2":"type-product","3":"status-publish","4":"has-post-thumbnail","6":"product_brand-simagic","7":"product_cat-pedals-en","8":"product_tag-pedals","9":"product_tag-sbf25","10":"product_tag-sim-racing","11":"product_tag-simagic","12":"product_tag-tagbf25","13":"pa_p1000-p1000","14":"pa_p1000-p1000i","16":"first","17":"instock","18":"taxable","19":"shipping-taxable","20":"purchasable","21":"product-type-variable"},"acf":[],"_links":{"self":[{"href":"https:\/\/www.noxgaming.ca\/fr\/wp-json\/wp\/v2\/product\/4413","targetHints":{"allow":["GET"]}}],"collection":[{"href":"https:\/\/www.noxgaming.ca\/fr\/wp-json\/wp\/v2\/product"}],"about":[{"href":"https:\/\/www.noxgaming.ca\/fr\/wp-json\/wp\/v2\/types\/product"}],"wp:featuredmedia":[{"embeddable":true,"href":"https:\/\/www.noxgaming.ca\/fr\/wp-json\/wp\/v2\/media\/4414"}],"wp:attachment":[{"href":"https:\/\/www.noxgaming.ca\/fr\/wp-json\/wp\/v2\/media?parent=4413"}],"wp:term":[{"taxonomy":"product_brand","embeddable":true,"href":"https:\/\/www.noxgaming.ca\/fr\/wp-json\/wp\/v2\/product_brand?post=4413"},{"taxonomy":"product_cat","embeddable":true,"href":"https:\/\/www.noxgaming.ca\/fr\/wp-json\/wp\/v2\/product_cat?post=4413"},{"taxonomy":"product_tag","embeddable":true,"href":"https:\/\/www.noxgaming.ca\/fr\/wp-json\/wp\/v2\/product_tag?post=4413"}],"curies":[{"name":"wp","href":"https:\/\/api.w.org\/{rel}","templated":true}]}}