{"id":4405,"date":"2024-05-27T18:01:59","date_gmt":"2024-05-27T22:01:59","guid":{"rendered":"https:\/\/www.noxgaming.ca\/product\/simagic-p1000-optional-rubber-pads\/"},"modified":"2026-04-17T13:49:27","modified_gmt":"2026-04-17T17:49:27","slug":"simagic-p1000-optional-rubber-pads","status":"publish","type":"product","link":"https:\/\/www.noxgaming.ca\/fr\/product\/simagic-p1000-optional-rubber-pads\/","title":{"rendered":"SIMAGIC P1000 TAMPONS ET RESSORTS EN CAOUTCHOUC EN OPTION"},"content":{"rendered":"<p><img decoding=\"async\" class=\"aligncenter\" src=\"https:\/\/www.noxgaming.ca\/wp-content\/uploads\/2026\/02\/DM_20230913065933_001.png\"><\/p>\n<p><img decoding=\"async\" class=\"aligncenter\" src=\"https:\/\/www.noxgaming.ca\/wp-content\/uploads\/2026\/02\/DM_20230913065933_002.png\"><\/p>","protected":false},"excerpt":{"rendered":"<p style=\"text-align: left;\">P-ORP : Con\u00e7u pour \u00eatre compatible avec les s\u00e9ries P1000 et P1000i.<br \/>\nP-ORP(H) : Sp\u00e9cialement con\u00e7u pour \u00eatre utilis\u00e9 avec la s\u00e9rie hydraulique P1000.<\/p>","protected":false},"featured_media":4408,"template":"","meta":{"_acf_changed":false},"product_brand":[334],"product_cat":[481],"product_tag":[340,335,341,336],"class_list":{"0":"post-4405","1":"product","2":"type-product","3":"status-publish","4":"has-post-thumbnail","6":"product_brand-simagic","7":"product_cat-sim-racing-accessories","8":"product_tag-pedal-accessories","9":"product_tag-sim-racing","10":"product_tag-sim-racing-accessories","11":"product_tag-simagic","13":"first","14":"onbackorder","15":"taxable","16":"shipping-taxable","17":"purchasable","18":"product-type-variable"},"acf":[],"_links":{"self":[{"href":"https:\/\/www.noxgaming.ca\/fr\/wp-json\/wp\/v2\/product\/4405","targetHints":{"allow":["GET"]}}],"collection":[{"href":"https:\/\/www.noxgaming.ca\/fr\/wp-json\/wp\/v2\/product"}],"about":[{"href":"https:\/\/www.noxgaming.ca\/fr\/wp-json\/wp\/v2\/types\/product"}],"wp:featuredmedia":[{"embeddable":true,"href":"https:\/\/www.noxgaming.ca\/fr\/wp-json\/wp\/v2\/media\/4408"}],"wp:attachment":[{"href":"https:\/\/www.noxgaming.ca\/fr\/wp-json\/wp\/v2\/media?parent=4405"}],"wp:term":[{"taxonomy":"product_brand","embeddable":true,"href":"https:\/\/www.noxgaming.ca\/fr\/wp-json\/wp\/v2\/product_brand?post=4405"},{"taxonomy":"product_cat","embeddable":true,"href":"https:\/\/www.noxgaming.ca\/fr\/wp-json\/wp\/v2\/product_cat?post=4405"},{"taxonomy":"product_tag","embeddable":true,"href":"https:\/\/www.noxgaming.ca\/fr\/wp-json\/wp\/v2\/product_tag?post=4405"}],"curies":[{"name":"wp","href":"https:\/\/api.w.org\/{rel}","templated":true}]}}