{"id":4400,"date":"2024-05-27T18:02:00","date_gmt":"2024-05-27T22:02:00","guid":{"rendered":"https:\/\/www.noxgaming.ca\/product\/simagic-p2000-2-pedals\/"},"modified":"2026-04-17T13:49:26","modified_gmt":"2026-04-17T17:49:26","slug":"simagic-p2000-2-pedals","status":"publish","type":"product","link":"https:\/\/www.noxgaming.ca\/fr\/product\/simagic-p2000-2-pedals\/","title":{"rendered":"SIMAGIC P2000 Hydraulique + Loadcell \u2013 2 P\u00c9DALES"},"content":{"rendered":"<h3 style=\"text-align: left;\">SIMAGIC P2000-S100RF \/ P2000-S200RF 2 P\u00e9dales : Pr\u00e9cision et performance pour les simracers<\/h3>\n<p data-start=\"205\" data-end=\"475\">Le <strong data-start=\"208\" data-end=\"234\">SIMAGIC P2000<\/strong> Le jeu de p\u00e9dales est l'un des \u00e9l\u00e9ments les plus cruciaux de tout simulateur de course. Pour conduire de fa\u00e7on coh\u00e9rente, ma\u00eetriser ton freinage avec pr\u00e9cision et repousser tes limites sur la piste virtuelle, un... <strong data-start=\"426\" data-end=\"456\">haute performance<\/strong> Le jeu de p\u00e9dales est essentiel.<\/p>\n<p data-start=\"477\" data-end=\"849\">SIMAGIC, une marque bien connue dans le <strong data-start=\"519\" data-end=\"533\">Sim Racing<\/strong> monde, offre ici une <strong data-start=\"559\" data-end=\"601\">Jeu de p\u00e9dales hydrauliques de qualit\u00e9 professionnelle<\/strong> con\u00e7u pour offrir une sensation de conduite ultra-r\u00e9aliste. Les<strong data-start=\"664\" data-end=\"681\"> SIMAGIC P2000<\/strong> pr\u00e9sente un<strong data-start=\"706\" data-end=\"719\"> Cellule de charge <\/strong>coupl\u00e9 \u00e0 un circuit hydraulique, reproduisant fid\u00e8lement la pression exerc\u00e9e sur la p\u00e9dale de frein d'une vraie voiture de course.<\/p>\n<p data-start=\"851\" data-end=\"1186\">Gr\u00e2ce \u00e0 sa construction m\u00e9tallique robuste, \u00e0 ses composants r\u00e9glables et \u00e0 son... <strong data-start=\"930\" data-end=\"957\">sensation de p\u00e9dale personnalisable<\/strong>, Ce p\u00e9dalier convient aussi bien aux d\u00e9butants passionn\u00e9s qu'aux pilotes d'e-sport exp\u00e9riment\u00e9s. Que tu fasses la course sur iRacing, Assetto Corsa Competizione ou rFactor 2, tu appr\u00e9cieras... <strong data-start=\"1144\" data-end=\"1163\">un freinage pr\u00e9cis, progressif et fiable<\/strong>.<\/p>\n<h4 style=\"text-align: left;\">Caract\u00e9ristiques :<\/h4>\n<ul style=\"text-align: left;\">\n<li><strong>Construction en aluminium usin\u00e9 CNC<\/strong>: assure la rigidit\u00e9 et la durabilit\u00e9, offrant une sensation de niveau comp\u00e9tition.<\/li>\n<li><strong>Cylindres hydrauliques personnalis\u00e9s<\/strong>: Les cylindres ma\u00eetre et esclave hydrauliques usin\u00e9s CNC pour des performances pr\u00e9cises et fiables.<\/li>\n<li><strong>Freins et embrayage enti\u00e8rement hydrauliques<\/strong>: offrent une sensation et une r\u00e9ponse r\u00e9alistes de la p\u00e9dale.<\/li>\n<li><strong>Capteur \u00e0 cellule de charge<\/strong>: transmet des informations pr\u00e9cises \u00e0 ton simulateur, en \u00e9liminant les contraintes des syst\u00e8mes hydrauliques conventionnels. Capteur de charge standard de 100 kg avec option de 200 kg disponible.<\/li>\n<li><strong>Duret\u00e9 r\u00e9glable<\/strong>: P\u00e9dale de frein \u00e9valu\u00e9e \u00e0 200 kg, duret\u00e9 r\u00e9glable pour une force de freinage personnalis\u00e9e.<\/li>\n<li><strong>Position et angle de la p\u00e9dale r\u00e9glables<\/strong>: personnalise la position et l'angle de chaque p\u00e9dale pour une ergonomie optimale.<\/li>\n<li><strong>Plug and Play<\/strong>: connexion facile par le biais d'un c\u00e2ble USB.<\/li>\n<li><strong>Logiciel de configuration Simagic<\/strong>: permet une personnalisation et un \u00e9talonnage d\u00e9taill\u00e9s.<\/li>\n<li><strong>Kit de ressorts inclus<\/strong>: kits de ressorts durs ou souples pour l'embrayage et le frein pour une sensation personnalis\u00e9e.<\/li>\n<li><strong>P\u00e9dales r\u00e9glables<\/strong>: personnalisable pour s'adapter \u00e0 ton style de conduite et \u00e0 tes pr\u00e9f\u00e9rences.<\/li>\n<li><strong>Plaque de base incluse<\/strong>: Assure la stabilit\u00e9 et la facilit\u00e9 d'installation.<\/li>\n<li><strong>Am\u00e9liorations facultatives<\/strong>: p\u00e9dale d'acc\u00e9l\u00e9rateur standard ou allong\u00e9e et option talon sur\u00e9lev\u00e9 en fibre de carbone.<\/li>\n<li><strong>Compatible avec le PC<\/strong>: con\u00e7u pour les simulateurs de course sur PC.<\/li>\n<li><strong>Compatible avec la PS5<\/strong>: Avec <a href=\"https:\/\/noxgaming.ca\/en\/product\/sigma-cortex-converter\/\">le cortex sigma<\/a>, Le P2000 peut \u00eatre utilis\u00e9 sur le PS5.<\/li>\n<\/ul>\n<h4 style=\"text-align: left;\"><strong>T\u00e9l\u00e9chargements<\/strong>: <a href=\"https:\/\/en.simagic.com\/product-support\/0\" target=\"_blank\" rel=\"noreferrer noopener\"><strong>Support SIMAGIC <\/strong><\/a>(anglais)<\/h4>\n<p><img decoding=\"async\" class=\"aligncenter\" src=\"https:\/\/www.noxgaming.ca\/wp-content\/uploads\/2026\/02\/P2000-R_Description-scaled.png\" alt=\"P2000-R_Description.png__PID:9b12b724-ca1f-4a77-b7ab-d7019f02a16b\" \/><\/p>\n<p>&nbsp;<\/p>","protected":false},"excerpt":{"rendered":"<p>P\u00e9dales P2000 S100RF - Loadcell 100KG<\/p>\n<p>P\u00e9dales P2000 S200RF - Loadcell 200KG<\/p>","protected":false},"featured_media":4401,"template":"","meta":{"_acf_changed":false},"product_brand":[334],"product_cat":[477],"product_tag":[342,371,335,336,319],"class_list":{"0":"post-4400","1":"product","2":"type-product","3":"status-publish","4":"has-post-thumbnail","6":"product_brand-simagic","7":"product_cat-pedals-en","8":"product_tag-pedals","9":"product_tag-sbf25","10":"product_tag-sim-racing","11":"product_tag-simagic","12":"product_tag-tagbf25","14":"first","15":"instock","16":"taxable","17":"shipping-taxable","18":"purchasable","19":"product-type-variable"},"acf":[],"_links":{"self":[{"href":"https:\/\/www.noxgaming.ca\/fr\/wp-json\/wp\/v2\/product\/4400","targetHints":{"allow":["GET"]}}],"collection":[{"href":"https:\/\/www.noxgaming.ca\/fr\/wp-json\/wp\/v2\/product"}],"about":[{"href":"https:\/\/www.noxgaming.ca\/fr\/wp-json\/wp\/v2\/types\/product"}],"wp:featuredmedia":[{"embeddable":true,"href":"https:\/\/www.noxgaming.ca\/fr\/wp-json\/wp\/v2\/media\/4401"}],"wp:attachment":[{"href":"https:\/\/www.noxgaming.ca\/fr\/wp-json\/wp\/v2\/media?parent=4400"}],"wp:term":[{"taxonomy":"product_brand","embeddable":true,"href":"https:\/\/www.noxgaming.ca\/fr\/wp-json\/wp\/v2\/product_brand?post=4400"},{"taxonomy":"product_cat","embeddable":true,"href":"https:\/\/www.noxgaming.ca\/fr\/wp-json\/wp\/v2\/product_cat?post=4400"},{"taxonomy":"product_tag","embeddable":true,"href":"https:\/\/www.noxgaming.ca\/fr\/wp-json\/wp\/v2\/product_tag?post=4400"}],"curies":[{"name":"wp","href":"https:\/\/api.w.org\/{rel}","templated":true}]}}