{"id":4392,"date":"2024-05-13T18:54:34","date_gmt":"2024-05-13T22:54:34","guid":{"rendered":"https:\/\/www.noxgaming.ca\/product\/simagic-p2000-3pedals\/"},"modified":"2026-04-17T13:49:51","modified_gmt":"2026-04-17T17:49:51","slug":"simagic-p2000-3pedals","status":"publish","type":"product","link":"https:\/\/www.noxgaming.ca\/fr\/product\/simagic-p2000-3pedals\/","title":{"rendered":"SIMAGIC P2000 - JEU DE 3 P\u00c9DALES"},"content":{"rendered":"<h3>P\u00e9dale SIMAGIC P2000-SXXXR : le p\u00e9dalier SimRacing par excellence<\/h3>\n<p>Les p\u00e9dales sont l'un des \u00e9l\u00e9ments les plus importants de ton simulateur ! Une conduite souple, un freinage pr\u00e9cis et des performances accrues n\u00e9cessitent un \u00e9quipement aux caract\u00e9ristiques bien sp\u00e9cifiques. SIMAGIC, apr\u00e8s avoir fait une entr\u00e9e remarqu\u00e9e dans le monde des accessoires pour simulateurs, propose aujourd'hui un p\u00e9dalier haut de gamme con\u00e7u pour les Simracers. Le p\u00e9dalier SIMAGIC P2000 est un syst\u00e8me hydraulique \u00e9quip\u00e9 d'un capteur de charge, offrant une exp\u00e9rience de course authentique.<\/p>\n<h4>Caract\u00e9ristiques :<\/h4>\n<ul>\n<li><strong>Construction en aluminium usin\u00e9 CNC<\/strong>: assure la rigidit\u00e9 et la durabilit\u00e9, offrant une sensation de niveau comp\u00e9tition.<\/li>\n<li><strong>Cylindres hydrauliques ma\u00eetre et esclave<\/strong>: usin\u00e9 sur mesure par commande num\u00e9rique pour des performances pr\u00e9cises et fiables.<\/li>\n<li><strong>Frein et embrayage hydrauliques<\/strong>: Syst\u00e8me enti\u00e8rement hydraulique pour une sensation et une r\u00e9ponse r\u00e9alistes de la p\u00e9dale.<\/li>\n<li><strong>Capteur \u00e0 cellule de charge<\/strong>: transmet des informations pr\u00e9cises \u00e0 ton simulateur, en \u00e9liminant les contraintes des syst\u00e8mes hydrauliques conventionnels. Capteur de charge standard de 100 kg avec option de 200 kg disponible.<\/li>\n<li><strong>Duret\u00e9 r\u00e9glable<\/strong>P\u00e9dale de frein : p\u00e9dale de frein de 200 kg, duret\u00e9 r\u00e9glable. Embrayage hydraulique avec simulation de point de friction r\u00e9glable.<\/li>\n<li><strong>Position et angle de la p\u00e9dale r\u00e9glables<\/strong>: personnalise la position et l'angle de chaque p\u00e9dale pour une ergonomie optimale.<\/li>\n<li><strong>Plug and Play<\/strong>: connexion facile par le biais d'un c\u00e2ble USB.<\/li>\n<li><strong>Logiciel de configuration Simagic<\/strong>: permet une personnalisation et un \u00e9talonnage d\u00e9taill\u00e9s.<\/li>\n<li><strong>Kit de ressorts inclus<\/strong>: kits de ressorts durs ou souples pour l'embrayage et le frein pour une sensation personnalis\u00e9e.<\/li>\n<li><strong>Simulation du point d'embrayage<\/strong>: Ressort Belleville pour une sensation de r\u00e9alisme.<\/li>\n<li><strong>P\u00e9dales r\u00e9glables<\/strong>: personnalisable pour s'adapter \u00e0 ton style de conduite et \u00e0 tes pr\u00e9f\u00e9rences.<\/li>\n<li><strong>Plaque de base incluse<\/strong>: Assure la stabilit\u00e9 et la facilit\u00e9 d'installation.<\/li>\n<li><strong>Am\u00e9liorations facultatives<\/strong>: p\u00e9dale d'acc\u00e9l\u00e9rateur standard ou allong\u00e9e et option talon sur\u00e9lev\u00e9 en fibre de carbone.<\/li>\n<li><strong>Compatible avec le PC <\/strong>: con\u00e7u pour les simulateurs de course sur PC.<\/li>\n<\/ul>\n<p>Simagic P2000-S100\/S200 3 P\u00e9dales<\/p>\n<p>Le p\u00e9dalier est l'un des \u00e9l\u00e9ments les plus importants de ton simulateur !<\/p>\n<p>Conduire avec r\u00e9gularit\u00e9, sentir la puissance de freinage, am\u00e9liorer tes performances n\u00e9cessite des \u00e9quipements aux caract\u00e9ristiques bien sp\u00e9cifiques.<\/p>\n<p>Simagic, apr\u00e8s une entr\u00e9e fracassante dans le monde des accessoires pour simulateurs, nous propose aujourd'hui un p\u00e9dalier haut de gamme dont les caract\u00e9ristiques ont \u00e9t\u00e9 con\u00e7ues pour les Simracers. Les p\u00e9daliers Simagic P2000-S200 et P2000-S100 sont des p\u00e9daliers hydrauliques \u00e9quip\u00e9s d'un capteur \u00e0 cellule de charge.<br \/>\nEt c'est l\u00e0 que Simagic nous offre une v\u00e9ritable diff\u00e9rence technologique, qui te permettra d'avoir toutes les sensations d'un p\u00e9dalier hydraulique similaire aux voitures de comp\u00e9tition. Gr\u00e2ce \u00e0 un capteur Load Cell, les informations sont retranscrites le plus pr\u00e9cis\u00e9ment possible sur ton simulateur et \u00e9vite ainsi toutes les contraintes d'une p\u00e9dale hydraulique classique.<\/p>\n<p>\u00c9quip\u00e9 d'un ma\u00eetre-cylindre et d'un cylindre r\u00e9cepteur hydrauliques usin\u00e9s CNC, d'un frein r\u00e9glable en duret\u00e9 et d'un embrayage hydraulique r\u00e9glable avec simulation du point de friction de l'embrayage.Les p\u00e9dales P2000 sont \u00e9galement r\u00e9glables en position\/angle de chaque p\u00e9dale. Enti\u00e8rement usin\u00e9 en aluminium pour une rigidit\u00e9 similaire \u00e0 celle d'un p\u00e9dalier de comp\u00e9tition.<\/p>\n<p>Sp\u00e9cifications techniques :<\/p>\n<p>Fabriqu\u00e9 en aluminium usin\u00e9 CNC<br \/>\nMa\u00eetre-cylindre et cylindre r\u00e9cepteur hydrauliques fabriqu\u00e9s sur mesure et usin\u00e9s par commande num\u00e9rique.<br \/>\nFrein hydraulique<br \/>\nLogiciel de configuration Simpro Manager<br \/>\n+Kit de ressorts durs et souples pour l'embrayage et le frein inclus.<br \/>\nSimulation du point d'embrayage.<br \/>\nCapteur \u00e0 cellule de charge 100 kg ou 200 kg<br \/>\nP\u00e9dales r\u00e9glables<br \/>\nPlaque de base incluse<br \/>\nP\u00e9dale d'acc\u00e9l\u00e9rateur standard ou allong\u00e9e (en option)<br \/>\nOption talon sur\u00e9lev\u00e9 en fibre de carbone (en option)<br \/>\nTalonnette en aluminium (option)<br \/>\nCompatible PC uniquement<\/p>\n<p><img decoding=\"async\" class=\"aligncenter\" src=\"https:\/\/www.noxgaming.ca\/wp-content\/uploads\/2026\/02\/P2000-R_Description-scaled.png\" alt=\"P2000-R_Description.png__PID:9b12b724-ca1f-4a77-b7ab-d7019f02a16b\" \/><\/p>","protected":false},"excerpt":{"rendered":"<p>SIMAGIC P2000-SXXXR pedal: the ultimate SimRacing crankset Pedals are one of the most important parts of your simulator! Smooth driving, precise braking and enhanced performance require equipment with very specific characteristics. SIMAGIC, having made a successful entry into the world of simulator accessories, now offers a top-of-the-range pedal board designed for Simracers. The SIMAGIC P2000 [&hellip;]<\/p>\n","protected":false},"featured_media":4394,"template":"","meta":{"_acf_changed":false},"product_brand":[334],"product_cat":[477],"product_tag":[342,371,335,336,319],"class_list":{"0":"post-4392","1":"product","2":"type-product","3":"status-publish","4":"has-post-thumbnail","6":"product_brand-simagic","7":"product_cat-pedals-en","8":"product_tag-pedals","9":"product_tag-sbf25","10":"product_tag-sim-racing","11":"product_tag-simagic","12":"product_tag-tagbf25","14":"first","15":"onbackorder","16":"taxable","17":"shipping-taxable","18":"purchasable","19":"product-type-variable"},"acf":[],"_links":{"self":[{"href":"https:\/\/www.noxgaming.ca\/fr\/wp-json\/wp\/v2\/product\/4392","targetHints":{"allow":["GET"]}}],"collection":[{"href":"https:\/\/www.noxgaming.ca\/fr\/wp-json\/wp\/v2\/product"}],"about":[{"href":"https:\/\/www.noxgaming.ca\/fr\/wp-json\/wp\/v2\/types\/product"}],"wp:featuredmedia":[{"embeddable":true,"href":"https:\/\/www.noxgaming.ca\/fr\/wp-json\/wp\/v2\/media\/4394"}],"wp:attachment":[{"href":"https:\/\/www.noxgaming.ca\/fr\/wp-json\/wp\/v2\/media?parent=4392"}],"wp:term":[{"taxonomy":"product_brand","embeddable":true,"href":"https:\/\/www.noxgaming.ca\/fr\/wp-json\/wp\/v2\/product_brand?post=4392"},{"taxonomy":"product_cat","embeddable":true,"href":"https:\/\/www.noxgaming.ca\/fr\/wp-json\/wp\/v2\/product_cat?post=4392"},{"taxonomy":"product_tag","embeddable":true,"href":"https:\/\/www.noxgaming.ca\/fr\/wp-json\/wp\/v2\/product_tag?post=4392"}],"curies":[{"name":"wp","href":"https:\/\/api.w.org\/{rel}","templated":true}]}}