{"id":4377,"date":"2024-05-27T18:02:00","date_gmt":"2024-05-27T22:02:00","guid":{"rendered":"https:\/\/www.noxgaming.ca\/product\/simagic-gt-pro-hub-k\/"},"modified":"2026-04-17T13:49:19","modified_gmt":"2026-04-17T17:49:19","slug":"simagic-gt-pro-hub-k","status":"publish","type":"product","link":"https:\/\/www.noxgaming.ca\/fr\/product\/simagic-gt-pro-hub-k\/","title":{"rendered":"SIMAGIC GT-PRO Hub (K)"},"content":{"rendered":"<p>Ce concentrateur GT-Pro (K) te permet d'adapter \u00e0 ton simulateur une s\u00e9lection de volants Simagic (version K), ainsi que toutes les fonctions n\u00e9cessaires.<br \/>\nSon bo\u00eetier en aluminium usin\u00e9 CNC, sa face avant en carbone et ses manettes magn\u00e9tiques r\u00e9unissent une fois de plus tout le savoir-faire de Simagic !<b><\/b><\/p>\n<p>Sp\u00e9cifications :<\/p>\n<p>&nbsp;<\/p>\n<ul>\n<li>Affichage LED du r\u00e9gime moteur<\/li>\n<li>8 boutons RVB personnalisables<\/li>\n<li>2 encodeurs \u00e0 molette sur les c\u00f4t\u00e9s pour un acc\u00e8s facile.<\/li>\n<li>2 encodeurs ABS \/ TC RGB<\/li>\n<li>2 encodeurs rotatifs \u00e0 l'avant<\/li>\n<li>Couleurs RVB et luminosit\u00e9 configurables \u00e0 partir du logiciel SimPro Manager<\/li>\n<li>Palettes magn\u00e9tiques<\/li>\n<li>Double embrayage (configurable)<\/li>\n<li>Entraxe standard du volant d'inertie 70 mm<\/li>\n<li>Autocollants pour personnaliser ton Hub GT-Pro<\/li>\n<\/ul>","protected":false},"excerpt":{"rendered":"<p>This GT-Pro (K) hub allows you to adapt a selection of Simagic (Version K) steering wheels (wheels), together with all the necessary functions, to your simulator. Its CNC machined aluminium housing, carbon front panel and magnetic shifters once again bring together all Simagic&#8217;s expertise! Specifications : &nbsp; Engine speed LED display 8 customizable RGB buttons [&hellip;]<\/p>\n","protected":false},"featured_media":4378,"template":"","meta":{"_acf_changed":false},"product_brand":[334],"product_cat":[490],"product_tag":[335,336,337],"class_list":{"0":"post-4377","1":"product","2":"type-product","3":"status-publish","4":"has-post-thumbnail","6":"product_brand-simagic","7":"product_cat-wheels-en","8":"product_tag-sim-racing","9":"product_tag-simagic","10":"product_tag-steering-wheels","11":"pa_gt-pro-hub-k-gt-pro-hub-k","12":"pa_gt-pro-hub-k-p325d-k-leather","13":"pa_gt-pro-hub-k-p330r-k-leather","15":"first","16":"instock","17":"taxable","18":"shipping-taxable","19":"purchasable","20":"product-type-variable"},"acf":[],"_links":{"self":[{"href":"https:\/\/www.noxgaming.ca\/fr\/wp-json\/wp\/v2\/product\/4377","targetHints":{"allow":["GET"]}}],"collection":[{"href":"https:\/\/www.noxgaming.ca\/fr\/wp-json\/wp\/v2\/product"}],"about":[{"href":"https:\/\/www.noxgaming.ca\/fr\/wp-json\/wp\/v2\/types\/product"}],"wp:featuredmedia":[{"embeddable":true,"href":"https:\/\/www.noxgaming.ca\/fr\/wp-json\/wp\/v2\/media\/4378"}],"wp:attachment":[{"href":"https:\/\/www.noxgaming.ca\/fr\/wp-json\/wp\/v2\/media?parent=4377"}],"wp:term":[{"taxonomy":"product_brand","embeddable":true,"href":"https:\/\/www.noxgaming.ca\/fr\/wp-json\/wp\/v2\/product_brand?post=4377"},{"taxonomy":"product_cat","embeddable":true,"href":"https:\/\/www.noxgaming.ca\/fr\/wp-json\/wp\/v2\/product_cat?post=4377"},{"taxonomy":"product_tag","embeddable":true,"href":"https:\/\/www.noxgaming.ca\/fr\/wp-json\/wp\/v2\/product_tag?post=4377"}],"curies":[{"name":"wp","href":"https:\/\/api.w.org\/{rel}","templated":true}]}}