{"id":4367,"date":"2024-05-27T18:02:00","date_gmt":"2024-05-27T22:02:00","guid":{"rendered":"https:\/\/www.noxgaming.ca\/product\/simagic-volants-gt1-r-d\/"},"modified":"2026-04-17T13:49:16","modified_gmt":"2026-04-17T17:49:16","slug":"simagic-volants-gt1-r-d","status":"publish","type":"product","link":"https:\/\/www.noxgaming.ca\/fr\/product\/simagic-volants-gt1-r-d\/","title":{"rendered":"SIMAGIC VOLANTS GT1 R\/D"},"content":{"rendered":"<p>Les volants Simagic GT1 sont compatibles avec toutes les bases Simagic.<br \/>\n\u00c9quip\u00e9 de l'attache rapide de l'\u00e9cosyst\u00e8me Simagic, similaire \u00e0 ce que l'on trouve dans le monde de la course automobile.<\/p>\n<p><b>Parfait pour les courses de GT, de Drift, de voitures de tourisme et de rallye.<\/b><\/p>\n<p><b>Caract\u00e9ristiques :<\/b><\/p>\n<ul>\n<li>Diam\u00e8tre de 330 mm<\/li>\n<li>Choix de poign\u00e9e en Alcantara ou en cuir<\/li>\n<li>4 boutons poussoirs<\/li>\n<li>2 interrupteurs \u00e0 bascule \u00e0 3 voies (pour la configuration du volant)<\/li>\n<li>2 encodeurs rotatifs<\/li>\n<li>Manettes magn\u00e9tiques en aluminium<\/li>\n<li>Syst\u00e8me de fixation rapide (changement rapide du volant)<\/li>\n<li>Connexion sans fil et USB<\/li>\n<\/ul>","protected":false},"excerpt":{"rendered":"<p>Simagic GT1 steering wheels are compatible with all Simagic bases. Equipped with the quick release of the Simagic ecosystem, similar to what we find in the world of racing. Perfect for GT, Drift, Touring Cars and rally racing. Features: 330mm diameter Choice of Alcantara or leather grip 4 pushbuttons 2 3-way toggle switches (for steering [&hellip;]<\/p>\n","protected":false},"featured_media":4368,"template":"","meta":{"_acf_changed":false},"product_brand":[334],"product_cat":[490],"product_tag":[335,336,337],"class_list":{"0":"post-4367","1":"product","2":"type-product","3":"status-publish","4":"has-post-thumbnail","6":"product_brand-simagic","7":"product_cat-wheels-en","8":"product_tag-sim-racing","9":"product_tag-simagic","10":"product_tag-steering-wheels","11":"pa_model-volant-serie-gt1-gt1-d-alcantara","12":"pa_model-volant-serie-gt1-gt1-d-leather","13":"pa_model-volant-serie-gt1-gt1-sr-alcantara","14":"pa_model-volant-serie-gt1-gt1-sr-leather","16":"first","17":"instock","18":"taxable","19":"shipping-taxable","20":"purchasable","21":"product-type-variable"},"acf":[],"_links":{"self":[{"href":"https:\/\/www.noxgaming.ca\/fr\/wp-json\/wp\/v2\/product\/4367","targetHints":{"allow":["GET"]}}],"collection":[{"href":"https:\/\/www.noxgaming.ca\/fr\/wp-json\/wp\/v2\/product"}],"about":[{"href":"https:\/\/www.noxgaming.ca\/fr\/wp-json\/wp\/v2\/types\/product"}],"wp:featuredmedia":[{"embeddable":true,"href":"https:\/\/www.noxgaming.ca\/fr\/wp-json\/wp\/v2\/media\/4368"}],"wp:attachment":[{"href":"https:\/\/www.noxgaming.ca\/fr\/wp-json\/wp\/v2\/media?parent=4367"}],"wp:term":[{"taxonomy":"product_brand","embeddable":true,"href":"https:\/\/www.noxgaming.ca\/fr\/wp-json\/wp\/v2\/product_brand?post=4367"},{"taxonomy":"product_cat","embeddable":true,"href":"https:\/\/www.noxgaming.ca\/fr\/wp-json\/wp\/v2\/product_cat?post=4367"},{"taxonomy":"product_tag","embeddable":true,"href":"https:\/\/www.noxgaming.ca\/fr\/wp-json\/wp\/v2\/product_tag?post=4367"}],"curies":[{"name":"wp","href":"https:\/\/api.w.org\/{rel}","templated":true}]}}