{"id":4353,"date":"2024-05-27T18:02:01","date_gmt":"2024-05-27T22:02:01","guid":{"rendered":"https:\/\/www.noxgaming.ca\/product\/simagic-300-series-steering-wheels\/"},"modified":"2026-04-17T13:49:11","modified_gmt":"2026-04-17T17:49:11","slug":"simagic-300-series-steering-wheels","status":"publish","type":"product","link":"https:\/\/www.noxgaming.ca\/fr\/product\/simagic-300-series-steering-wheels\/","title":{"rendered":"VOLANTS DE LA S\u00c9RIE 300 DE SIMAGIC"},"content":{"rendered":"<h3>Volant Simagic - Polyvalent et de haute qualit\u00e9<\/h3>\n<p><strong>Description du produit :<\/strong> Le volant Simagic, disponible en cuir ou en alcantara, est con\u00e7u pour offrir une grande flexibilit\u00e9 et des performances de haut niveau. Il peut \u00eatre associ\u00e9 au GT1 ou au GT Hub Pro pour une configuration compl\u00e8te, ou utilis\u00e9 seul avec une attache rapide (QR) Simagic pour une vari\u00e9t\u00e9 de projets de bricolage.<\/p>\n<p><strong>Caract\u00e9ristiques principales :<\/strong><\/p>\n<ul>\n<li><strong>Options de mat\u00e9riaux<\/strong>: Choisis entre le cuir de premi\u00e8re qualit\u00e9 ou l'alcantara pour une prise en main confortable et durable.<\/li>\n<li><strong>Compatibilit\u00e9 polyvalente<\/strong>: s'int\u00e8gre parfaitement \u00e0 GT1 et GT Hub Pro, et peut \u00e9galement \u00eatre utilis\u00e9 ind\u00e9pendamment avec un QR Simagic.<\/li>\n<li><strong>Ami des bricoleurs<\/strong>: Id\u00e9al pour les configurations personnalis\u00e9es et les projets de bricolage, offrant de la flexibilit\u00e9 aux amateurs de simulation de course cr\u00e9ative.<\/li>\n<\/ul>\n<p><strong>Versions disponibles :<\/strong><\/p>\n<ul>\n<li><strong>330D<\/strong><\/li>\n<li><strong>325D<\/strong><\/li>\n<li><strong>325C<\/strong><\/li>\n<\/ul>\n<p><strong>Avantages :<\/strong><\/p>\n<ul>\n<li><strong>Confort et prise en main<\/strong>: Les options de cuir et d'alcantara assurent une prise en main confortable et s\u00fbre, am\u00e9liorant ainsi l'exp\u00e9rience de conduite.<\/li>\n<li><strong>Personnalisation<\/strong>: Parfait pour les pilotes de simulation qui cherchent \u00e0 personnaliser leur configuration ou \u00e0 se lancer dans des projets de bricolage.<\/li>\n<li><strong>Construction de haute qualit\u00e9<\/strong>Les jeux de r\u00f4le : fabriqu\u00e9s \u00e0 partir de mat\u00e9riaux de qualit\u00e9 sup\u00e9rieure pour r\u00e9sister aux rigueurs d'une simulation de course intense.<\/li>\n<\/ul>\n<p><strong>Compatibilit\u00e9 :<\/strong><\/p>\n<ul>\n<li><strong>GT1<\/strong><\/li>\n<li><strong>GT Hub Pro<\/strong><\/li>\n<li><strong>QR Simagic<\/strong><\/li>\n<li><strong>Projets de bricolage<\/strong><\/li>\n<\/ul>","protected":false},"excerpt":{"rendered":"<p>Volants de la s\u00e9rie Simagic 300<\/p>\n<p>Volant Simagic sans moyeu. Disponible en version cuir ou alcantara. Se monte sur Hub GT1 \/ Hub Pro.<br \/>\nIl est \u00e9galement possible d'utiliser le volant seul avec un QR Simagic ou pour tes projets de bricolage.<\/p>\n<p style=\"text-align: left;\">Vendu sans blocage rapide<\/p>","protected":false},"featured_media":4354,"template":"","meta":{"_acf_changed":false},"product_brand":[334],"product_cat":[490],"product_tag":[335,341,336,343,337],"class_list":{"0":"post-4353","1":"product","2":"type-product","3":"status-publish","4":"has-post-thumbnail","6":"product_brand-simagic","7":"product_cat-wheels-en","8":"product_tag-sim-racing","9":"product_tag-sim-racing-accessories","10":"product_tag-simagic","11":"product_tag-steering-wheel-accessories","12":"product_tag-steering-wheels","13":"pa_model-volant-serie-300-p-325c-alcantara","14":"pa_model-volant-serie-300-p-325c-leather","15":"pa_model-volant-serie-300-p-325d-alcantara","16":"pa_model-volant-serie-300-p-325d-leather","17":"pa_model-volant-serie-300-p-325dk-leather","18":"pa_model-volant-serie-300-p-330r-alcantara","19":"pa_model-volant-serie-300-p-330r-leather","20":"pa_model-volant-serie-300-p-330rk-leather","22":"first","23":"instock","24":"taxable","25":"shipping-taxable","26":"purchasable","27":"product-type-variable"},"acf":[],"_links":{"self":[{"href":"https:\/\/www.noxgaming.ca\/fr\/wp-json\/wp\/v2\/product\/4353","targetHints":{"allow":["GET"]}}],"collection":[{"href":"https:\/\/www.noxgaming.ca\/fr\/wp-json\/wp\/v2\/product"}],"about":[{"href":"https:\/\/www.noxgaming.ca\/fr\/wp-json\/wp\/v2\/types\/product"}],"wp:featuredmedia":[{"embeddable":true,"href":"https:\/\/www.noxgaming.ca\/fr\/wp-json\/wp\/v2\/media\/4354"}],"wp:attachment":[{"href":"https:\/\/www.noxgaming.ca\/fr\/wp-json\/wp\/v2\/media?parent=4353"}],"wp:term":[{"taxonomy":"product_brand","embeddable":true,"href":"https:\/\/www.noxgaming.ca\/fr\/wp-json\/wp\/v2\/product_brand?post=4353"},{"taxonomy":"product_cat","embeddable":true,"href":"https:\/\/www.noxgaming.ca\/fr\/wp-json\/wp\/v2\/product_cat?post=4353"},{"taxonomy":"product_tag","embeddable":true,"href":"https:\/\/www.noxgaming.ca\/fr\/wp-json\/wp\/v2\/product_tag?post=4353"}],"curies":[{"name":"wp","href":"https:\/\/api.w.org\/{rel}","templated":true}]}}