{"id":4346,"date":"2024-05-27T18:02:01","date_gmt":"2024-05-27T22:02:01","guid":{"rendered":"https:\/\/www.noxgaming.ca\/product\/simagic-sim-ray-heel-stop\/"},"modified":"2026-04-17T13:49:14","modified_gmt":"2026-04-17T17:49:14","slug":"simagic-sim-ray-heel-stop","status":"publish","type":"product","link":"https:\/\/www.noxgaming.ca\/fr\/product\/simagic-sim-ray-heel-stop\/","title":{"rendered":"SIMAGIC SIM RAY-HEEL STOP"},"content":{"rendered":"","protected":false},"excerpt":{"rendered":"<h3 style=\"text-align: left;\"><strong>Simagic Sim Ray-Heel Stop<\/strong><\/h3>\n<p>&nbsp;<\/p>\n<p style=\"text-align: left;\">Un tout nouveau module d'\u00e9clairage RVB pour le P1000\/P1000i !<\/p>\n<p>Prend en charge les retours de t\u00e9l\u00e9m\u00e9trie et les couleurs d'\u00e9clairage personnalisables, par exemple le rouge pour le freinage et le vert pour l'acc\u00e9l\u00e9ration.<\/p>\n<p style=\"text-align: left;\"><b>Aluminium usin\u00e9 CNC<br \/>\n<\/b><b><br \/>\nCompatibilit\u00e9 : <\/b>P1000\/P1000i<\/p>\n<p><span style=\"color: #ff0000;\"><b>ATTENTION : cet accessoire n\u00e9cessite une alimentation \u00e9lectrique pour le P1000\/P1000i.<\/b><\/span><\/p>","protected":false},"featured_media":4347,"template":"","meta":{"_acf_changed":false},"product_brand":[334],"product_cat":[481],"product_tag":[340,335,341,336],"class_list":{"0":"post-4346","1":"product","2":"type-product","3":"status-publish","4":"has-post-thumbnail","6":"product_brand-simagic","7":"product_cat-sim-racing-accessories","8":"product_tag-pedal-accessories","9":"product_tag-sim-racing","10":"product_tag-sim-racing-accessories","11":"product_tag-simagic","13":"first","14":"instock","15":"taxable","16":"shipping-taxable","17":"purchasable","18":"product-type-simple"},"acf":[],"_links":{"self":[{"href":"https:\/\/www.noxgaming.ca\/fr\/wp-json\/wp\/v2\/product\/4346","targetHints":{"allow":["GET"]}}],"collection":[{"href":"https:\/\/www.noxgaming.ca\/fr\/wp-json\/wp\/v2\/product"}],"about":[{"href":"https:\/\/www.noxgaming.ca\/fr\/wp-json\/wp\/v2\/types\/product"}],"wp:featuredmedia":[{"embeddable":true,"href":"https:\/\/www.noxgaming.ca\/fr\/wp-json\/wp\/v2\/media\/4347"}],"wp:attachment":[{"href":"https:\/\/www.noxgaming.ca\/fr\/wp-json\/wp\/v2\/media?parent=4346"}],"wp:term":[{"taxonomy":"product_brand","embeddable":true,"href":"https:\/\/www.noxgaming.ca\/fr\/wp-json\/wp\/v2\/product_brand?post=4346"},{"taxonomy":"product_cat","embeddable":true,"href":"https:\/\/www.noxgaming.ca\/fr\/wp-json\/wp\/v2\/product_cat?post=4346"},{"taxonomy":"product_tag","embeddable":true,"href":"https:\/\/www.noxgaming.ca\/fr\/wp-json\/wp\/v2\/product_tag?post=4346"}],"curies":[{"name":"wp","href":"https:\/\/api.w.org\/{rel}","templated":true}]}}