{"id":4344,"date":"2024-05-27T18:02:02","date_gmt":"2024-05-27T22:02:02","guid":{"rendered":"https:\/\/www.noxgaming.ca\/product\/simagic-p1000i-p-hysi-frein-hydraulique-add-on\/"},"modified":"2026-04-17T13:49:08","modified_gmt":"2026-04-17T17:49:08","slug":"simagic-p1000i-p-hysi-frein-hydraulique-add-on","status":"publish","type":"product","link":"https:\/\/www.noxgaming.ca\/fr\/product\/simagic-p1000i-p-hysi-frein-hydraulique-add-on\/","title":{"rendered":"SIMAGIC P1000I P-HYSIQUE FREIN HYDRAULIQUE COMPL\u00c9MENTAIRE"},"content":{"rendered":"<p>Ce kit permet de faire \u00e9voluer les p\u00e9dales SIMAGIC P1000 vers un syst\u00e8me de freinage hydraulique. Il remplace le syst\u00e8me \u00e0 pression standard par un syst\u00e8me hydraulique combin\u00e9. Ce kit permet de mettre \u00e0 niveau un p\u00e9dalier P1000. D\u00e9velopp\u00e9 exclusivement par les ing\u00e9nieurs de course SIMAGIC. Le tout nouveau syst\u00e8me de freinage hydraulique de la s\u00e9rie P-HYS recr\u00e9e fid\u00e8lement les sensations du syst\u00e8me de freinage d'une vraie voiture de course. Meilleure sensation, meilleure performance.<\/p>\n<p><b>Aluminium usin\u00e9 CNC<br \/>\n<\/b><b><br \/>\nCompatibilit\u00e9 : <\/b>P1000i (invers\u00e9)<\/p>","protected":false},"excerpt":{"rendered":"<p>This kit enables SIMAGIC P1000 pedals to be upgraded to a hydraulic braking system. It replaces the standard pressure system with a combined hydraulic system. This kit allows you to upgrade a P1000 crankset. Developed exclusively by SIMAGIC racing engineers. The all-new hydraulic braking system of the P-HYS series faithfully recreates the feel of a [&hellip;]<\/p>\n","protected":false},"featured_media":4343,"template":"","meta":{"_acf_changed":false},"product_brand":[334],"product_cat":[481],"product_tag":[340,335,341,336],"class_list":{"0":"post-4344","1":"product","2":"type-product","3":"status-publish","4":"has-post-thumbnail","6":"product_brand-simagic","7":"product_cat-sim-racing-accessories","8":"product_tag-pedal-accessories","9":"product_tag-sim-racing","10":"product_tag-sim-racing-accessories","11":"product_tag-simagic","13":"first","14":"onbackorder","15":"taxable","16":"shipping-taxable","17":"purchasable","18":"product-type-simple"},"acf":[],"_links":{"self":[{"href":"https:\/\/www.noxgaming.ca\/fr\/wp-json\/wp\/v2\/product\/4344","targetHints":{"allow":["GET"]}}],"collection":[{"href":"https:\/\/www.noxgaming.ca\/fr\/wp-json\/wp\/v2\/product"}],"about":[{"href":"https:\/\/www.noxgaming.ca\/fr\/wp-json\/wp\/v2\/types\/product"}],"wp:featuredmedia":[{"embeddable":true,"href":"https:\/\/www.noxgaming.ca\/fr\/wp-json\/wp\/v2\/media\/4343"}],"wp:attachment":[{"href":"https:\/\/www.noxgaming.ca\/fr\/wp-json\/wp\/v2\/media?parent=4344"}],"wp:term":[{"taxonomy":"product_brand","embeddable":true,"href":"https:\/\/www.noxgaming.ca\/fr\/wp-json\/wp\/v2\/product_brand?post=4344"},{"taxonomy":"product_cat","embeddable":true,"href":"https:\/\/www.noxgaming.ca\/fr\/wp-json\/wp\/v2\/product_cat?post=4344"},{"taxonomy":"product_tag","embeddable":true,"href":"https:\/\/www.noxgaming.ca\/fr\/wp-json\/wp\/v2\/product_tag?post=4344"}],"curies":[{"name":"wp","href":"https:\/\/api.w.org\/{rel}","templated":true}]}}