{"id":4341,"date":"2024-05-27T18:05:03","date_gmt":"2024-05-27T22:05:03","guid":{"rendered":"https:\/\/www.noxgaming.ca\/product\/simagic-p1000-p-hts-accelerateur-hydraulique-add-on\/"},"modified":"2026-04-17T13:49:06","modified_gmt":"2026-04-17T17:49:06","slug":"simagic-p1000-p-hts-accelerateur-hydraulique-add-on","status":"publish","type":"product","link":"https:\/\/www.noxgaming.ca\/fr\/product\/simagic-p1000-p-hts-accelerateur-hydraulique-add-on\/","title":{"rendered":"SIMAGIC P1000 P-HTS P\u00c9DALE D'ACC\u00c9L\u00c9RATEUR HYDRAULIQUE ADD-ON"},"content":{"rendered":"<p>Ce kit permet d'\u00e9quiper les p\u00e9dales SIMAGIC P1000 d'un syst\u00e8me d'acc\u00e9l\u00e9ration hydraulique.<\/p>\n<p><b>Amortisseur r\u00e9glable sur 6 positions :<\/b> R\u00e8gle l'amortisseur pr\u00e9cis\u00e9ment en fonction de tes besoins. Profite d'une exp\u00e9rience de conduite plus r\u00e9aliste.<br \/>\n<b>Structure \u00e0 d\u00e9gagement rapide :<\/b> conception unique de fixation rapide pour un assemblage facile. Maintenant, m\u00eame tes p\u00e9dales ont un syst\u00e8me de fixation rapide !<br \/>\n<b>Connecteur en graphite-cuivre :<\/b> utilise du graphite-cuivre pour une meilleure r\u00e9sistance \u00e0 l'usure. Maintient la stabilit\u00e9 sur de longues p\u00e9riodes d'utilisation.<br \/>\n<b>Compatible avec P1000<\/b><b> Invers\u00e9 :<\/b> conception polyvalente, permettant une installation en mode invers\u00e9. Le r\u00e9alisme ne conna\u00eet pas de limites<\/p>\n<p><b>Aluminium usin\u00e9 CNC<br \/>\n<\/b><b><br \/>\nCompatibilit\u00e9 : <\/b>P1000 toutes les versions<\/p>","protected":false},"excerpt":{"rendered":"<p>This kit upgrades SIMAGIC P1000 pedals to a hydraulic throttle system. 6-position adjustable shock absorber: set the shock absorber precisely to your needs. Enjoy a more realistic driving experience. Quick-release structure: unique quick-release design for easy assembly. Now even your pedals have a quick-release system! Graphite-copper connector: uses graphite-copper for improved wear resistance. Maintains stability [&hellip;]<\/p>\n","protected":false},"featured_media":430430,"template":"","meta":{"_acf_changed":false},"product_brand":[334],"product_cat":[481],"product_tag":[340,335,341,336],"class_list":{"0":"post-4341","1":"product","2":"type-product","3":"status-publish","4":"has-post-thumbnail","6":"product_brand-simagic","7":"product_cat-sim-racing-accessories","8":"product_tag-pedal-accessories","9":"product_tag-sim-racing","10":"product_tag-sim-racing-accessories","11":"product_tag-simagic","13":"first","14":"instock","15":"taxable","16":"shipping-taxable","17":"purchasable","18":"product-type-simple"},"acf":[],"_links":{"self":[{"href":"https:\/\/www.noxgaming.ca\/fr\/wp-json\/wp\/v2\/product\/4341","targetHints":{"allow":["GET"]}}],"collection":[{"href":"https:\/\/www.noxgaming.ca\/fr\/wp-json\/wp\/v2\/product"}],"about":[{"href":"https:\/\/www.noxgaming.ca\/fr\/wp-json\/wp\/v2\/types\/product"}],"wp:featuredmedia":[{"embeddable":true,"href":"https:\/\/www.noxgaming.ca\/fr\/wp-json\/wp\/v2\/media\/430430"}],"wp:attachment":[{"href":"https:\/\/www.noxgaming.ca\/fr\/wp-json\/wp\/v2\/media?parent=4341"}],"wp:term":[{"taxonomy":"product_brand","embeddable":true,"href":"https:\/\/www.noxgaming.ca\/fr\/wp-json\/wp\/v2\/product_brand?post=4341"},{"taxonomy":"product_cat","embeddable":true,"href":"https:\/\/www.noxgaming.ca\/fr\/wp-json\/wp\/v2\/product_cat?post=4341"},{"taxonomy":"product_tag","embeddable":true,"href":"https:\/\/www.noxgaming.ca\/fr\/wp-json\/wp\/v2\/product_tag?post=4341"}],"curies":[{"name":"wp","href":"https:\/\/api.w.org\/{rel}","templated":true}]}}