{"id":4335,"date":"2024-05-27T18:05:03","date_gmt":"2024-05-27T22:05:03","guid":{"rendered":"https:\/\/www.noxgaming.ca\/product\/simagic-side-throttle-pour-p2000\/"},"modified":"2026-04-17T13:48:58","modified_gmt":"2026-04-17T17:48:58","slug":"simagic-side-throttle-pour-p2000","status":"publish","type":"product","link":"https:\/\/www.noxgaming.ca\/fr\/product\/simagic-side-throttle-pour-p2000\/","title":{"rendered":"SIMAGIC SIDE THROTTLE FOR P2000"},"content":{"rendered":"<p>La plaque lat\u00e9rale de Simagic est en aluminium.<\/p>\n<p>Id\u00e9al pour \u00e9viter que ton pied ne glisse sur la p\u00e9dale.<br \/>\nAssure-toi toujours d'\u00eatre dans la bonne position pour exploiter pleinement la puissance et la pr\u00e9cision des p\u00e9dales Simagic P2000. La plaque lat\u00e9rale Simagic garantit que ton pied est toujours dans la bonne position, ce qui te permet de rouler avec des sensations parfaites et d'\u00e9viter que ton pied ne glisse de la p\u00e9dale.<\/p>","protected":false},"excerpt":{"rendered":"<p>The Simagic side plate is made of aluminum. Ideal for preventing your foot from slipping off the pedal. Always make sure you&#8217;re in the right position to fully exploit the power and precision of Simagic P2000 pedals. The Simagic side plate ensures that your foot is always in the right position, so you can ride [&hellip;]<\/p>\n","protected":false},"featured_media":4336,"template":"","meta":{"_acf_changed":false},"product_brand":[334],"product_cat":[481],"product_tag":[340,335,341,336],"class_list":{"0":"post-4335","1":"product","2":"type-product","3":"status-publish","4":"has-post-thumbnail","6":"product_brand-simagic","7":"product_cat-sim-racing-accessories","8":"product_tag-pedal-accessories","9":"product_tag-sim-racing","10":"product_tag-sim-racing-accessories","11":"product_tag-simagic","13":"first","14":"instock","15":"taxable","16":"shipping-taxable","17":"purchasable","18":"product-type-simple"},"acf":[],"_links":{"self":[{"href":"https:\/\/www.noxgaming.ca\/fr\/wp-json\/wp\/v2\/product\/4335","targetHints":{"allow":["GET"]}}],"collection":[{"href":"https:\/\/www.noxgaming.ca\/fr\/wp-json\/wp\/v2\/product"}],"about":[{"href":"https:\/\/www.noxgaming.ca\/fr\/wp-json\/wp\/v2\/types\/product"}],"wp:featuredmedia":[{"embeddable":true,"href":"https:\/\/www.noxgaming.ca\/fr\/wp-json\/wp\/v2\/media\/4336"}],"wp:attachment":[{"href":"https:\/\/www.noxgaming.ca\/fr\/wp-json\/wp\/v2\/media?parent=4335"}],"wp:term":[{"taxonomy":"product_brand","embeddable":true,"href":"https:\/\/www.noxgaming.ca\/fr\/wp-json\/wp\/v2\/product_brand?post=4335"},{"taxonomy":"product_cat","embeddable":true,"href":"https:\/\/www.noxgaming.ca\/fr\/wp-json\/wp\/v2\/product_cat?post=4335"},{"taxonomy":"product_tag","embeddable":true,"href":"https:\/\/www.noxgaming.ca\/fr\/wp-json\/wp\/v2\/product_tag?post=4335"}],"curies":[{"name":"wp","href":"https:\/\/api.w.org\/{rel}","templated":true}]}}