{"id":433267,"date":"2026-04-27T10:17:59","date_gmt":"2026-04-27T14:17:59","guid":{"rendered":"https:\/\/www.noxgaming.ca\/?post_type=product&#038;p=433267"},"modified":"2026-04-27T11:35:39","modified_gmt":"2026-04-27T15:35:39","slug":"n-stock-custom-one-off-gaming-pc-ready-to-ship-amd-ryzen-5-7600x-rtx-5060-ti-8gb-16gb-ddr5-cl38-rgb-1tb-nvme-4-0-ssd","status":"publish","type":"product","link":"https:\/\/www.noxgaming.ca\/fr\/product\/n-stock-custom-one-off-gaming-pc-ready-to-ship-amd-ryzen-5-7600x-rtx-5060-ti-8gb-16gb-ddr5-cl38-rgb-1tb-nvme-4-0-ssd\/","title":{"rendered":"EN STOCK \u2013 PC Gaming Personnalis\u00e9 Unique \u2013 Pr\u00eat \u00e0 \u00eatre exp\u00e9di\u00e9 | AMD Ryzen 5 7600X | RTX 5060 Ti 8 Go | 16 Go DDR5 CL38 RGB | SSD NVMe 4.0 1 To"},"content":{"rendered":"","protected":false},"excerpt":{"rendered":"","protected":false},"featured_media":433270,"template":"","meta":{"_acf_changed":false},"product_brand":[313],"product_cat":[515],"product_tag":[],"class_list":{"0":"post-433267","1":"product","2":"type-product","3":"status-publish","4":"has-post-thumbnail","6":"product_brand-nox-gaming","7":"product_cat-ready-to-ship-gaming-pc","9":"first","10":"instock","11":"taxable","12":"shipping-taxable","13":"purchasable","14":"product-type-simple"},"acf":[],"_links":{"self":[{"href":"https:\/\/www.noxgaming.ca\/fr\/wp-json\/wp\/v2\/product\/433267","targetHints":{"allow":["GET"]}}],"collection":[{"href":"https:\/\/www.noxgaming.ca\/fr\/wp-json\/wp\/v2\/product"}],"about":[{"href":"https:\/\/www.noxgaming.ca\/fr\/wp-json\/wp\/v2\/types\/product"}],"wp:featuredmedia":[{"embeddable":true,"href":"https:\/\/www.noxgaming.ca\/fr\/wp-json\/wp\/v2\/media\/433270"}],"wp:attachment":[{"href":"https:\/\/www.noxgaming.ca\/fr\/wp-json\/wp\/v2\/media?parent=433267"}],"wp:term":[{"taxonomy":"product_brand","embeddable":true,"href":"https:\/\/www.noxgaming.ca\/fr\/wp-json\/wp\/v2\/product_brand?post=433267"},{"taxonomy":"product_cat","embeddable":true,"href":"https:\/\/www.noxgaming.ca\/fr\/wp-json\/wp\/v2\/product_cat?post=433267"},{"taxonomy":"product_tag","embeddable":true,"href":"https:\/\/www.noxgaming.ca\/fr\/wp-json\/wp\/v2\/product_tag?post=433267"}],"curies":[{"name":"wp","href":"https:\/\/api.w.org\/{rel}","templated":true}]}}