{"id":4331,"date":"2024-05-27T18:05:03","date_gmt":"2024-05-27T22:05:03","guid":{"rendered":"https:\/\/www.noxgaming.ca\/product\/simagic-carpet\/"},"modified":"2026-04-17T13:48:51","modified_gmt":"2026-04-17T17:48:51","slug":"simagic-carpet","status":"publish","type":"product","link":"https:\/\/www.noxgaming.ca\/fr\/product\/simagic-carpet\/","title":{"rendered":"TAPIS DE SOL SIMAGIC"},"content":{"rendered":"","protected":false},"excerpt":{"rendered":"<h3 style=\"text-align: left;\"><strong>Tapis de sol Simagic<\/strong><\/h3>\n<p>&nbsp;<\/p>\n<div style=\"text-align: left;\">\n<div>Fabriqu\u00e9 en caoutchouc thermoplastique, le tapis Simagic pr\u00e9sente une surface antid\u00e9rapante qui s'agrippe fermement, offrant une stabilit\u00e9 optimale pendant les sessions de jeu intenses.<\/div>\n<div>L'une des caract\u00e9ristiques les plus appr\u00e9ci\u00e9es du tapis est son rembourrage qui absorbe les chocs.<\/div>\n<\/div>\n<p><b>Informations :<\/b><\/p>\n<ul>\n<li style=\"text-align: left;\">Marque : Simagic<\/li>\n<li style=\"text-align: left;\">Mat\u00e9riaux : TPR + Leath-Aire<\/li>\n<li style=\"text-align: left;\">Processus de fabrication : Caoutchouc thermoplastique<\/li>\n<li style=\"text-align: left;\">Dimensions du sol : 186 x 96cm<\/li>\n<li style=\"text-align: left;\">\u00c9paisseur : 3,5 mm<\/li>\n<li style=\"text-align: left;\">Poids : 3,8 kg<\/li>\n<\/ul>","protected":false},"featured_media":4332,"template":"","meta":{"_acf_changed":false},"product_brand":[334],"product_cat":[487,481],"product_tag":[352,335,341,336],"class_list":{"0":"post-4331","1":"product","2":"type-product","3":"status-publish","4":"has-post-thumbnail","6":"product_brand-simagic","7":"product_cat-chassis-frame-accessories","8":"product_cat-sim-racing-accessories","9":"product_tag-frame-accessories","10":"product_tag-sim-racing","11":"product_tag-sim-racing-accessories","12":"product_tag-simagic","14":"first","15":"onbackorder","16":"taxable","17":"shipping-taxable","18":"purchasable","19":"product-type-simple"},"acf":[],"_links":{"self":[{"href":"https:\/\/www.noxgaming.ca\/fr\/wp-json\/wp\/v2\/product\/4331","targetHints":{"allow":["GET"]}}],"collection":[{"href":"https:\/\/www.noxgaming.ca\/fr\/wp-json\/wp\/v2\/product"}],"about":[{"href":"https:\/\/www.noxgaming.ca\/fr\/wp-json\/wp\/v2\/types\/product"}],"wp:featuredmedia":[{"embeddable":true,"href":"https:\/\/www.noxgaming.ca\/fr\/wp-json\/wp\/v2\/media\/4332"}],"wp:attachment":[{"href":"https:\/\/www.noxgaming.ca\/fr\/wp-json\/wp\/v2\/media?parent=4331"}],"wp:term":[{"taxonomy":"product_brand","embeddable":true,"href":"https:\/\/www.noxgaming.ca\/fr\/wp-json\/wp\/v2\/product_brand?post=4331"},{"taxonomy":"product_cat","embeddable":true,"href":"https:\/\/www.noxgaming.ca\/fr\/wp-json\/wp\/v2\/product_cat?post=4331"},{"taxonomy":"product_tag","embeddable":true,"href":"https:\/\/www.noxgaming.ca\/fr\/wp-json\/wp\/v2\/product_tag?post=4331"}],"curies":[{"name":"wp","href":"https:\/\/api.w.org\/{rel}","templated":true}]}}