{"id":432806,"date":"2026-04-16T11:37:30","date_gmt":"2026-04-16T15:37:30","guid":{"rendered":"https:\/\/www.noxgaming.ca\/?post_type=product&#038;p=432806"},"modified":"2026-04-17T16:19:49","modified_gmt":"2026-04-17T20:19:49","slug":"n-stock-custom-one-off-gaming-pc-ready-to-ship-amd-ryzen-5-9600x-rtx-5060-ti-8gb-16gb-ddr5-cl38-rgb-1tb-nvme-4-0-ssd","status":"publish","type":"product","link":"https:\/\/www.noxgaming.ca\/fr\/product\/n-stock-custom-one-off-gaming-pc-ready-to-ship-amd-ryzen-5-9600x-rtx-5060-ti-8gb-16gb-ddr5-cl38-rgb-1tb-nvme-4-0-ssd\/","title":{"rendered":"EN STOCK \u2013 PC Gamer personnalis\u00e9 unique \u2013 Pr\u00eat \u00e0 exp\u00e9dier | AMD Ryzen 5 9600X | RTX 5060 Ti 8 Go | 16 Go DDR5 CL38 RVB | SSD NVMe 4.0 1 To"},"content":{"rendered":"","protected":false},"excerpt":{"rendered":"","protected":false},"featured_media":432812,"template":"","meta":{"_acf_changed":false},"product_brand":[313],"product_cat":[515],"product_tag":[],"class_list":{"0":"post-432806","1":"product","2":"type-product","3":"status-publish","4":"has-post-thumbnail","6":"product_brand-nox-gaming","7":"product_cat-ready-to-ship-gaming-pc","9":"first","10":"instock","11":"taxable","12":"shipping-taxable","13":"purchasable","14":"product-type-simple"},"acf":[],"_links":{"self":[{"href":"https:\/\/www.noxgaming.ca\/fr\/wp-json\/wp\/v2\/product\/432806","targetHints":{"allow":["GET"]}}],"collection":[{"href":"https:\/\/www.noxgaming.ca\/fr\/wp-json\/wp\/v2\/product"}],"about":[{"href":"https:\/\/www.noxgaming.ca\/fr\/wp-json\/wp\/v2\/types\/product"}],"wp:featuredmedia":[{"embeddable":true,"href":"https:\/\/www.noxgaming.ca\/fr\/wp-json\/wp\/v2\/media\/432812"}],"wp:attachment":[{"href":"https:\/\/www.noxgaming.ca\/fr\/wp-json\/wp\/v2\/media?parent=432806"}],"wp:term":[{"taxonomy":"product_brand","embeddable":true,"href":"https:\/\/www.noxgaming.ca\/fr\/wp-json\/wp\/v2\/product_brand?post=432806"},{"taxonomy":"product_cat","embeddable":true,"href":"https:\/\/www.noxgaming.ca\/fr\/wp-json\/wp\/v2\/product_cat?post=432806"},{"taxonomy":"product_tag","embeddable":true,"href":"https:\/\/www.noxgaming.ca\/fr\/wp-json\/wp\/v2\/product_tag?post=432806"}],"curies":[{"name":"wp","href":"https:\/\/api.w.org\/{rel}","templated":true}]}}