{"id":432504,"date":"2026-04-09T16:24:45","date_gmt":"2026-04-09T20:24:45","guid":{"rendered":"https:\/\/www.noxgaming.ca\/?post_type=product&#038;p=432504"},"modified":"2026-04-17T13:38:04","modified_gmt":"2026-04-17T17:38:04","slug":"vpg-sim-racing-duo-mode-paddles-for-vpg-steering-wheel","status":"publish","type":"product","link":"https:\/\/www.noxgaming.ca\/fr\/product\/vpg-sim-racing-duo-mode-paddles-for-vpg-steering-wheel\/","title":{"rendered":"Paddles VPG Sim Racing Duo-Mode pour volant VPG"},"content":{"rendered":"<p>Chaque autre roue vous fait d\u00e9cider de ce que sont vos palettes. Nous avons rendu cette d\u00e9cision obsol\u00e8te.<\/p>\n<p>Nos palettes analogiques peuvent fonctionner comme un embrayage, un bouton, ou les deux en m\u00eame temps gr\u00e2ce \u00e0 notre DUO-MODE\u2122 r\u00e9volutionnaire. Chaque palette bascule dynamiquement en fonction de la configuration et de ce que fait la voiture, le tout aliment\u00e9 par le NOUVEAU plugin VPG d\u00e9di\u00e9 d\u00e9velopp\u00e9 en collaboration avec DNR.<\/p>","protected":false},"excerpt":{"rendered":"<p>Every other wheel makes you decide what your paddles are. We just made that decision obsolete. Our analog paddles can function as Clutch, Button, or both at the same time with our revolutionary DUO-MODE\u2122. Each paddle dynamically switches based on how you configure it and what the car is doing, all powered by the NEW [&hellip;]<\/p>\n","protected":false},"featured_media":432505,"template":"","meta":{"_acf_changed":false},"product_brand":[577],"product_cat":[481],"product_tag":[],"class_list":{"0":"post-432504","1":"product","2":"type-product","3":"status-publish","4":"has-post-thumbnail","6":"product_brand-vpg-sim","7":"product_cat-sim-racing-accessories","9":"first","10":"instock","11":"taxable","12":"shipping-taxable","13":"purchasable","14":"product-type-simple"},"acf":[],"_links":{"self":[{"href":"https:\/\/www.noxgaming.ca\/fr\/wp-json\/wp\/v2\/product\/432504","targetHints":{"allow":["GET"]}}],"collection":[{"href":"https:\/\/www.noxgaming.ca\/fr\/wp-json\/wp\/v2\/product"}],"about":[{"href":"https:\/\/www.noxgaming.ca\/fr\/wp-json\/wp\/v2\/types\/product"}],"wp:featuredmedia":[{"embeddable":true,"href":"https:\/\/www.noxgaming.ca\/fr\/wp-json\/wp\/v2\/media\/432505"}],"wp:attachment":[{"href":"https:\/\/www.noxgaming.ca\/fr\/wp-json\/wp\/v2\/media?parent=432504"}],"wp:term":[{"taxonomy":"product_brand","embeddable":true,"href":"https:\/\/www.noxgaming.ca\/fr\/wp-json\/wp\/v2\/product_brand?post=432504"},{"taxonomy":"product_cat","embeddable":true,"href":"https:\/\/www.noxgaming.ca\/fr\/wp-json\/wp\/v2\/product_cat?post=432504"},{"taxonomy":"product_tag","embeddable":true,"href":"https:\/\/www.noxgaming.ca\/fr\/wp-json\/wp\/v2\/product_tag?post=432504"}],"curies":[{"name":"wp","href":"https:\/\/api.w.org\/{rel}","templated":true}]}}